{"id":100,"date":"2014-01-29T08:59:59","date_gmt":"2014-01-29T08:59:59","guid":{"rendered":"http:\/\/sy-bahati.de\/?page_id=100"},"modified":"2014-10-24T15:17:28","modified_gmt":"2014-10-24T15:17:28","slug":"trainings","status":"publish","type":"page","link":"https:\/\/sy-bahati.de\/?page_id=100","title":{"rendered":"Trainings"},"content":{"rendered":"<p><a title=\"Sicherheitstraining\" href=\"https:\/\/sy-bahati.de\/?page_id=103\">SICHERHEIT<\/a>\u00a0\u00a0 <a title=\"Medizin\" href=\"https:\/\/sy-bahati.de\/?page_id=1430\">MEDIZIN<\/a>\u00a0\u00a0\u00a0\u00a0<a title=\"LRC\" href=\"https:\/\/sy-bahati.de\/?page_id=135\">LRC<\/a>\u00a0\u00a0 <a title=\"SSS \u2013 Sport See Schifferschein\" href=\"https:\/\/sy-bahati.de\/?page_id=529\">SSS<\/a><\/p>\n<p>Praktische und theoretische Trainings und Seminare bilden die Grundlage f\u00fcr unser K\u00f6nnen. Viele Dinge werden (hoffentlich) nie geschehen. Wenn aber doch, dann ist es von gro\u00dfem Vorteil so etwas schon einmal trainiert zu haben. Situationen besser einsch\u00e4tzen und in Notf\u00e4llen besser zu reagieren. Das kann, im schlimmsten Fall, \u00fcber Leben und Tod entscheiden. Daher sind Trainings\u00a0immens wichtig. Lieber zu viel als nur eines zu wenig.<\/p>\n","protected":false},"excerpt":{"rendered":"<p>SICHERHEIT\u00a0\u00a0 MEDIZIN\u00a0\u00a0\u00a0\u00a0LRC\u00a0\u00a0 SSS Praktische und theoretische Trainings und Seminare bilden die Grundlage f\u00fcr unser K\u00f6nnen. Viele Dinge werden (hoffentlich) nie geschehen. Wenn aber doch, dann ist es von gro\u00dfem Vorteil so etwas schon einmal trainiert zu haben. Situationen besser einsch\u00e4tzen &hellip; <a href=\"https:\/\/sy-bahati.de\/?page_id=100\">Weiterlesen <span class=\"meta-nav\">&rarr;<\/span><\/a><\/p>\n","protected":false},"author":1,"featured_media":0,"parent":98,"menu_order":0,"comment_status":"closed","ping_status":"closed","template":"sidebar-page.php","meta":{"_exactmetrics_skip_tracking":false,"_exactmetrics_sitenote_active":false,"_exactmetrics_sitenote_note":"","_exactmetrics_sitenote_category":0,"footnotes":""},"class_list":["post-100","page","type-page","status-publish","hentry"],"_links":{"self":[{"href":"https:\/\/sy-bahati.de\/index.php?rest_route=\/wp\/v2\/pages\/100","targetHints":{"allow":["GET"]}}],"collection":[{"href":"https:\/\/sy-bahati.de\/index.php?rest_route=\/wp\/v2\/pages"}],"about":[{"href":"https:\/\/sy-bahati.de\/index.php?rest_route=\/wp\/v2\/types\/page"}],"author":[{"embeddable":true,"href":"https:\/\/sy-bahati.de\/index.php?rest_route=\/wp\/v2\/users\/1"}],"replies":[{"embeddable":true,"href":"https:\/\/sy-bahati.de\/index.php?rest_route=%2Fwp%2Fv2%2Fcomments&post=100"}],"version-history":[{"count":12,"href":"https:\/\/sy-bahati.de\/index.php?rest_route=\/wp\/v2\/pages\/100\/revisions"}],"predecessor-version":[{"id":1432,"href":"https:\/\/sy-bahati.de\/index.php?rest_route=\/wp\/v2\/pages\/100\/revisions\/1432"}],"up":[{"embeddable":true,"href":"https:\/\/sy-bahati.de\/index.php?rest_route=\/wp\/v2\/pages\/98"}],"wp:attachment":[{"href":"https:\/\/sy-bahati.de\/index.php?rest_route=%2Fwp%2Fv2%2Fmedia&parent=100"}],"curies":[{"name":"wp","href":"https:\/\/api.w.org\/{rel}","templated":true}]}}