{"id":111,"date":"2014-01-29T13:40:58","date_gmt":"2014-01-29T13:40:58","guid":{"rendered":"http:\/\/sy-bahati.de\/?page_id=111"},"modified":"2014-11-11T15:01:28","modified_gmt":"2014-11-11T15:01:28","slug":"aufruestung","status":"publish","type":"page","link":"https:\/\/sy-bahati.de\/?page_id=111","title":{"rendered":"Yacht Aufr\u00fcstung"},"content":{"rendered":"<p>Eine \u00dcbersicht unserer Aufr\u00fcstung bietet die nachfolgende Liste. Hinter den Links verbergen sich teils einfache Erl\u00e4uterungen als auch umfangreichere Beschreibungen.<\/p>\n<p>Die folgenden Gegenst\u00e4nde wurden von uns ersetzt:<\/p>\n<ul>\n<li>3 ABC-Pulver-<a title=\"Feuer\" href=\"https:\/\/sy-bahati.de\/?page_id=1423\">Feuerl\u00f6scher<\/a> mit h\u00f6herem Inhalt von 6kg<\/li>\n<li>Radarreflektor<a title=\"Radarreflektor\" href=\"https:\/\/sy-bahati.de\/?page_id=475\">\u00a0Echomax EM230 <\/a>Midi mit 20qm Reflexionsfl\u00e4che<\/li>\n<li>Rettungsinsel <a title=\"Rettungsinsel\" href=\"https:\/\/sy-bahati.de\/?page_id=221\">Viking Resc You Pro <\/a>f\u00fcr 6 Personen mit ISO Pack II inkl. Heckkorbhalterung<\/li>\n<li>AIS-Empf\u00e4nger durch <a title=\"AIS\" href=\"https:\/\/sy-bahati.de\/?page_id=172\">AdvanSea AIS Transmitter <\/a>TR-200 inkl. Splitter und Notantenne<\/li>\n<li>Ankerlicht durch<a title=\"LED\" href=\"https:\/\/sy-bahati.de\/?page_id=251\"> LED <\/a>aquasignal Tricolor &amp; Anker<\/li>\n<li>Suchscheinwerfer Hella 12V mit 55W + 110W Ersatzleuchtmittel<\/li>\n<li>je 4 <a title=\"Comet\" href=\"https:\/\/sy-bahati.de\/?page_id=288\">Comet<\/a> Handfackeln rot und wei\u00df und 2 orange<\/li>\n<li>2 Comet Raucht\u00f6pfe orange<\/li>\n<li>6 Comet Fallschirmraketen mit Solas-Zulassung<\/li>\n<li><a title=\"Rettungswesten\" href=\"https:\/\/sy-bahati.de\/?page_id=275\">Rettungswesten<\/a> SECUMAR Bolero 275\u00a0mit Sprayhaube und Seenotleuchte<\/li>\n<\/ul>\n<p>Die Aufr\u00fcstung erfolgte\u00a0durch die Anschaffung folgender Gegenst\u00e4nde:<\/p>\n<ul>\n<li><a title=\"Feuer\" href=\"https:\/\/sy-bahati.de\/?page_id=1423\">L\u00f6schdecke<\/a><\/li>\n<li>Secumar SECULIFT <a title=\"Rettungswurfleine\" href=\"https:\/\/sy-bahati.de\/?page_id=1249\">Rettungswurfleine<\/a><\/li>\n<li>Plastimo teleskopische <a title=\"IOR-Teleskopboje\" href=\"https:\/\/sy-bahati.de\/?page_id=1254\">IOR Boje<\/a> mit Halterung und Beleuchtungsset<\/li>\n<li>Plastimo <a title=\"IOR-Teleskopboje\" href=\"https:\/\/sy-bahati.de\/?page_id=1254\">Rettungskragen<\/a> f\u00fcr IOR Boje<\/li>\n<li>KANNAD SafeLink <a title=\"EPIRB\" href=\"https:\/\/sy-bahati.de\/?page_id=283\">EPIRB<\/a><\/li>\n<li><a title=\"Windpilot\" href=\"https:\/\/sy-bahati.de\/?page_id=127\">WINDPILOT Windsteuersystem Pacific MF3 Rad<\/a><\/li>\n<li>wegnehmbares <a title=\"Kutterstag\" href=\"https:\/\/sy-bahati.de\/?page_id=486\">Kutterstag<\/a> aus Dyneema<\/li>\n<li>2. Spibaum<\/li>\n<li>Mittelwindgenua 140% aus Dacron Tuch 240g\/qm<\/li>\n<li><a title=\"Solarzellen\" href=\"https:\/\/sy-bahati.de\/?page_id=671\">Solarzellen<\/a><\/li>\n<li><a title=\"Medizinkoffer\" href=\"https:\/\/sy-bahati.de\/?page_id=1418\">Medizin-Koffer<\/a><\/li>\n<li><a title=\"Leckpfropfen\" href=\"https:\/\/sy-bahati.de\/?page_id=1275\">Leckpfropfen<\/a><\/li>\n<li>Bimini<\/li>\n<li><a title=\"Satellitentelefon\" href=\"https:\/\/sy-bahati.de\/?page_id=1161\">Satellitentelefon<\/a><\/li>\n<li>Bootsstempel<\/li>\n<li>zus\u00e4tzliche P\u00fctz (Eimer)<\/li>\n<li><a title=\"Wasserschlauch\" href=\"https:\/\/sy-bahati.de\/?page_id=1413\">Wasserschlauch<\/a> mit verschiedenen Adaptern<\/li>\n<li>Universal-Gasanschluss<\/li>\n<li>Netz-Adapter (Stecker)<\/li>\n<li><a title=\"AIS easyRESCUE\" href=\"https:\/\/sy-bahati.de\/?page_id=1407\">AIS easyRescue-A<\/a><\/li>\n<li><a title=\"Life Line\" href=\"https:\/\/sy-bahati.de\/?page_id=1260\">Life-Line<\/a> (Wichard)<\/li>\n<li><a title=\"Signalflaggen\" href=\"https:\/\/sy-bahati.de\/?page_id=1451\">Signalflaggensatz<\/a><\/li>\n<\/ul>\n<p>Weitere Ausr\u00fcstungsteile k\u00f6nnten noch angeschafft werden:<\/p>\n<ul>\n<li>Alarmanlage<\/li>\n<\/ul>\n<p>Die folgenden Ersatzteile wurden von uns noch zus\u00e4tzlich beschafft:<\/p>\n<ul>\n<li><a title=\"Reparaturset Segel\" href=\"https:\/\/sy-bahati.de\/?page_id=1531\">Segel<\/a><\/li>\n<li><a title=\"Reparaturset Winschen\" href=\"https:\/\/sy-bahati.de\/?page_id=1536\">Winschen<\/a><\/li>\n<\/ul>\n<p><a title=\"Die Vorbereitung\" href=\"https:\/\/sy-bahati.de\/?page_id=98\">ZUR\u00dcCK<\/a><\/p>\n<p style=\"text-align: right;\">29.01.2014<\/p>\n<p style=\"text-align: right;\">Update 06.08.2014<\/p>\n","protected":false},"excerpt":{"rendered":"<p>Eine \u00dcbersicht unserer Aufr\u00fcstung bietet die nachfolgende Liste. Hinter den Links verbergen sich teils einfache Erl\u00e4uterungen als auch umfangreichere Beschreibungen. Die folgenden Gegenst\u00e4nde wurden von uns ersetzt: 3 ABC-Pulver-Feuerl\u00f6scher mit h\u00f6herem Inhalt von 6kg Radarreflektor\u00a0Echomax EM230 Midi mit 20qm Reflexionsfl\u00e4che &hellip; <a href=\"https:\/\/sy-bahati.de\/?page_id=111\">Weiterlesen <span class=\"meta-nav\">&rarr;<\/span><\/a><\/p>\n","protected":false},"author":1,"featured_media":0,"parent":98,"menu_order":0,"comment_status":"closed","ping_status":"closed","template":"sidebar-page.php","meta":{"_exactmetrics_skip_tracking":false,"_exactmetrics_sitenote_active":false,"_exactmetrics_sitenote_note":"","_exactmetrics_sitenote_category":0,"footnotes":""},"class_list":["post-111","page","type-page","status-publish","hentry"],"_links":{"self":[{"href":"https:\/\/sy-bahati.de\/index.php?rest_route=\/wp\/v2\/pages\/111","targetHints":{"allow":["GET"]}}],"collection":[{"href":"https:\/\/sy-bahati.de\/index.php?rest_route=\/wp\/v2\/pages"}],"about":[{"href":"https:\/\/sy-bahati.de\/index.php?rest_route=\/wp\/v2\/types\/page"}],"author":[{"embeddable":true,"href":"https:\/\/sy-bahati.de\/index.php?rest_route=\/wp\/v2\/users\/1"}],"replies":[{"embeddable":true,"href":"https:\/\/sy-bahati.de\/index.php?rest_route=%2Fwp%2Fv2%2Fcomments&post=111"}],"version-history":[{"count":33,"href":"https:\/\/sy-bahati.de\/index.php?rest_route=\/wp\/v2\/pages\/111\/revisions"}],"predecessor-version":[{"id":1538,"href":"https:\/\/sy-bahati.de\/index.php?rest_route=\/wp\/v2\/pages\/111\/revisions\/1538"}],"up":[{"embeddable":true,"href":"https:\/\/sy-bahati.de\/index.php?rest_route=\/wp\/v2\/pages\/98"}],"wp:attachment":[{"href":"https:\/\/sy-bahati.de\/index.php?rest_route=%2Fwp%2Fv2%2Fmedia&parent=111"}],"curies":[{"name":"wp","href":"https:\/\/api.w.org\/{rel}","templated":true}]}}