{"id":1170,"date":"2014-08-07T08:40:36","date_gmt":"2014-08-07T08:40:36","guid":{"rendered":"http:\/\/sy-bahati.de\/?page_id=1170"},"modified":"2014-08-07T09:05:01","modified_gmt":"2014-08-07T09:05:01","slug":"outlook-fuer-sat","status":"publish","type":"page","link":"https:\/\/sy-bahati.de\/?page_id=1170","title":{"rendered":"Outlook f\u00fcr Sat"},"content":{"rendered":"<p>Hier m\u00f6chte ich exemplarisch die Einrichtung von Outlook 2010 f\u00fcr die Nutzung des Satellitentelefons Iridium 9555 beschreiben. Der Teufel liegt bekanntlich im Detail. Ich hatte meiner Meinung nach alles vorschriftsgem\u00e4\u00df eingerichtet. Der Microsoft-Selbsttest nach der Outlook-Einrichtung funktionierte fehlerfrei. Das Empfangen von e-Mails \u00fcber Satellit klappte auch. Nur die versendeten E-Mail kamen nicht an. Vermutlich lag der Fehler in der maximalen Modemgeschwindigkeit. Diese wird wohl standardm\u00e4\u00dfig auf 19.800 baud gesetzt. Das Satellitentelefon schafft nur 2.400. Beschrieben ist dieser Einrichtungsschritt nirgendwo.<br \/>\nAber nun die einzelnen Schritte in Outlook 2010:<br \/>\nUnter Kontoeinstellungen kann ein neues Konto eingerichtet oder ein bestehendes ge\u00e4ndert werden.<br \/>\n<a href=\"https:\/\/sy-bahati.de\/wp-content\/uploads\/2014\/08\/Kontoeinstellung.jpg\"><img loading=\"lazy\" decoding=\"async\" class=\"aligncenter size-full wp-image-1173\" src=\"https:\/\/sy-bahati.de\/wp-content\/uploads\/2014\/08\/Kontoeinstellung.jpg\" alt=\"Kontoeinstellung\" width=\"631\" height=\"507\" srcset=\"https:\/\/sy-bahati.de\/wp-content\/uploads\/2014\/08\/Kontoeinstellung.jpg 631w, https:\/\/sy-bahati.de\/wp-content\/uploads\/2014\/08\/Kontoeinstellung-300x241.jpg 300w, https:\/\/sy-bahati.de\/wp-content\/uploads\/2014\/08\/Kontoeinstellung-373x300.jpg 373w\" sizes=\"auto, (max-width: 631px) 100vw, 631px\" \/><\/a>Von dort gelangt man zum n\u00e4chsten Fenster. Hier m\u00fcssen alle relevanten E-Mail-Kontodaten eingegeben werden. Diese Daten erh\u00e4lt man von seinem Provider auf dessen Server dieses Konto eingerichtet ist. In diesem Beispiel ist es ein Konto bei 1&amp;1. &#8222;Ihr Name&#8220; ist frei w\u00e4hlbar. Die &#8222;E-Mail-Adresse&#8220; muss genau so angegeben werden, wie sie beim Provider eingerichtet ist, in diesem Fall &#8222;test@sy-bahati.de&#8220;. Die n\u00e4chsten Serverinformationen gibt ihnen auch der Provider. Sie k\u00f6nnen in der Regel zwischen POP3 oder IMAP Kontotyp w\u00e4hlen. Die Unterschiede liegen im wesentlichen beim Abrufen der Mails. POP3 l\u00e4dt immer sofort die komplette E-Mail auf ihren Rechner. Das soll Outlook in unserem Fall auch so machen. Also haben wir POP3 gew\u00e4hlt. Hierzu muss in den folgenden zwei Zeilen der Name des Eingangs- und Ausgangsservers angegeben werden (pop.1und1.de und smtp.1und1.de). Die Anmeldeinformationen m\u00fcssen der Anmeldung am Postfach entsprechen. In unserem Fall ist der Anmeldename identisch mit der E-Mail-Bezeichnung: test@sy-bahati.de und dem zugeh\u00f6rigen Passwort. F\u00fcr die Sat-Verbindung erfolgt die Anmeldung ohne SPA. Das K\u00e4stchen bleibt ohne\u00a0Haken.\u00a0Die Konfiguration geht weiter mit der Schaltfl\u00e4che &#8222;Weitere Einstellungen&#8220;.<\/p>\n<p><a href=\"https:\/\/sy-bahati.de\/wp-content\/uploads\/2014\/08\/Kontoeinstellung1.jpg\"><img loading=\"lazy\" decoding=\"async\" class=\"aligncenter size-full wp-image-1174\" src=\"https:\/\/sy-bahati.de\/wp-content\/uploads\/2014\/08\/Kontoeinstellung1.jpg\" alt=\"Kontoeinstellung1\" width=\"682\" height=\"472\" srcset=\"https:\/\/sy-bahati.de\/wp-content\/uploads\/2014\/08\/Kontoeinstellung1.jpg 682w, https:\/\/sy-bahati.de\/wp-content\/uploads\/2014\/08\/Kontoeinstellung1-300x207.jpg 300w, https:\/\/sy-bahati.de\/wp-content\/uploads\/2014\/08\/Kontoeinstellung1-433x300.jpg 433w\" sizes=\"auto, (max-width: 682px) 100vw, 682px\" \/><\/a><\/p>\n<p>Im folgenden Fenster m\u00fcssen weitere Internet E-Mail-Einstellungen vorgenommen werden. F\u00fcr den Postausgangsserver werden die gleichen Einstellungen wie f\u00fcr den Posteingangsserver verwendet:<\/p>\n<p><a href=\"https:\/\/sy-bahati.de\/wp-content\/uploads\/2014\/08\/SMTP.jpg\"><img loading=\"lazy\" decoding=\"async\" class=\"aligncenter size-full wp-image-1175\" src=\"https:\/\/sy-bahati.de\/wp-content\/uploads\/2014\/08\/SMTP.jpg\" alt=\"SMTP\" width=\"480\" height=\"449\" srcset=\"https:\/\/sy-bahati.de\/wp-content\/uploads\/2014\/08\/SMTP.jpg 480w, https:\/\/sy-bahati.de\/wp-content\/uploads\/2014\/08\/SMTP-300x280.jpg 300w, https:\/\/sy-bahati.de\/wp-content\/uploads\/2014\/08\/SMTP-320x300.jpg 320w\" sizes=\"auto, (max-width: 480px) 100vw, 480px\" \/><\/a><\/p>\n<p>Im Reiter &#8222;Erweiterungen&#8220; m\u00fcssen die verwendeten Ports eingetragen werden. Die Ports werden auch vom Internetprovider, hier 1&amp;1, bekannt gegeben. Unser Postausgangsserver verwendet den Port 110 unverschl\u00fcsselt und der Postausgangsserver den Port 25 oder 587 unverschl\u00fcsselt. 1&amp;1 bietet auch verschl\u00fcsselte Ports an. \u00dcber diese Ports hatte ich aber Probleme.<\/p>\n<p><a href=\"https:\/\/sy-bahati.de\/wp-content\/uploads\/2014\/08\/Erweitert.jpg\"><img loading=\"lazy\" decoding=\"async\" class=\"aligncenter size-full wp-image-1172\" src=\"https:\/\/sy-bahati.de\/wp-content\/uploads\/2014\/08\/Erweitert.jpg\" alt=\"Erweitert\" width=\"481\" height=\"450\" srcset=\"https:\/\/sy-bahati.de\/wp-content\/uploads\/2014\/08\/Erweitert.jpg 481w, https:\/\/sy-bahati.de\/wp-content\/uploads\/2014\/08\/Erweitert-300x280.jpg 300w, https:\/\/sy-bahati.de\/wp-content\/uploads\/2014\/08\/Erweitert-320x300.jpg 320w\" sizes=\"auto, (max-width: 481px) 100vw, 481px\" \/><\/a><\/p>\n<p>Nochmals ein wichtiger Punkt ist der Reiter &#8222;Verbindung&#8220;. In unserem Fall hei\u00dft das Modem\u00a0&#8222;Direct Internet 3.2&#8220;, weil wir auch die von Iridium mitgelieferte Internet-Zugangssoftware installiert haben.<\/p>\n<p><a href=\"https:\/\/sy-bahati.de\/wp-content\/uploads\/2014\/08\/Verbindung.jpg\"><img loading=\"lazy\" decoding=\"async\" class=\"aligncenter size-full wp-image-1176\" src=\"https:\/\/sy-bahati.de\/wp-content\/uploads\/2014\/08\/Verbindung.jpg\" alt=\"Verbindung\" width=\"477\" height=\"451\" srcset=\"https:\/\/sy-bahati.de\/wp-content\/uploads\/2014\/08\/Verbindung.jpg 477w, https:\/\/sy-bahati.de\/wp-content\/uploads\/2014\/08\/Verbindung-300x283.jpg 300w, https:\/\/sy-bahati.de\/wp-content\/uploads\/2014\/08\/Verbindung-317x300.jpg 317w\" sizes=\"auto, (max-width: 477px) 100vw, 477px\" \/><\/a><\/p>\n<p>\u00dcber &#8222;Eigenschaften&#8220; gelangt man zu den\u00a0Verbindungseinstellungen.\u00a0Hier wird f\u00fcr den Verbindungsaufbau das\u00a0konfigurierte Iridium PPP Modem gew\u00e4hlt und die Einwahlnummer wird angezeigt und kann im Bedarfsfall auch noch ge\u00e4ndert werden.. \u00dcber die Schaltfl\u00e4che\u00a0&#8222;Konfigurieren&#8220; k\u00f6nnen nochmals die Eigenschaften des Modems \u00fcberpr\u00fcft werden. Es sollte auf die korrekte max. \u00dcbertragungsgeschwindigkeit von max. 2400 Baud geachtet werden.<\/p>\n<p><a href=\"https:\/\/sy-bahati.de\/wp-content\/uploads\/2014\/08\/Verbindungseigenschaften.jpg\"><img loading=\"lazy\" decoding=\"async\" class=\"aligncenter size-full wp-image-1177\" src=\"https:\/\/sy-bahati.de\/wp-content\/uploads\/2014\/08\/Verbindungseigenschaften.jpg\" alt=\"Verbindungseigenschaften\" width=\"372\" height=\"468\" srcset=\"https:\/\/sy-bahati.de\/wp-content\/uploads\/2014\/08\/Verbindungseigenschaften.jpg 372w, https:\/\/sy-bahati.de\/wp-content\/uploads\/2014\/08\/Verbindungseigenschaften-238x300.jpg 238w\" sizes=\"auto, (max-width: 372px) 100vw, 372px\" \/><\/a><\/p>\n<p>Im Reiter &#8222;Optionen&#8220; sind die Einstellungen wie abgebildet vorzunehmen. Die &#8222;PPP-Einstellungen&#8220; m\u00fcssen nicht ge\u00e4ndert werden.<\/p>\n<p><a href=\"https:\/\/sy-bahati.de\/wp-content\/uploads\/2014\/08\/Verbindungsoptionen.jpg\"><img loading=\"lazy\" decoding=\"async\" class=\"aligncenter size-full wp-image-1179\" src=\"https:\/\/sy-bahati.de\/wp-content\/uploads\/2014\/08\/Verbindungsoptionen.jpg\" alt=\"Verbindungsoptionen\" width=\"373\" height=\"475\" srcset=\"https:\/\/sy-bahati.de\/wp-content\/uploads\/2014\/08\/Verbindungsoptionen.jpg 373w, https:\/\/sy-bahati.de\/wp-content\/uploads\/2014\/08\/Verbindungsoptionen-235x300.jpg 235w\" sizes=\"auto, (max-width: 373px) 100vw, 373px\" \/><\/a><\/p>\n<p>Auch die Sicherheitseinstellungen k\u00f6nnen so -wie abgebildet- \u00fcbernommen werden.<\/p>\n<p><a href=\"https:\/\/sy-bahati.de\/wp-content\/uploads\/2014\/08\/Verbindungssicherheit.jpg\"><img loading=\"lazy\" decoding=\"async\" class=\"aligncenter size-full wp-image-1180\" src=\"https:\/\/sy-bahati.de\/wp-content\/uploads\/2014\/08\/Verbindungssicherheit.jpg\" alt=\"Verbindungssicherheit\" width=\"372\" height=\"476\" srcset=\"https:\/\/sy-bahati.de\/wp-content\/uploads\/2014\/08\/Verbindungssicherheit.jpg 372w, https:\/\/sy-bahati.de\/wp-content\/uploads\/2014\/08\/Verbindungssicherheit-234x300.jpg 234w\" sizes=\"auto, (max-width: 372px) 100vw, 372px\" \/><\/a><\/p>\n<p>Bei den Netzwerkoptionen reicht es v\u00f6llig aus, wenn TCP\/IP Version 4 verwendet wird. Eine Freigabe erfolgt nicht. Daher wird dieser Reiter nicht weiter erl\u00e4utert.<\/p>\n<p><a href=\"https:\/\/sy-bahati.de\/wp-content\/uploads\/2014\/08\/Verbindungsnetzwerk.jpg\"><img loading=\"lazy\" decoding=\"async\" class=\"aligncenter size-full wp-image-1178\" src=\"https:\/\/sy-bahati.de\/wp-content\/uploads\/2014\/08\/Verbindungsnetzwerk.jpg\" alt=\"Verbindungsnetzwerk\" width=\"371\" height=\"480\" srcset=\"https:\/\/sy-bahati.de\/wp-content\/uploads\/2014\/08\/Verbindungsnetzwerk.jpg 371w, https:\/\/sy-bahati.de\/wp-content\/uploads\/2014\/08\/Verbindungsnetzwerk-231x300.jpg 231w\" sizes=\"auto, (max-width: 371px) 100vw, 371px\" \/><\/a><\/p>\n<p>Damit ist die Einrichtung abgeschlossen. Wenn das H\u00e4kchen &#8222;Kontoeinstellungen bei Klicken auf die Schaltfl\u00e4che &#8222;Weiter&#8220; testen&#8220; (siehe 2. Bild von oben) gesetzt ist, dann f\u00fchrt Outlook einen Selbsttest durch. Das funktioniert nat\u00fcrlich nur, wenn das Satellitentelefon angeschlossen und sendebereit ist, also im Satellitennetz registriert ist.<br \/>\nViel Erfolg.<\/p>\n<p><a title=\"Satellitentelefon\" href=\"https:\/\/sy-bahati.de\/?page_id=1161\">ZUR\u00dcCK<\/a><\/p>\n<p style=\"text-align: right;\">07.08.2014<\/p>\n<p>&nbsp;<\/p>\n<p>&nbsp;<\/p>\n<p>&nbsp;<\/p>\n","protected":false},"excerpt":{"rendered":"<p>Hier m\u00f6chte ich exemplarisch die Einrichtung von Outlook 2010 f\u00fcr die Nutzung des Satellitentelefons Iridium 9555 beschreiben. Der Teufel liegt bekanntlich im Detail. Ich hatte meiner Meinung nach alles vorschriftsgem\u00e4\u00df eingerichtet. Der Microsoft-Selbsttest nach der Outlook-Einrichtung funktionierte fehlerfrei. Das Empfangen &hellip; <a href=\"https:\/\/sy-bahati.de\/?page_id=1170\">Weiterlesen <span class=\"meta-nav\">&rarr;<\/span><\/a><\/p>\n","protected":false},"author":1,"featured_media":0,"parent":1161,"menu_order":0,"comment_status":"closed","ping_status":"closed","template":"sidebar-page.php","meta":{"_exactmetrics_skip_tracking":false,"_exactmetrics_sitenote_active":false,"_exactmetrics_sitenote_note":"","_exactmetrics_sitenote_category":0,"footnotes":""},"class_list":["post-1170","page","type-page","status-publish","hentry"],"_links":{"self":[{"href":"https:\/\/sy-bahati.de\/index.php?rest_route=\/wp\/v2\/pages\/1170","targetHints":{"allow":["GET"]}}],"collection":[{"href":"https:\/\/sy-bahati.de\/index.php?rest_route=\/wp\/v2\/pages"}],"about":[{"href":"https:\/\/sy-bahati.de\/index.php?rest_route=\/wp\/v2\/types\/page"}],"author":[{"embeddable":true,"href":"https:\/\/sy-bahati.de\/index.php?rest_route=\/wp\/v2\/users\/1"}],"replies":[{"embeddable":true,"href":"https:\/\/sy-bahati.de\/index.php?rest_route=%2Fwp%2Fv2%2Fcomments&post=1170"}],"version-history":[{"count":11,"href":"https:\/\/sy-bahati.de\/index.php?rest_route=\/wp\/v2\/pages\/1170\/revisions"}],"predecessor-version":[{"id":1193,"href":"https:\/\/sy-bahati.de\/index.php?rest_route=\/wp\/v2\/pages\/1170\/revisions\/1193"}],"up":[{"embeddable":true,"href":"https:\/\/sy-bahati.de\/index.php?rest_route=\/wp\/v2\/pages\/1161"}],"wp:attachment":[{"href":"https:\/\/sy-bahati.de\/index.php?rest_route=%2Fwp%2Fv2%2Fmedia&parent=1170"}],"curies":[{"name":"wp","href":"https:\/\/api.w.org\/{rel}","templated":true}]}}