{"id":1249,"date":"2014-08-18T14:31:45","date_gmt":"2014-08-18T14:31:45","guid":{"rendered":"http:\/\/sy-bahati.de\/?page_id=1249"},"modified":"2014-08-18T14:32:56","modified_gmt":"2014-08-18T14:32:56","slug":"rettungswurfleine","status":"publish","type":"page","link":"https:\/\/sy-bahati.de\/?page_id=1249","title":{"rendered":"Rettungswurfleine"},"content":{"rendered":"<p>F\u00fcr den Notfall \u201eMann \u00fcber Bord\u201c, korrekt muss es heute hei\u00dfen: \u201eMensch \u00fcber Bord\u201c, ist es mehr als hilfreich, eine Verbindung zwischen der Person im Wasser und dem Schiff herzustellen. <a href=\"https:\/\/sy-bahati.de\/wp-content\/uploads\/2014\/08\/Aus21.jpg\"><img loading=\"lazy\" decoding=\"async\" class=\"alignleft size-medium wp-image-1247\" src=\"https:\/\/sy-bahati.de\/wp-content\/uploads\/2014\/08\/Aus21-199x300.jpg\" alt=\"Aus2\" width=\"199\" height=\"300\" srcset=\"https:\/\/sy-bahati.de\/wp-content\/uploads\/2014\/08\/Aus21-199x300.jpg 199w, https:\/\/sy-bahati.de\/wp-content\/uploads\/2014\/08\/Aus21.jpg 333w\" sizes=\"auto, (max-width: 199px) 100vw, 199px\" \/><\/a>Dazu dient die Rettungsschlinge SECULIFT als Wurfleinen- und Rettungsschlingen-System. Die ca. 20m lange Bergungsleine befindet sich in einem Leinenwurfsack. Dieser Sack wird dem Schiffbr\u00fcchigen bei gleichzeitigem Halten des Wurfleinenendes zugeworfen. Bleigewichte\u00a0 im Schaumstoffauftriebsk\u00f6rper erm\u00f6glichen das gezielte Zuwerfen auch bei schlechten Bedingungen. Die verungl\u00fcckte Person kann dann \u00e4hnlich einer Hubschrauberrettung die Bergeschlaufe anlegen. Danach ist es m\u00f6glich, die Person bis an das Schiff zu ziehen und auch an Bord zu liften. Zur Not mit Winschenunterst\u00fctzung.<\/p>\n<p>Eine weitere Anwendung ist das Sichern eines Rettungsschwimmers, der zur verungl\u00fcckten Person schwimmen muss.<\/p>\n<p style=\"text-align: right;\">18.08.2014<\/p>\n<p><a title=\"Yacht Aufr\u00fcstung\" href=\"https:\/\/sy-bahati.de\/?page_id=111\">ZUR\u00dcCK<\/a><\/p>\n","protected":false},"excerpt":{"rendered":"<p>F\u00fcr den Notfall \u201eMann \u00fcber Bord\u201c, korrekt muss es heute hei\u00dfen: \u201eMensch \u00fcber Bord\u201c, ist es mehr als hilfreich, eine Verbindung zwischen der Person im Wasser und dem Schiff herzustellen. Dazu dient die Rettungsschlinge SECULIFT als Wurfleinen- und Rettungsschlingen-System. Die &hellip; <a href=\"https:\/\/sy-bahati.de\/?page_id=1249\">Weiterlesen <span class=\"meta-nav\">&rarr;<\/span><\/a><\/p>\n","protected":false},"author":1,"featured_media":0,"parent":111,"menu_order":0,"comment_status":"closed","ping_status":"closed","template":"sidebar-page.php","meta":{"_exactmetrics_skip_tracking":false,"_exactmetrics_sitenote_active":false,"_exactmetrics_sitenote_note":"","_exactmetrics_sitenote_category":0,"footnotes":""},"class_list":["post-1249","page","type-page","status-publish","hentry"],"_links":{"self":[{"href":"https:\/\/sy-bahati.de\/index.php?rest_route=\/wp\/v2\/pages\/1249","targetHints":{"allow":["GET"]}}],"collection":[{"href":"https:\/\/sy-bahati.de\/index.php?rest_route=\/wp\/v2\/pages"}],"about":[{"href":"https:\/\/sy-bahati.de\/index.php?rest_route=\/wp\/v2\/types\/page"}],"author":[{"embeddable":true,"href":"https:\/\/sy-bahati.de\/index.php?rest_route=\/wp\/v2\/users\/1"}],"replies":[{"embeddable":true,"href":"https:\/\/sy-bahati.de\/index.php?rest_route=%2Fwp%2Fv2%2Fcomments&post=1249"}],"version-history":[{"count":2,"href":"https:\/\/sy-bahati.de\/index.php?rest_route=\/wp\/v2\/pages\/1249\/revisions"}],"predecessor-version":[{"id":1251,"href":"https:\/\/sy-bahati.de\/index.php?rest_route=\/wp\/v2\/pages\/1249\/revisions\/1251"}],"up":[{"embeddable":true,"href":"https:\/\/sy-bahati.de\/index.php?rest_route=\/wp\/v2\/pages\/111"}],"wp:attachment":[{"href":"https:\/\/sy-bahati.de\/index.php?rest_route=%2Fwp%2Fv2%2Fmedia&parent=1249"}],"curies":[{"name":"wp","href":"https:\/\/api.w.org\/{rel}","templated":true}]}}