{"id":1254,"date":"2014-08-18T14:53:57","date_gmt":"2014-08-18T14:53:57","guid":{"rendered":"http:\/\/sy-bahati.de\/?page_id=1254"},"modified":"2014-08-18T14:54:31","modified_gmt":"2014-08-18T14:54:31","slug":"ior-teleskopboje","status":"publish","type":"page","link":"https:\/\/sy-bahati.de\/?page_id=1254","title":{"rendered":"IOR-Teleskopboje"},"content":{"rendered":"<p>Dieses aus UV-best\u00e4ndigem Kunststoff bestehende 1,88 \u2013 3,15 m lange dreiteilige Teleskoprohr ist auf allen Segelyachten, die an einer Langstreckenregatta teilnehmen, laut IOR vorgeschrieben.<a href=\"https:\/\/sy-bahati.de\/wp-content\/uploads\/2014\/08\/Aus3.jpg\"><img loading=\"lazy\" decoding=\"async\" class=\"alignleft size-medium wp-image-1245\" src=\"https:\/\/sy-bahati.de\/wp-content\/uploads\/2014\/08\/Aus3-199x300.jpg\" alt=\"Aus3\" width=\"199\" height=\"300\" srcset=\"https:\/\/sy-bahati.de\/wp-content\/uploads\/2014\/08\/Aus3-199x300.jpg 199w, https:\/\/sy-bahati.de\/wp-content\/uploads\/2014\/08\/Aus3.jpg 333w\" sizes=\"auto, (max-width: 199px) 100vw, 199px\" \/><\/a> Als Erg\u00e4nzung der Standardausf\u00fchrung ist unsere Boje zus\u00e4tzlich mit einem Topplicht versehen. Die Boje hat zudem eine fluoreszierende Flagge und eine 8 m schwimmf\u00e4hige Leine, an der wir einen zweiten Rettungskragen befestigt haben.<\/p>\n<p>Wer schon einmal einen Gegenstand im Meer versucht hat nicht aus den Augen zu verlieren, und sei es auch nur in moderaten Wellen, der wei\u00df um diese gro\u00dfe Herausforderung. Es ist also selbstverst\u00e4ndlich eine solche Boje als Sicherheitsausr\u00fcstung mitzuf\u00fchren.<\/p>\n<p style=\"text-align: right;\">18.08.2014<\/p>\n<p><a title=\"Yacht Aufr\u00fcstung\" href=\"https:\/\/sy-bahati.de\/?page_id=111\">ZUR\u00dcCK<\/a><\/p>\n","protected":false},"excerpt":{"rendered":"<p>Dieses aus UV-best\u00e4ndigem Kunststoff bestehende 1,88 \u2013 3,15 m lange dreiteilige Teleskoprohr ist auf allen Segelyachten, die an einer Langstreckenregatta teilnehmen, laut IOR vorgeschrieben. Als Erg\u00e4nzung der Standardausf\u00fchrung ist unsere Boje zus\u00e4tzlich mit einem Topplicht versehen. Die Boje hat zudem &hellip; <a href=\"https:\/\/sy-bahati.de\/?page_id=1254\">Weiterlesen <span class=\"meta-nav\">&rarr;<\/span><\/a><\/p>\n","protected":false},"author":1,"featured_media":0,"parent":111,"menu_order":0,"comment_status":"closed","ping_status":"closed","template":"sidebar-page.php","meta":{"_exactmetrics_skip_tracking":false,"_exactmetrics_sitenote_active":false,"_exactmetrics_sitenote_note":"","_exactmetrics_sitenote_category":0,"footnotes":""},"class_list":["post-1254","page","type-page","status-publish","hentry"],"_links":{"self":[{"href":"https:\/\/sy-bahati.de\/index.php?rest_route=\/wp\/v2\/pages\/1254","targetHints":{"allow":["GET"]}}],"collection":[{"href":"https:\/\/sy-bahati.de\/index.php?rest_route=\/wp\/v2\/pages"}],"about":[{"href":"https:\/\/sy-bahati.de\/index.php?rest_route=\/wp\/v2\/types\/page"}],"author":[{"embeddable":true,"href":"https:\/\/sy-bahati.de\/index.php?rest_route=\/wp\/v2\/users\/1"}],"replies":[{"embeddable":true,"href":"https:\/\/sy-bahati.de\/index.php?rest_route=%2Fwp%2Fv2%2Fcomments&post=1254"}],"version-history":[{"count":2,"href":"https:\/\/sy-bahati.de\/index.php?rest_route=\/wp\/v2\/pages\/1254\/revisions"}],"predecessor-version":[{"id":1256,"href":"https:\/\/sy-bahati.de\/index.php?rest_route=\/wp\/v2\/pages\/1254\/revisions\/1256"}],"up":[{"embeddable":true,"href":"https:\/\/sy-bahati.de\/index.php?rest_route=\/wp\/v2\/pages\/111"}],"wp:attachment":[{"href":"https:\/\/sy-bahati.de\/index.php?rest_route=%2Fwp%2Fv2%2Fmedia&parent=1254"}],"curies":[{"name":"wp","href":"https:\/\/api.w.org\/{rel}","templated":true}]}}