{"id":127,"date":"2014-01-30T09:55:40","date_gmt":"2014-01-30T09:55:40","guid":{"rendered":"http:\/\/sy-bahati.de\/?page_id=127"},"modified":"2014-03-06T09:03:49","modified_gmt":"2014-03-06T09:03:49","slug":"windpilot","status":"publish","type":"page","link":"https:\/\/sy-bahati.de\/?page_id=127","title":{"rendered":"Windpilot"},"content":{"rendered":"<p>Warum ein Windpilot?<\/p>\n<p>Die Atlantik\u00fcberfahrt dauert rund drei Wochen und wir sind nur eine 3-Mann Crew. Das hie\u00dfe f\u00fcr jeden rund 8 Stunden pro Tag am Steuerrad zu stehen. Das ist einfach nicht machbar. Deshalb wird ein Autopilot ben\u00f6tigt. Wir haben ja den elektrischen Raymarine Autopilot. Der ben\u00f6tigt aber einfach zu viel Strom. Also entschieden wir uns zum Kauf des Windpilot, der \u00fcber den Wind\u00a0rein mechanisch steuert. Man kann sagen, es ist der Marktf\u00fchrer mit den besten Kritiken im Netz. Wir haben nun die erste Saison hinter uns und m\u00fcssen feststellen, dass\u00a0 wir immer noch Probleme mit der sensiblen &#8222;Justage&#8220; haben. Trotzdem sind wir optimistisch, dass uns der Windpilot gute Dienste leisten wird.<\/p>\n<div style=\"width: 280px;\" class=\"wp-video\"><video class=\"wp-video-shortcode\" id=\"video-127-1\" width=\"280\" height=\"156\" preload=\"metadata\" controls=\"controls\"><source type=\"video\/mp4\" src=\"https:\/\/sy-bahati.de\/wp-content\/uploads\/2014\/01\/Windpilot.mp4?_=1\" \/><a href=\"https:\/\/sy-bahati.de\/wp-content\/uploads\/2014\/01\/Windpilot.mp4\">https:\/\/sy-bahati.de\/wp-content\/uploads\/2014\/01\/Windpilot.mp4<\/a><\/video><\/div>\n","protected":false},"excerpt":{"rendered":"<p>Warum ein Windpilot? Die Atlantik\u00fcberfahrt dauert rund drei Wochen und wir sind nur eine 3-Mann Crew. Das hie\u00dfe f\u00fcr jeden rund 8 Stunden pro Tag am Steuerrad zu stehen. Das ist einfach nicht machbar. Deshalb wird ein Autopilot ben\u00f6tigt. Wir &hellip; <a href=\"https:\/\/sy-bahati.de\/?page_id=127\">Weiterlesen <span class=\"meta-nav\">&rarr;<\/span><\/a><\/p>\n","protected":false},"author":1,"featured_media":0,"parent":111,"menu_order":0,"comment_status":"closed","ping_status":"closed","template":"sidebar-page.php","meta":{"_exactmetrics_skip_tracking":false,"_exactmetrics_sitenote_active":false,"_exactmetrics_sitenote_note":"","_exactmetrics_sitenote_category":0,"footnotes":""},"class_list":["post-127","page","type-page","status-publish","hentry"],"_links":{"self":[{"href":"https:\/\/sy-bahati.de\/index.php?rest_route=\/wp\/v2\/pages\/127","targetHints":{"allow":["GET"]}}],"collection":[{"href":"https:\/\/sy-bahati.de\/index.php?rest_route=\/wp\/v2\/pages"}],"about":[{"href":"https:\/\/sy-bahati.de\/index.php?rest_route=\/wp\/v2\/types\/page"}],"author":[{"embeddable":true,"href":"https:\/\/sy-bahati.de\/index.php?rest_route=\/wp\/v2\/users\/1"}],"replies":[{"embeddable":true,"href":"https:\/\/sy-bahati.de\/index.php?rest_route=%2Fwp%2Fv2%2Fcomments&post=127"}],"version-history":[{"count":1,"href":"https:\/\/sy-bahati.de\/index.php?rest_route=\/wp\/v2\/pages\/127\/revisions"}],"predecessor-version":[{"id":128,"href":"https:\/\/sy-bahati.de\/index.php?rest_route=\/wp\/v2\/pages\/127\/revisions\/128"}],"up":[{"embeddable":true,"href":"https:\/\/sy-bahati.de\/index.php?rest_route=\/wp\/v2\/pages\/111"}],"wp:attachment":[{"href":"https:\/\/sy-bahati.de\/index.php?rest_route=%2Fwp%2Fv2%2Fmedia&parent=127"}],"curies":[{"name":"wp","href":"https:\/\/api.w.org\/{rel}","templated":true}]}}