{"id":1294,"date":"2014-09-25T07:22:20","date_gmt":"2014-09-25T07:22:20","guid":{"rendered":"http:\/\/sy-bahati.de\/?page_id=1294"},"modified":"2014-09-25T07:22:20","modified_gmt":"2014-09-25T07:22:20","slug":"lissabon-bis-gran-canaria","status":"publish","type":"page","link":"https:\/\/sy-bahati.de\/?page_id=1294","title":{"rendered":"Lissabon bis Gran Canaria"},"content":{"rendered":"<p>Die letzte Etappe vor der gro\u00dfen \u00dcberfahrt als Generalprobe. Wie ist die Verpflegung? Wie l\u00e4uft die Energieversorgung? Wie steuert der Windpilot? Funktioniert die Satellitenverbindung zum Senden und Empfangen von e-Mails? Wie bekommen uns die Nachtwachen? Usw&#8230;<\/p>\n<p><a href=\"https:\/\/sy-bahati.de\/wp-content\/uploads\/2014\/09\/Etappe_6.jpg\"><img loading=\"lazy\" decoding=\"async\" class=\"aligncenter size-large wp-image-1292\" src=\"https:\/\/sy-bahati.de\/wp-content\/uploads\/2014\/09\/Etappe_6-1024x702.jpg\" alt=\"Etappe_6\" width=\"584\" height=\"400\" srcset=\"https:\/\/sy-bahati.de\/wp-content\/uploads\/2014\/09\/Etappe_6-1024x702.jpg 1024w, https:\/\/sy-bahati.de\/wp-content\/uploads\/2014\/09\/Etappe_6-300x205.jpg 300w, https:\/\/sy-bahati.de\/wp-content\/uploads\/2014\/09\/Etappe_6-437x300.jpg 437w, https:\/\/sy-bahati.de\/wp-content\/uploads\/2014\/09\/Etappe_6.jpg 1372w\" sizes=\"auto, (max-width: 584px) 100vw, 584px\" \/><\/a><\/p>\n<p>Etwas \u00fcber 700 Sm Atlantik liegen vor uns. Am Samstag ist Anreise und Vorbereitung. Ein sehr straffes Programm. Einkaufen, Diesel und Wasser bunkern, ggf. Reparaturen abschlie\u00dfen. Am Sonntag gegen 0600 (MESZ-1) ist Hochwasser. Wir m\u00fcssen auf jeden Fall mit dem ablaufenden Wasser den Tejo hinunter auf den Atlantik fahren. Danach kann direkt Kurs auf Gran Canaria angelegt werden. Bei einer Durchschnittsgeschwindigkeit von 5 kn ben\u00f6tigen wir etwa 6 Tage.<\/p>\n<p style=\"text-align: left;\"><a title=\"Europa T\u00f6rnplanung\" href=\"https:\/\/sy-bahati.de\/?page_id=503\">ZUR\u00dcCK<\/a><\/p>\n<p style=\"text-align: right;\">25.09.2014<\/p>\n","protected":false},"excerpt":{"rendered":"<p>Die letzte Etappe vor der gro\u00dfen \u00dcberfahrt als Generalprobe. Wie ist die Verpflegung? Wie l\u00e4uft die Energieversorgung? Wie steuert der Windpilot? Funktioniert die Satellitenverbindung zum Senden und Empfangen von e-Mails? Wie bekommen uns die Nachtwachen? Usw&#8230; Etwas \u00fcber 700 Sm &hellip; <a href=\"https:\/\/sy-bahati.de\/?page_id=1294\">Weiterlesen <span class=\"meta-nav\">&rarr;<\/span><\/a><\/p>\n","protected":false},"author":1,"featured_media":0,"parent":503,"menu_order":0,"comment_status":"closed","ping_status":"closed","template":"sidebar-page.php","meta":{"_exactmetrics_skip_tracking":false,"_exactmetrics_sitenote_active":false,"_exactmetrics_sitenote_note":"","_exactmetrics_sitenote_category":0,"footnotes":""},"class_list":["post-1294","page","type-page","status-publish","hentry"],"_links":{"self":[{"href":"https:\/\/sy-bahati.de\/index.php?rest_route=\/wp\/v2\/pages\/1294","targetHints":{"allow":["GET"]}}],"collection":[{"href":"https:\/\/sy-bahati.de\/index.php?rest_route=\/wp\/v2\/pages"}],"about":[{"href":"https:\/\/sy-bahati.de\/index.php?rest_route=\/wp\/v2\/types\/page"}],"author":[{"embeddable":true,"href":"https:\/\/sy-bahati.de\/index.php?rest_route=\/wp\/v2\/users\/1"}],"replies":[{"embeddable":true,"href":"https:\/\/sy-bahati.de\/index.php?rest_route=%2Fwp%2Fv2%2Fcomments&post=1294"}],"version-history":[{"count":1,"href":"https:\/\/sy-bahati.de\/index.php?rest_route=\/wp\/v2\/pages\/1294\/revisions"}],"predecessor-version":[{"id":1295,"href":"https:\/\/sy-bahati.de\/index.php?rest_route=\/wp\/v2\/pages\/1294\/revisions\/1295"}],"up":[{"embeddable":true,"href":"https:\/\/sy-bahati.de\/index.php?rest_route=\/wp\/v2\/pages\/503"}],"wp:attachment":[{"href":"https:\/\/sy-bahati.de\/index.php?rest_route=%2Fwp%2Fv2%2Fmedia&parent=1294"}],"curies":[{"name":"wp","href":"https:\/\/api.w.org\/{rel}","templated":true}]}}