{"id":130,"date":"2014-01-30T10:26:37","date_gmt":"2014-01-30T10:26:37","guid":{"rendered":"http:\/\/sy-bahati.de\/?page_id=130"},"modified":"2014-03-06T09:04:50","modified_gmt":"2014-03-06T09:04:50","slug":"bavaria39c","status":"publish","type":"page","link":"https:\/\/sy-bahati.de\/?page_id=130","title":{"rendered":"Bavaria39C"},"content":{"rendered":"<p>Grunds\u00e4tzlich finden wir, dass unser Schiff vom Preis Leistungsverh\u00e4ltnis sicher top ist. Eine laute Wasserpumpe l\u00e4sst sich verschmerzen. Wenn das Schloss vom Steckschot sich von selbst in alle Einzelteile zerlegt, ist das auch kein Drama. Muss man dann allerdings mehrere Monate auf einen Ersatz warten, ist das\u00a0nicht akzeptabel. Uns stellt sich die Frage, ob Bavaria \u00fcberhaupt ein Interesse an Service hat. In der Hochsaison, dann, wenn alle Schiffe unterwegs sind und immer mal wieder etwas ausgetauscht werden muss, macht Bavaria Betriebsferien. Ersatzteile werden erst nach der Saison geliefert.<br \/>\nHallberg Rassy ist z.B.\u00a0zum ARC-Start auf Gran Canaria und f\u00fchrt an allen teilnehmenden HR einen kostenlosen Check durch. Der Vergleich hinkt, ok!<\/p>\n<p>&nbsp;<\/p>\n","protected":false},"excerpt":{"rendered":"<p>Grunds\u00e4tzlich finden wir, dass unser Schiff vom Preis Leistungsverh\u00e4ltnis sicher top ist. Eine laute Wasserpumpe l\u00e4sst sich verschmerzen. Wenn das Schloss vom Steckschot sich von selbst in alle Einzelteile zerlegt, ist das auch kein Drama. Muss man dann allerdings mehrere &hellip; <a href=\"https:\/\/sy-bahati.de\/?page_id=130\">Weiterlesen <span class=\"meta-nav\">&rarr;<\/span><\/a><\/p>\n","protected":false},"author":1,"featured_media":0,"parent":38,"menu_order":0,"comment_status":"closed","ping_status":"closed","template":"sidebar-page.php","meta":{"_exactmetrics_skip_tracking":false,"_exactmetrics_sitenote_active":false,"_exactmetrics_sitenote_note":"","_exactmetrics_sitenote_category":0,"footnotes":""},"class_list":["post-130","page","type-page","status-publish","hentry"],"_links":{"self":[{"href":"https:\/\/sy-bahati.de\/index.php?rest_route=\/wp\/v2\/pages\/130","targetHints":{"allow":["GET"]}}],"collection":[{"href":"https:\/\/sy-bahati.de\/index.php?rest_route=\/wp\/v2\/pages"}],"about":[{"href":"https:\/\/sy-bahati.de\/index.php?rest_route=\/wp\/v2\/types\/page"}],"author":[{"embeddable":true,"href":"https:\/\/sy-bahati.de\/index.php?rest_route=\/wp\/v2\/users\/1"}],"replies":[{"embeddable":true,"href":"https:\/\/sy-bahati.de\/index.php?rest_route=%2Fwp%2Fv2%2Fcomments&post=130"}],"version-history":[{"count":4,"href":"https:\/\/sy-bahati.de\/index.php?rest_route=\/wp\/v2\/pages\/130\/revisions"}],"predecessor-version":[{"id":274,"href":"https:\/\/sy-bahati.de\/index.php?rest_route=\/wp\/v2\/pages\/130\/revisions\/274"}],"up":[{"embeddable":true,"href":"https:\/\/sy-bahati.de\/index.php?rest_route=\/wp\/v2\/pages\/38"}],"wp:attachment":[{"href":"https:\/\/sy-bahati.de\/index.php?rest_route=%2Fwp%2Fv2%2Fmedia&parent=130"}],"curies":[{"name":"wp","href":"https:\/\/api.w.org\/{rel}","templated":true}]}}