{"id":135,"date":"2014-01-30T15:09:40","date_gmt":"2014-01-30T15:09:40","guid":{"rendered":"http:\/\/sy-bahati.de\/?page_id=135"},"modified":"2014-03-06T08:56:43","modified_gmt":"2014-03-06T08:56:43","slug":"lrc","status":"publish","type":"page","link":"https:\/\/sy-bahati.de\/?page_id=135","title":{"rendered":"LRC"},"content":{"rendered":"<p>Das Long Range Certificate!<\/p>\n<p>Die Ausbildung haben Udo und Thomas sich angetan und erfolgreich abgeschossen. Das h\u00e4tten wir uns auch sparen k\u00f6nnen. Ein LRC-Ger\u00e4t bekommt man fast nicht mehr, und wenn, dann zu horrenden Preisen. Stattdessen werden normalerweise Kurzwellenfunkger\u00e4te eingesetzt. F\u00fcr die ben\u00f6tigt man aber eine Amateurfunklizenz und nicht das LRC.<br \/>\nNun gut. So hatten wir eine Auffrischung zum SRC. Geschadet hat es nicht. Auch der Satellitenteil im LRC scheint veraltet. Statt der geschulten INMARSAT-C Anlage werden heute meistens\u00a0Inmarsat-, Iridium- oder Thuraya-Satellitentelefone eingesetzt.<\/p>\n\n\t\t<style type=\"text\/css\">\n\t\t\t#gallery-1 {\n\t\t\t\tmargin: auto;\n\t\t\t}\n\t\t\t#gallery-1 .gallery-item {\n\t\t\t\tfloat: left;\n\t\t\t\tmargin-top: 10px;\n\t\t\t\ttext-align: center;\n\t\t\t\twidth: 50%;\n\t\t\t}\n\t\t\t#gallery-1 img {\n\t\t\t\tborder: 2px solid #cfcfcf;\n\t\t\t}\n\t\t\t#gallery-1 .gallery-caption {\n\t\t\t\tmargin-left: 0;\n\t\t\t}\n\t\t\t\/* see gallery_shortcode() in wp-includes\/media.php *\/\n\t\t<\/style>\n\t\t<div id='gallery-1' class='gallery galleryid-135 gallery-columns-2 gallery-size-thumbnail'><dl class='gallery-item'>\n\t\t\t<dt class='gallery-icon landscape'>\n\t\t\t\t<a href='https:\/\/sy-bahati.de\/wp-content\/uploads\/2014\/01\/INMARSAT_2.jpg'><img loading=\"lazy\" decoding=\"async\" width=\"150\" height=\"150\" src=\"https:\/\/sy-bahati.de\/wp-content\/uploads\/2014\/01\/INMARSAT_2-150x150.jpg\" class=\"attachment-thumbnail size-thumbnail\" alt=\"\" aria-describedby=\"gallery-1-146\" \/><\/a>\n\t\t\t<\/dt>\n\t\t\t\t<dd class='wp-caption-text gallery-caption' id='gallery-1-146'>\n\t\t\t\tNotruf per Editor \u00fcber InmaSat-C\n\t\t\t\t<\/dd><\/dl><dl class='gallery-item'>\n\t\t\t<dt class='gallery-icon landscape'>\n\t\t\t\t<a href='https:\/\/sy-bahati.de\/wp-content\/uploads\/2014\/01\/INMARSAT_1.jpg'><img loading=\"lazy\" decoding=\"async\" width=\"150\" height=\"150\" src=\"https:\/\/sy-bahati.de\/wp-content\/uploads\/2014\/01\/INMARSAT_1-150x150.jpg\" class=\"attachment-thumbnail size-thumbnail\" alt=\"\" aria-describedby=\"gallery-1-145\" \/><\/a>\n\t\t\t<\/dt>\n\t\t\t\t<dd class='wp-caption-text gallery-caption' id='gallery-1-145'>\n\t\t\t\tAbsetzen eines Notrufs \u00fcber InmarSat-C\n\t\t\t\t<\/dd><\/dl><br style=\"clear: both\" \/>\n\t\t<\/div>\n\n<p>Fazit: Besser eine Amateurfunklizenz erwerben und dann ein Kurzwellenfunkger\u00e4t mit Pactor f\u00fcr den e-Mai-Empfang einsetzen.<\/p>\n<p><a title=\"Trainings\" href=\"https:\/\/sy-bahati.de\/?page_id=100\">ZUR\u00dcCK<\/a><\/p>\n","protected":false},"excerpt":{"rendered":"<p>Das Long Range Certificate! Die Ausbildung haben Udo und Thomas sich angetan und erfolgreich abgeschossen. Das h\u00e4tten wir uns auch sparen k\u00f6nnen. Ein LRC-Ger\u00e4t bekommt man fast nicht mehr, und wenn, dann zu horrenden Preisen. Stattdessen werden normalerweise Kurzwellenfunkger\u00e4te eingesetzt. &hellip; <a href=\"https:\/\/sy-bahati.de\/?page_id=135\">Weiterlesen <span class=\"meta-nav\">&rarr;<\/span><\/a><\/p>\n","protected":false},"author":1,"featured_media":0,"parent":100,"menu_order":0,"comment_status":"closed","ping_status":"closed","template":"sidebar-page.php","meta":{"_exactmetrics_skip_tracking":false,"_exactmetrics_sitenote_active":false,"_exactmetrics_sitenote_note":"","_exactmetrics_sitenote_category":0,"footnotes":""},"class_list":["post-135","page","type-page","status-publish","hentry"],"_links":{"self":[{"href":"https:\/\/sy-bahati.de\/index.php?rest_route=\/wp\/v2\/pages\/135","targetHints":{"allow":["GET"]}}],"collection":[{"href":"https:\/\/sy-bahati.de\/index.php?rest_route=\/wp\/v2\/pages"}],"about":[{"href":"https:\/\/sy-bahati.de\/index.php?rest_route=\/wp\/v2\/types\/page"}],"author":[{"embeddable":true,"href":"https:\/\/sy-bahati.de\/index.php?rest_route=\/wp\/v2\/users\/1"}],"replies":[{"embeddable":true,"href":"https:\/\/sy-bahati.de\/index.php?rest_route=%2Fwp%2Fv2%2Fcomments&post=135"}],"version-history":[{"count":5,"href":"https:\/\/sy-bahati.de\/index.php?rest_route=\/wp\/v2\/pages\/135\/revisions"}],"predecessor-version":[{"id":337,"href":"https:\/\/sy-bahati.de\/index.php?rest_route=\/wp\/v2\/pages\/135\/revisions\/337"}],"up":[{"embeddable":true,"href":"https:\/\/sy-bahati.de\/index.php?rest_route=\/wp\/v2\/pages\/100"}],"wp:attachment":[{"href":"https:\/\/sy-bahati.de\/index.php?rest_route=%2Fwp%2Fv2%2Fmedia&parent=135"}],"curies":[{"name":"wp","href":"https:\/\/api.w.org\/{rel}","templated":true}]}}