{"id":1413,"date":"2014-10-24T12:18:11","date_gmt":"2014-10-24T12:18:11","guid":{"rendered":"http:\/\/sy-bahati.de\/?page_id=1413"},"modified":"2014-10-24T12:21:26","modified_gmt":"2014-10-24T12:21:26","slug":"wasserschlauch","status":"publish","type":"page","link":"https:\/\/sy-bahati.de\/?page_id=1413","title":{"rendered":"Wasserschlauch"},"content":{"rendered":"<p>Eine profane Sache. Aber auf der Ostsee haben wir bisher keinen eigenen Wasserschlauch ben\u00f6tigt. Der Schlauch an sich ist auch nicht die Herausforderung. Es sind die Adapter.<a href=\"https:\/\/sy-bahati.de\/wp-content\/uploads\/2014\/10\/Wasserschlauch.jpg\"><img loading=\"lazy\" decoding=\"async\" class=\"alignleft size-medium wp-image-1405\" src=\"https:\/\/sy-bahati.de\/wp-content\/uploads\/2014\/10\/Wasserschlauch-300x199.jpg\" alt=\"Wasserschlauch\" width=\"300\" height=\"199\" srcset=\"https:\/\/sy-bahati.de\/wp-content\/uploads\/2014\/10\/Wasserschlauch-300x199.jpg 300w, https:\/\/sy-bahati.de\/wp-content\/uploads\/2014\/10\/Wasserschlauch-450x300.jpg 450w, https:\/\/sy-bahati.de\/wp-content\/uploads\/2014\/10\/Wasserschlauch.jpg 1000w\" sizes=\"auto, (max-width: 300px) 100vw, 300px\" \/><\/a>\u00a0Aus Deutschland hatten wir bereits mehrere solcher Adapter mitgebracht. Und dann kam es wie es kommen muss: In Las Palmas funktionierte keiner. Im dortigen Yachtzubeh\u00f6r gab es dann alleine f\u00fcr die Marina Las Palmas mindestens drei verschieden Varianten. F\u00fcr die Zukunft bedeutet das: Es ist einfach nur Gl\u00fcck, wenn der passende Adapter an Bord ist.<\/p>\n<p style=\"text-align: right;\">24.10.2014<\/p>\n<p><a title=\"Yacht Aufr\u00fcstung\" href=\"https:\/\/sy-bahati.de\/?page_id=111\">ZUR\u00dcCK<\/a><\/p>\n","protected":false},"excerpt":{"rendered":"<p>Eine profane Sache. Aber auf der Ostsee haben wir bisher keinen eigenen Wasserschlauch ben\u00f6tigt. Der Schlauch an sich ist auch nicht die Herausforderung. Es sind die Adapter.\u00a0Aus Deutschland hatten wir bereits mehrere solcher Adapter mitgebracht. Und dann kam es wie &hellip; <a href=\"https:\/\/sy-bahati.de\/?page_id=1413\">Weiterlesen <span class=\"meta-nav\">&rarr;<\/span><\/a><\/p>\n","protected":false},"author":1,"featured_media":0,"parent":111,"menu_order":0,"comment_status":"closed","ping_status":"closed","template":"sidebar-page.php","meta":{"_exactmetrics_skip_tracking":false,"_exactmetrics_sitenote_active":false,"_exactmetrics_sitenote_note":"","_exactmetrics_sitenote_category":0,"footnotes":""},"class_list":["post-1413","page","type-page","status-publish","hentry"],"_links":{"self":[{"href":"https:\/\/sy-bahati.de\/index.php?rest_route=\/wp\/v2\/pages\/1413","targetHints":{"allow":["GET"]}}],"collection":[{"href":"https:\/\/sy-bahati.de\/index.php?rest_route=\/wp\/v2\/pages"}],"about":[{"href":"https:\/\/sy-bahati.de\/index.php?rest_route=\/wp\/v2\/types\/page"}],"author":[{"embeddable":true,"href":"https:\/\/sy-bahati.de\/index.php?rest_route=\/wp\/v2\/users\/1"}],"replies":[{"embeddable":true,"href":"https:\/\/sy-bahati.de\/index.php?rest_route=%2Fwp%2Fv2%2Fcomments&post=1413"}],"version-history":[{"count":2,"href":"https:\/\/sy-bahati.de\/index.php?rest_route=\/wp\/v2\/pages\/1413\/revisions"}],"predecessor-version":[{"id":1416,"href":"https:\/\/sy-bahati.de\/index.php?rest_route=\/wp\/v2\/pages\/1413\/revisions\/1416"}],"up":[{"embeddable":true,"href":"https:\/\/sy-bahati.de\/index.php?rest_route=\/wp\/v2\/pages\/111"}],"wp:attachment":[{"href":"https:\/\/sy-bahati.de\/index.php?rest_route=%2Fwp%2Fv2%2Fmedia&parent=1413"}],"curies":[{"name":"wp","href":"https:\/\/api.w.org\/{rel}","templated":true}]}}