{"id":1423,"date":"2014-10-24T13:07:21","date_gmt":"2014-10-24T13:07:21","guid":{"rendered":"http:\/\/sy-bahati.de\/?page_id=1423"},"modified":"2014-10-24T13:07:21","modified_gmt":"2014-10-24T13:07:21","slug":"feuer","status":"publish","type":"page","link":"https:\/\/sy-bahati.de\/?page_id=1423","title":{"rendered":"Feuer"},"content":{"rendered":"<p><a href=\"https:\/\/sy-bahati.de\/wp-content\/uploads\/2014\/10\/Feuerl\u00f6scher_2.jpg\"><img loading=\"lazy\" decoding=\"async\" class=\"alignleft size-medium wp-image-1399\" src=\"https:\/\/sy-bahati.de\/wp-content\/uploads\/2014\/10\/Feuerl\u00f6scher_2-199x300.jpg\" alt=\"Feuerl\u00f6scher_2\" width=\"199\" height=\"300\" srcset=\"https:\/\/sy-bahati.de\/wp-content\/uploads\/2014\/10\/Feuerl\u00f6scher_2-199x300.jpg 199w, https:\/\/sy-bahati.de\/wp-content\/uploads\/2014\/10\/Feuerl\u00f6scher_2.jpg 666w\" sizes=\"auto, (max-width: 199px) 100vw, 199px\" \/><\/a>Nach unserem <a title=\"Sicherheitstraining\" href=\"https:\/\/sy-bahati.de\/?page_id=103\">Sicherheitstraining<\/a> war allen sofort klar, dass die kleinen Standard-Pulverfeuerl\u00f6scher bei weitem nicht ausreichen. Aus diesem Grund haben wir jeweils einen gepr\u00fcften 6 kg-Pulverl\u00f6scher in der Steuerbord- und Backbord-Backskiste befestigt.<\/p>\n<p>Unterm Niedergang, direkt an der Klappe zu Motor, haben wir einen weiteren kleineren Pulverl\u00f6scher installiert. Auf einen CO2-Feuerl\u00f6scher, der f\u00fcr den Motor optimaler w\u00e4re, haben wir verzichtet.<a href=\"https:\/\/sy-bahati.de\/wp-content\/uploads\/2014\/10\/Feuerl\u00f6scher_1.jpg\"><img loading=\"lazy\" decoding=\"async\" class=\"alignright size-medium wp-image-1398\" src=\"https:\/\/sy-bahati.de\/wp-content\/uploads\/2014\/10\/Feuerl\u00f6scher_1-300x199.jpg\" alt=\"Feuerl\u00f6scher_1\" width=\"300\" height=\"199\" srcset=\"https:\/\/sy-bahati.de\/wp-content\/uploads\/2014\/10\/Feuerl\u00f6scher_1-300x199.jpg 300w, https:\/\/sy-bahati.de\/wp-content\/uploads\/2014\/10\/Feuerl\u00f6scher_1-450x300.jpg 450w, https:\/\/sy-bahati.de\/wp-content\/uploads\/2014\/10\/Feuerl\u00f6scher_1.jpg 1000w\" sizes=\"auto, (max-width: 300px) 100vw, 300px\" \/><\/a> Einerseits ben\u00f6tigen wir dann wieder einen gr\u00f6\u00dferen Feuerl\u00f6scher, dem Platzprobleme entgegen stehen und zum Anderen ist des dann sinnvoll ein CO2-Alarmsensor zu installieren.<\/p>\n<p><a href=\"https:\/\/sy-bahati.de\/wp-content\/uploads\/2014\/10\/Feuerl\u00f6schdecke.jpg\"><img loading=\"lazy\" decoding=\"async\" class=\"alignleft size-medium wp-image-1397\" src=\"https:\/\/sy-bahati.de\/wp-content\/uploads\/2014\/10\/Feuerl\u00f6schdecke-300x199.jpg\" alt=\"Feuerl\u00f6schdecke\" width=\"300\" height=\"199\" srcset=\"https:\/\/sy-bahati.de\/wp-content\/uploads\/2014\/10\/Feuerl\u00f6schdecke-300x199.jpg 300w, https:\/\/sy-bahati.de\/wp-content\/uploads\/2014\/10\/Feuerl\u00f6schdecke-450x300.jpg 450w, https:\/\/sy-bahati.de\/wp-content\/uploads\/2014\/10\/Feuerl\u00f6schdecke.jpg 1000w\" sizes=\"auto, (max-width: 300px) 100vw, 300px\" \/><\/a><\/p>\n<p>Zum Ausgleich haben wir eine gro\u00dfe L\u00f6schdecke gleich unter der Sitzbank am Herd deponiert.<\/p>\n<p>&nbsp;<\/p>\n<p>&nbsp;<\/p>\n<p>&nbsp;<\/p>\n<p style=\"text-align: right;\">24.10.2014<\/p>\n<p><a title=\"Yacht Aufr\u00fcstung\" href=\"https:\/\/sy-bahati.de\/?page_id=111\">ZUR\u00dcCK<\/a><\/p>\n","protected":false},"excerpt":{"rendered":"<p>Nach unserem Sicherheitstraining war allen sofort klar, dass die kleinen Standard-Pulverfeuerl\u00f6scher bei weitem nicht ausreichen. Aus diesem Grund haben wir jeweils einen gepr\u00fcften 6 kg-Pulverl\u00f6scher in der Steuerbord- und Backbord-Backskiste befestigt. Unterm Niedergang, direkt an der Klappe zu Motor, haben &hellip; <a href=\"https:\/\/sy-bahati.de\/?page_id=1423\">Weiterlesen <span class=\"meta-nav\">&rarr;<\/span><\/a><\/p>\n","protected":false},"author":1,"featured_media":0,"parent":111,"menu_order":0,"comment_status":"closed","ping_status":"closed","template":"sidebar-page.php","meta":{"_exactmetrics_skip_tracking":false,"_exactmetrics_sitenote_active":false,"_exactmetrics_sitenote_note":"","_exactmetrics_sitenote_category":0,"footnotes":""},"class_list":["post-1423","page","type-page","status-publish","hentry"],"_links":{"self":[{"href":"https:\/\/sy-bahati.de\/index.php?rest_route=\/wp\/v2\/pages\/1423","targetHints":{"allow":["GET"]}}],"collection":[{"href":"https:\/\/sy-bahati.de\/index.php?rest_route=\/wp\/v2\/pages"}],"about":[{"href":"https:\/\/sy-bahati.de\/index.php?rest_route=\/wp\/v2\/types\/page"}],"author":[{"embeddable":true,"href":"https:\/\/sy-bahati.de\/index.php?rest_route=\/wp\/v2\/users\/1"}],"replies":[{"embeddable":true,"href":"https:\/\/sy-bahati.de\/index.php?rest_route=%2Fwp%2Fv2%2Fcomments&post=1423"}],"version-history":[{"count":1,"href":"https:\/\/sy-bahati.de\/index.php?rest_route=\/wp\/v2\/pages\/1423\/revisions"}],"predecessor-version":[{"id":1424,"href":"https:\/\/sy-bahati.de\/index.php?rest_route=\/wp\/v2\/pages\/1423\/revisions\/1424"}],"up":[{"embeddable":true,"href":"https:\/\/sy-bahati.de\/index.php?rest_route=\/wp\/v2\/pages\/111"}],"wp:attachment":[{"href":"https:\/\/sy-bahati.de\/index.php?rest_route=%2Fwp%2Fv2%2Fmedia&parent=1423"}],"curies":[{"name":"wp","href":"https:\/\/api.w.org\/{rel}","templated":true}]}}