{"id":1430,"date":"2014-10-24T15:15:23","date_gmt":"2014-10-24T15:15:23","guid":{"rendered":"http:\/\/sy-bahati.de\/?page_id=1430"},"modified":"2014-10-24T16:00:03","modified_gmt":"2014-10-24T16:00:03","slug":"medizin","status":"publish","type":"page","link":"https:\/\/sy-bahati.de\/?page_id=1430","title":{"rendered":"Medizin"},"content":{"rendered":"<p>F\u00fcr eine drei<img loading=\"lazy\" decoding=\"async\" class=\"alignleft size-medium wp-image-158\" src=\"https:\/\/sy-bahati.de\/wp-content\/uploads\/2014\/01\/Bruch_2-223x300.jpg\" alt=\"Bruch_2\" width=\"223\" height=\"300\" srcset=\"https:\/\/sy-bahati.de\/wp-content\/uploads\/2014\/01\/Bruch_2-223x300.jpg 223w, https:\/\/sy-bahati.de\/wp-content\/uploads\/2014\/01\/Bruch_2.jpg 373w\" sizes=\"auto, (max-width: 223px) 100vw, 223px\" \/>w\u00f6chige \u00dcberfahrt sollten auch die unangenehmen Dinge vorab ge\u00fcbt werden. Inwieweit im Notfall wirklich die uns Laien antrainierten Vorgehen wirklich umgesetzt werden, ist nat\u00fcrlich fraglich. Wer noch nie zuvor eine Wunde vern\u00e4ht hat und dies dann bei hohem Seegang erstmals praktizieren soll, muss schon wirklich ein Naturtalent sein. Aber vielleicht regelt das dann auch die Stresssituation. Deshalb ist es wichtig, alles einmal gemacht zu haben. Wir hatten zwei Privataudienzen bei Dr.med.B. Al-Bazaz, nachzulesen in den beiden Blogs &#8222;<a title=\"Zu Gast bei Dr. med. Basil Al-Bazaz\" href=\"https:\/\/sy-bahati.de\/?p=155\">Zu Gast bei.<\/a>.&#8220; und &#8222;<a title=\"Erg\u00e4nzungstag bei Dr. med. Basil Al-Bazaz\" href=\"https:\/\/sy-bahati.de\/?p=625\">Erg\u00e4nzungstag.<\/a>.&#8220;<\/p>\n<p>Die Medizintafeln von Fabian Steffen &#8222;Erste Hilfe an Bord&#8220; geben einen gut strukturierten \u00dcberblick f\u00fcr Notfallma\u00dfnahmen. Der obligatorische Erste-Hilfe-Kurs bildet die Grundlage. Volker, unser Koch, hat durch seine Zivildienstzeit bei den Rettungssanit\u00e4tern in Castrop-Rauxel dann noch die meiste Erfahrung.<\/p>\n<p>Siehe auch <a title=\"Medizinkoffer\" href=\"https:\/\/sy-bahati.de\/?page_id=1418\">Medizinkoffer <\/a>und <a title=\"Medikamente\" href=\"https:\/\/sy-bahati.de\/?page_id=1437\">Medikamente<\/a>.<\/p>\n<p><a title=\"Trainings\" href=\"https:\/\/sy-bahati.de\/?page_id=100\">ZUR\u00dcCK<\/a><\/p>\n","protected":false},"excerpt":{"rendered":"<p>F\u00fcr eine dreiw\u00f6chige \u00dcberfahrt sollten auch die unangenehmen Dinge vorab ge\u00fcbt werden. Inwieweit im Notfall wirklich die uns Laien antrainierten Vorgehen wirklich umgesetzt werden, ist nat\u00fcrlich fraglich. Wer noch nie zuvor eine Wunde vern\u00e4ht hat und dies dann bei hohem &hellip; <a href=\"https:\/\/sy-bahati.de\/?page_id=1430\">Weiterlesen <span class=\"meta-nav\">&rarr;<\/span><\/a><\/p>\n","protected":false},"author":1,"featured_media":0,"parent":100,"menu_order":0,"comment_status":"closed","ping_status":"closed","template":"sidebar-page.php","meta":{"_exactmetrics_skip_tracking":false,"_exactmetrics_sitenote_active":false,"_exactmetrics_sitenote_note":"","_exactmetrics_sitenote_category":0,"footnotes":""},"class_list":["post-1430","page","type-page","status-publish","hentry"],"_links":{"self":[{"href":"https:\/\/sy-bahati.de\/index.php?rest_route=\/wp\/v2\/pages\/1430","targetHints":{"allow":["GET"]}}],"collection":[{"href":"https:\/\/sy-bahati.de\/index.php?rest_route=\/wp\/v2\/pages"}],"about":[{"href":"https:\/\/sy-bahati.de\/index.php?rest_route=\/wp\/v2\/types\/page"}],"author":[{"embeddable":true,"href":"https:\/\/sy-bahati.de\/index.php?rest_route=\/wp\/v2\/users\/1"}],"replies":[{"embeddable":true,"href":"https:\/\/sy-bahati.de\/index.php?rest_route=%2Fwp%2Fv2%2Fcomments&post=1430"}],"version-history":[{"count":5,"href":"https:\/\/sy-bahati.de\/index.php?rest_route=\/wp\/v2\/pages\/1430\/revisions"}],"predecessor-version":[{"id":1442,"href":"https:\/\/sy-bahati.de\/index.php?rest_route=\/wp\/v2\/pages\/1430\/revisions\/1442"}],"up":[{"embeddable":true,"href":"https:\/\/sy-bahati.de\/index.php?rest_route=\/wp\/v2\/pages\/100"}],"wp:attachment":[{"href":"https:\/\/sy-bahati.de\/index.php?rest_route=%2Fwp%2Fv2%2Fmedia&parent=1430"}],"curies":[{"name":"wp","href":"https:\/\/api.w.org\/{rel}","templated":true}]}}