{"id":1437,"date":"2014-10-24T15:48:27","date_gmt":"2014-10-24T15:48:27","guid":{"rendered":"http:\/\/sy-bahati.de\/?page_id=1437"},"modified":"2014-10-24T15:48:27","modified_gmt":"2014-10-24T15:48:27","slug":"medikamente","status":"publish","type":"page","link":"https:\/\/sy-bahati.de\/?page_id=1437","title":{"rendered":"Medikamente"},"content":{"rendered":"<p>Nachfolgend eine Liste unserer Bordapotheke:<\/p>\n<p>&#8211; Superpep Reisekaugummi (Reise\u00fcbelkeit)<br \/>\n&#8211; Vomex A Sirup (\u00dcbelkeit + Erbrechen)<br \/>\n&#8211; Scopoderm Membranpflaster (\u00dcbelkeit + Brechreiz)<br \/>\n&#8211; Paspertin Tabletten (\u00dcbelkeit)<\/p>\n<p>&#8211; Refobacin (Augentropfen)<br \/>\n&#8211; Chlorhexamed (Mundh\u00f6hlenantiseptikum)<br \/>\n&#8211; Dobendan Strep Dolo (Halzschmerzen)<br \/>\n&#8211; Otriven Nasenspray<br \/>\n&#8211; Mucosolvan Hustensaft<br \/>\n&#8211; Fenistil Gel (M\u00fcckenstiche)<br \/>\n&#8211; Prednitop Fettsalbe (Hautprobleme, auch n\u00e4ssend)<\/p>\n<p>&#8211; Novalgin Tropfen (Schmerzen+Fieber)<br \/>\n&#8211; Ibuprofen 600mg Tabletten (Schmerzen+Fieber)<br \/>\n&#8211; ASS 100 Hexal (Blutverd\u00fcnner + Schmerzen)<br \/>\n&#8211; Buscopan (Bauchschmerzen)<br \/>\n&#8211; Nitrolingual Pumpspray (Herzschmerzen)<br \/>\n&#8211; Pantozol Tabletten (S\u00e4urebedingte Magen- Darmerk.)<br \/>\n&#8211; Solu Decortin (Schock, Asthma, Infektion)<\/p>\n<p>&#8211; Ciprobay 250 (Antibiotikum Atemwege)<br \/>\n&#8211; Amocian 500 Plus (breites Antibiotikum)<\/p>\n<p>ggf. weitere pers\u00f6nlich ben\u00f6tigte Medikamente<\/p>\n<p>24.10.2014<\/p>\n<p><a title=\"Atlantik\u00fcberfahrt\" href=\"https:\/\/sy-bahati.de\/?page_id=1388\">ZUR\u00dcCK<\/a><\/p>\n","protected":false},"excerpt":{"rendered":"<p>Nachfolgend eine Liste unserer Bordapotheke: &#8211; Superpep Reisekaugummi (Reise\u00fcbelkeit) &#8211; Vomex A Sirup (\u00dcbelkeit + Erbrechen) &#8211; Scopoderm Membranpflaster (\u00dcbelkeit + Brechreiz) &#8211; Paspertin Tabletten (\u00dcbelkeit) &#8211; Refobacin (Augentropfen) &#8211; Chlorhexamed (Mundh\u00f6hlenantiseptikum) &#8211; Dobendan Strep Dolo (Halzschmerzen) &#8211; Otriven Nasenspray &hellip; <a href=\"https:\/\/sy-bahati.de\/?page_id=1437\">Weiterlesen <span class=\"meta-nav\">&rarr;<\/span><\/a><\/p>\n","protected":false},"author":1,"featured_media":0,"parent":1388,"menu_order":0,"comment_status":"closed","ping_status":"closed","template":"sidebar-page.php","meta":{"_exactmetrics_skip_tracking":false,"_exactmetrics_sitenote_active":false,"_exactmetrics_sitenote_note":"","_exactmetrics_sitenote_category":0,"footnotes":""},"class_list":["post-1437","page","type-page","status-publish","hentry"],"_links":{"self":[{"href":"https:\/\/sy-bahati.de\/index.php?rest_route=\/wp\/v2\/pages\/1437","targetHints":{"allow":["GET"]}}],"collection":[{"href":"https:\/\/sy-bahati.de\/index.php?rest_route=\/wp\/v2\/pages"}],"about":[{"href":"https:\/\/sy-bahati.de\/index.php?rest_route=\/wp\/v2\/types\/page"}],"author":[{"embeddable":true,"href":"https:\/\/sy-bahati.de\/index.php?rest_route=\/wp\/v2\/users\/1"}],"replies":[{"embeddable":true,"href":"https:\/\/sy-bahati.de\/index.php?rest_route=%2Fwp%2Fv2%2Fcomments&post=1437"}],"version-history":[{"count":1,"href":"https:\/\/sy-bahati.de\/index.php?rest_route=\/wp\/v2\/pages\/1437\/revisions"}],"predecessor-version":[{"id":1438,"href":"https:\/\/sy-bahati.de\/index.php?rest_route=\/wp\/v2\/pages\/1437\/revisions\/1438"}],"up":[{"embeddable":true,"href":"https:\/\/sy-bahati.de\/index.php?rest_route=\/wp\/v2\/pages\/1388"}],"wp:attachment":[{"href":"https:\/\/sy-bahati.de\/index.php?rest_route=%2Fwp%2Fv2%2Fmedia&parent=1437"}],"curies":[{"name":"wp","href":"https:\/\/api.w.org\/{rel}","templated":true}]}}