{"id":1445,"date":"2014-10-24T16:31:32","date_gmt":"2014-10-24T16:31:32","guid":{"rendered":"http:\/\/sy-bahati.de\/?page_id=1445"},"modified":"2014-10-25T08:26:29","modified_gmt":"2014-10-25T08:26:29","slug":"proviant","status":"publish","type":"page","link":"https:\/\/sy-bahati.de\/?page_id=1445","title":{"rendered":"Proviant"},"content":{"rendered":"<p>Wir ver\u00f6ffentlichen hier noch unsere Excel-Einkaufsliste. Diese wir zurzeit noch \u00fcberarbeitet.<\/p>\n<p>Zur Bestimmung des &#8222;Bedarfs&#8220; sind nat\u00fcrlich zun\u00e4chst die Rahmenbedingungen als Grundlage zu bestimmen. Die Abk\u00fcrzung PPPD (per person per day) k\u00f6nnte einem bei der Recherche hin und wieder begegnen. Diese Abk\u00fcrzung beinhaltet die immer wieder auftauchende und grundlegende Frage: &#8222;Was ben\u00f6tigt eine Person am Tag?&#8220; F\u00fcr viele Lebensmittel muss das entweder abgefragt werden oder aus Erfahrungen kalkuliert werden. Unser bis heute l\u00e4ngster T\u00f6rn war die letzte Etappe von Lissabon nach Las Palmas. Auf Grundlage der dabei gemachten Erfahrungen bestimmen wir nun unsere Proviantliste.<a href=\"https:\/\/sy-bahati.de\/wp-content\/uploads\/2014\/09\/Einkauf.jpg\"><img loading=\"lazy\" decoding=\"async\" class=\"alignright size-medium wp-image-1300\" src=\"https:\/\/sy-bahati.de\/wp-content\/uploads\/2014\/09\/Einkauf-300x223.jpg\" alt=\"Einkauf\" width=\"300\" height=\"223\" srcset=\"https:\/\/sy-bahati.de\/wp-content\/uploads\/2014\/09\/Einkauf-300x223.jpg 300w, https:\/\/sy-bahati.de\/wp-content\/uploads\/2014\/09\/Einkauf-402x300.jpg 402w, https:\/\/sy-bahati.de\/wp-content\/uploads\/2014\/09\/Einkauf.jpg 1000w\" sizes=\"auto, (max-width: 300px) 100vw, 300px\" \/><\/a><br \/>\nEs gibt aber auch tats\u00e4chlich Empfehlungen f\u00fcr den lebenswichtigen Fl\u00fcssigkeitsbedarf. Jede Person ben\u00f6tigt 2 Liter Fl\u00fcssigkeit am Tag, besser noch 3,5 Liter. Dazu z\u00e4hlt nicht nur Wasser. Damit, und mit der Reisezeit von kalkulierten 24 Tagen, ben\u00f6tigen wir f\u00fcr 3 Personen im Idealfall 252 Liter trinkbare Fl\u00fcssigkeit, also Wasser, S\u00e4fte, Milch und Bier z\u00e4hlen wir auch noch dazu. Der Wein f\u00e4llt raus. Es hat sich gezeigt, dass der Appetit auf Bier w\u00e4hrend der Fahrt sich stark in Grenzen h\u00e4lt. Deshalb werden wir nicht viel Bier mitnehmen.<br \/>\n<a href=\"https:\/\/sy-bahati.de\/wp-content\/uploads\/2014\/10\/Smudje.jpg\"><img loading=\"lazy\" decoding=\"async\" class=\"alignleft size-medium wp-image-1336\" src=\"https:\/\/sy-bahati.de\/wp-content\/uploads\/2014\/10\/Smudje-199x300.jpg\" alt=\"Smudje\" width=\"199\" height=\"300\" srcset=\"https:\/\/sy-bahati.de\/wp-content\/uploads\/2014\/10\/Smudje-199x300.jpg 199w, https:\/\/sy-bahati.de\/wp-content\/uploads\/2014\/10\/Smudje.jpg 666w\" sizes=\"auto, (max-width: 199px) 100vw, 199px\" \/><\/a>Unsere beiden Wassertanks (150 und 210 Liter) nutzen wir nicht als Trinkwasser. K\u00f6nnten wir aber. Das Wasser wird zum Waschen, Sp\u00fclen und Kochen genutzt. Der Verbrauch war w\u00e4hrend unserer 6. Etappe viel zu hoch. Nach drei Tagen hatten wir 150 Liter verbraucht. Das hie\u00dfe, dass wir f\u00fcr 24 Tage 1.200 Liter Wasser ben\u00f6tigen. Unm\u00f6glich! Mit 360 Litern stehen uns pro Tag gerade einmal 15 Liter am Tag zur Verf\u00fcgung. Das ist nicht viel. Aus diesem Grund werden wir wohl unseren Trink-Wasservorrat mit einigen 5l-Kanistern aufbessern und f\u00fcr den Verbrauch Regeln aufstellen m\u00fcssen.<br \/>\nBeim Duschen werden im Durchschnitt 8 Liter Wasser ben\u00f6tigt. F\u00fcr das t\u00e4gliche Waschen und Z\u00e4hneputzen mit dem Abwasch werden pro Person je 5 Liter kalkuliert. Damit f\u00e4llt bei un das Duschen aus. Das Anstellen des Wasserhahns mit der Wasserpumpe bedeutet fast immer auch einen Verlust an Wasser, welches einfach so ins Meer gesp\u00fclt wird. Das Z\u00e4hneputzen kann mit wenig Trinkwasser erfolgen. F\u00fcr das Waschen muss ein Waschlappen genutzt werden. Der Abwasch erfolgt zun\u00e4chst mit Meerwasser und wird am Ende nur kurz mit S\u00fc\u00dfwasser abgesp\u00fclt. Auch f\u00fcr das Duschen gibt es spezielle Salzwasserduschgels, so dass man auch nur abschlie\u00dfend sich mit S\u00fc\u00dfwasser einmal absp\u00fclt. Das Kochen von Nudeln, Reis und Kartoffeln muss mit Meerwasser erfolgen.<br \/>\nWenn wir uns streng an diese Ma\u00dfnahmen halten, werden wir mit unserem Wasservorrat von 360 Litern zzgl. Trinkwasserreserve auskommen. Falls es einmal regnen sollte, bleibt auch die M\u00f6glichkeit das Regenwasser aufzufangen.<\/p>\n<p style=\"text-align: right;\">24.10.2014<\/p>\n<p><a title=\"Atlantik\u00fcberfahrt\" href=\"https:\/\/sy-bahati.de\/?page_id=1388\">ZUR\u00dcCK<\/a><\/p>\n","protected":false},"excerpt":{"rendered":"<p>Wir ver\u00f6ffentlichen hier noch unsere Excel-Einkaufsliste. Diese wir zurzeit noch \u00fcberarbeitet. Zur Bestimmung des &#8222;Bedarfs&#8220; sind nat\u00fcrlich zun\u00e4chst die Rahmenbedingungen als Grundlage zu bestimmen. Die Abk\u00fcrzung PPPD (per person per day) k\u00f6nnte einem bei der Recherche hin und wieder begegnen. &hellip; <a href=\"https:\/\/sy-bahati.de\/?page_id=1445\">Weiterlesen <span class=\"meta-nav\">&rarr;<\/span><\/a><\/p>\n","protected":false},"author":1,"featured_media":0,"parent":1388,"menu_order":0,"comment_status":"closed","ping_status":"closed","template":"sidebar-page.php","meta":{"_exactmetrics_skip_tracking":false,"_exactmetrics_sitenote_active":false,"_exactmetrics_sitenote_note":"","_exactmetrics_sitenote_category":0,"footnotes":""},"class_list":["post-1445","page","type-page","status-publish","hentry"],"_links":{"self":[{"href":"https:\/\/sy-bahati.de\/index.php?rest_route=\/wp\/v2\/pages\/1445","targetHints":{"allow":["GET"]}}],"collection":[{"href":"https:\/\/sy-bahati.de\/index.php?rest_route=\/wp\/v2\/pages"}],"about":[{"href":"https:\/\/sy-bahati.de\/index.php?rest_route=\/wp\/v2\/types\/page"}],"author":[{"embeddable":true,"href":"https:\/\/sy-bahati.de\/index.php?rest_route=\/wp\/v2\/users\/1"}],"replies":[{"embeddable":true,"href":"https:\/\/sy-bahati.de\/index.php?rest_route=%2Fwp%2Fv2%2Fcomments&post=1445"}],"version-history":[{"count":3,"href":"https:\/\/sy-bahati.de\/index.php?rest_route=\/wp\/v2\/pages\/1445\/revisions"}],"predecessor-version":[{"id":1450,"href":"https:\/\/sy-bahati.de\/index.php?rest_route=\/wp\/v2\/pages\/1445\/revisions\/1450"}],"up":[{"embeddable":true,"href":"https:\/\/sy-bahati.de\/index.php?rest_route=\/wp\/v2\/pages\/1388"}],"wp:attachment":[{"href":"https:\/\/sy-bahati.de\/index.php?rest_route=%2Fwp%2Fv2%2Fmedia&parent=1445"}],"curies":[{"name":"wp","href":"https:\/\/api.w.org\/{rel}","templated":true}]}}