{"id":1456,"date":"2014-10-25T09:04:37","date_gmt":"2014-10-25T09:04:37","guid":{"rendered":"http:\/\/sy-bahati.de\/?page_id=1456"},"modified":"2015-11-19T15:12:24","modified_gmt":"2015-11-19T15:12:24","slug":"review","status":"publish","type":"page","link":"https:\/\/sy-bahati.de\/?page_id=1456","title":{"rendered":"Review"},"content":{"rendered":"<p><a title=\"Defekte\" href=\"https:\/\/sy-bahati.de\/?page_id=1461\">DEFEKTE<\/a> \u00a0 \u00a0 <a href=\"https:\/\/sy-bahati.de\/?page_id=2408\">T\u00d6RNPLANUNG<\/a> \u00a0 \u00a0 \u00a0AUSR\u00dcSTUNG \u00a0 \u00a0 \u00a0VERBRAUCH<\/p>\n<p>Wir m\u00f6chten hier unsere Erfahrungen r\u00fcckblickend zusammenfassen. Derjenige, der alles im Blog verfolgt hat, wird hier wahrscheinlich wenig Neues finden. Aber als \u00dcbersicht und als Zusammenfassung halten wir diese Seiten f\u00fcr sinnvoll. Alles, was uns passiert ist, kann nicht verallgemeinert werden. All unser Empfinden war schon unter uns sehr unterschiedlich. F\u00fcr den eine war unser Rudergetriebeschaden bedrohlich. F\u00fcr den anderen eine willkommene Herausforderung. Der eine liebt die schwarze Nacht ohne Mond, der andere f\u00fcrchtet sie. Der eine mag die Abgeschiedenheit und Einsamkeit und der andere hat Heimweh. Es gibt eine ganze Palette an Empfindungen und diese sind nicht immer vorhersehbar. Die Ausf\u00fchrungen sollen einfach eine Orientierung bieten.<\/p>\n<p>&nbsp;<\/p>\n","protected":false},"excerpt":{"rendered":"<p>DEFEKTE \u00a0 \u00a0 T\u00d6RNPLANUNG \u00a0 \u00a0 \u00a0AUSR\u00dcSTUNG \u00a0 \u00a0 \u00a0VERBRAUCH Wir m\u00f6chten hier unsere Erfahrungen r\u00fcckblickend zusammenfassen. Derjenige, der alles im Blog verfolgt hat, wird hier wahrscheinlich wenig Neues finden. Aber als \u00dcbersicht und als Zusammenfassung halten wir diese Seiten &hellip; <a href=\"https:\/\/sy-bahati.de\/?page_id=1456\">Weiterlesen <span class=\"meta-nav\">&rarr;<\/span><\/a><\/p>\n","protected":false},"author":1,"featured_media":0,"parent":0,"menu_order":0,"comment_status":"closed","ping_status":"closed","template":"sidebar-page.php","meta":{"_exactmetrics_skip_tracking":false,"_exactmetrics_sitenote_active":false,"_exactmetrics_sitenote_note":"","_exactmetrics_sitenote_category":0,"footnotes":""},"class_list":["post-1456","page","type-page","status-publish","hentry"],"_links":{"self":[{"href":"https:\/\/sy-bahati.de\/index.php?rest_route=\/wp\/v2\/pages\/1456","targetHints":{"allow":["GET"]}}],"collection":[{"href":"https:\/\/sy-bahati.de\/index.php?rest_route=\/wp\/v2\/pages"}],"about":[{"href":"https:\/\/sy-bahati.de\/index.php?rest_route=\/wp\/v2\/types\/page"}],"author":[{"embeddable":true,"href":"https:\/\/sy-bahati.de\/index.php?rest_route=\/wp\/v2\/users\/1"}],"replies":[{"embeddable":true,"href":"https:\/\/sy-bahati.de\/index.php?rest_route=%2Fwp%2Fv2%2Fcomments&post=1456"}],"version-history":[{"count":5,"href":"https:\/\/sy-bahati.de\/index.php?rest_route=\/wp\/v2\/pages\/1456\/revisions"}],"predecessor-version":[{"id":2411,"href":"https:\/\/sy-bahati.de\/index.php?rest_route=\/wp\/v2\/pages\/1456\/revisions\/2411"}],"wp:attachment":[{"href":"https:\/\/sy-bahati.de\/index.php?rest_route=%2Fwp%2Fv2%2Fmedia&parent=1456"}],"curies":[{"name":"wp","href":"https:\/\/api.w.org\/{rel}","templated":true}]}}