{"id":1465,"date":"2014-10-25T09:57:57","date_gmt":"2014-10-25T09:57:57","guid":{"rendered":"http:\/\/sy-bahati.de\/?page_id=1465"},"modified":"2014-10-25T10:05:05","modified_gmt":"2014-10-25T10:05:05","slug":"ruderschaden","status":"publish","type":"page","link":"https:\/\/sy-bahati.de\/?page_id=1465","title":{"rendered":"Ruderschaden"},"content":{"rendered":"<div id=\"attachment_645\" style=\"width: 233px\" class=\"wp-caption alignleft\"><a href=\"https:\/\/sy-bahati.de\/wp-content\/uploads\/2014\/04\/Ruder_rep.jpg\"><img loading=\"lazy\" decoding=\"async\" aria-describedby=\"caption-attachment-645\" class=\"size-medium wp-image-645\" src=\"https:\/\/sy-bahati.de\/wp-content\/uploads\/2014\/04\/Ruder_rep-223x300.jpg\" alt=\"Repariertes Ruder\" width=\"223\" height=\"300\" srcset=\"https:\/\/sy-bahati.de\/wp-content\/uploads\/2014\/04\/Ruder_rep-223x300.jpg 223w, https:\/\/sy-bahati.de\/wp-content\/uploads\/2014\/04\/Ruder_rep.jpg 373w\" sizes=\"auto, (max-width: 223px) 100vw, 223px\" \/><\/a><p id=\"caption-attachment-645\" class=\"wp-caption-text\">Repariertes Ruder<\/p><\/div>\n<p>Noch im Winterlager stellte Thomas Beutel, unser Rigg-Profi, beim Auftragen des neuen Antifoulings, fest, dass unser Ruderblatt unten gerissen ist und Wasser gezogen hat. Und das kurz vor dem geplanten Krantermin. Wir brauchten einen Bootsbauer, der das Wasser aus dem Ruder zieht und die defekte Stelle neu laminiert, und zwar vern\u00fcnftig. Alle verf\u00fcgbaren Bootsbauer hatten zu dieser Zeit ihre Terminkalender voll. Kein Wunder. Jeder wollte jetzt sein Boot ins Wasser bringen und zuvor alle Sch\u00e4den beseitigt haben. Gottlob hatte Herr J\u00e4ger von der <a href=\"http:\/\/yachtwerft-fehmarn.de\" target=\"_blank\">Yachtwerft Fehmarn<\/a> ein Geh\u00f6r f\u00fcr unser Vorhaben und konnte sich f\u00fcr die Reparatur etwas Zeit freischaufeln, so dass wir unseren Zeitplan einhalten konnten.<br \/>\nDer Grund f\u00fcr diesen Schaden war nicht nachvollziehbar. Im Prinzip passiert ein solcher Schaden bei Grundber\u00fchrung. Dabei muss aber schon ein harter Gegenstand getroffen werden. Keiner von uns hatte so etwas in der vergangenen Saison bemerkt, zumal der Grund der Deutschen Ostsee fast ausschlie\u00dflich weich ist. Es wird sich nicht mehr aufkl\u00e4ren lassen.<\/p>\n<p>25.10.2014<\/p>\n<p><a title=\"Defekte\" href=\"https:\/\/sy-bahati.de\/?page_id=1461\">ZUR\u00dcCK<\/a><\/p>\n","protected":false},"excerpt":{"rendered":"<p>Noch im Winterlager stellte Thomas Beutel, unser Rigg-Profi, beim Auftragen des neuen Antifoulings, fest, dass unser Ruderblatt unten gerissen ist und Wasser gezogen hat. Und das kurz vor dem geplanten Krantermin. Wir brauchten einen Bootsbauer, der das Wasser aus dem &hellip; <a href=\"https:\/\/sy-bahati.de\/?page_id=1465\">Weiterlesen <span class=\"meta-nav\">&rarr;<\/span><\/a><\/p>\n","protected":false},"author":1,"featured_media":0,"parent":1461,"menu_order":0,"comment_status":"closed","ping_status":"closed","template":"sidebar-page.php","meta":{"_exactmetrics_skip_tracking":false,"_exactmetrics_sitenote_active":false,"_exactmetrics_sitenote_note":"","_exactmetrics_sitenote_category":0,"footnotes":""},"class_list":["post-1465","page","type-page","status-publish","hentry"],"_links":{"self":[{"href":"https:\/\/sy-bahati.de\/index.php?rest_route=\/wp\/v2\/pages\/1465","targetHints":{"allow":["GET"]}}],"collection":[{"href":"https:\/\/sy-bahati.de\/index.php?rest_route=\/wp\/v2\/pages"}],"about":[{"href":"https:\/\/sy-bahati.de\/index.php?rest_route=\/wp\/v2\/types\/page"}],"author":[{"embeddable":true,"href":"https:\/\/sy-bahati.de\/index.php?rest_route=\/wp\/v2\/users\/1"}],"replies":[{"embeddable":true,"href":"https:\/\/sy-bahati.de\/index.php?rest_route=%2Fwp%2Fv2%2Fcomments&post=1465"}],"version-history":[{"count":4,"href":"https:\/\/sy-bahati.de\/index.php?rest_route=\/wp\/v2\/pages\/1465\/revisions"}],"predecessor-version":[{"id":1471,"href":"https:\/\/sy-bahati.de\/index.php?rest_route=\/wp\/v2\/pages\/1465\/revisions\/1471"}],"up":[{"embeddable":true,"href":"https:\/\/sy-bahati.de\/index.php?rest_route=\/wp\/v2\/pages\/1461"}],"wp:attachment":[{"href":"https:\/\/sy-bahati.de\/index.php?rest_route=%2Fwp%2Fv2%2Fmedia&parent=1465"}],"curies":[{"name":"wp","href":"https:\/\/api.w.org\/{rel}","templated":true}]}}