{"id":1484,"date":"2014-11-06T16:57:56","date_gmt":"2014-11-06T16:57:56","guid":{"rendered":"http:\/\/sy-bahati.de\/?page_id=1484"},"modified":"2014-11-06T16:57:56","modified_gmt":"2014-11-06T16:57:56","slug":"tuerschloss","status":"publish","type":"page","link":"https:\/\/sy-bahati.de\/?page_id=1484","title":{"rendered":"T\u00fcrschloss"},"content":{"rendered":"<p>Gut, dass es nur um ein ganz einfaches T\u00fcrschloss ging. Die T\u00fcrklinke der WC-T\u00fcr hing schr\u00e4g herunter und zog damit die T\u00fcrschlossfalle ins T\u00fcrblatt. Somit konnte die T\u00fcr nicht mehr richtig geschlossen werden. Es gibt nun T\u00fcren mit Rechtsanschlag und Linksanschlag im Schiff. Dazu gibt es das jeweils passende Schloss. Die Backbordachterkabine hat den gleichen Anschlag. Also tauschte ich zun\u00e4chst das defekte WC-Schloss mit dem intakten Kabinenschloss. Beim Tausch konnte man auch gleich sehen, dass die &#8222;R\u00fcckholfeder&#8220; gebrochen war. Also, Reparatur nicht m\u00f6glich. Das Schloss musste bestellt werden.<a href=\"https:\/\/sy-bahati.de\/wp-content\/uploads\/2014\/11\/T\u00fcrschloss.jpg\"><img loading=\"lazy\" decoding=\"async\" class=\"alignright size-medium wp-image-1481\" src=\"https:\/\/sy-bahati.de\/wp-content\/uploads\/2014\/11\/T\u00fcrschloss-300x231.jpg\" alt=\"T\u00fcrschloss\" width=\"300\" height=\"231\" srcset=\"https:\/\/sy-bahati.de\/wp-content\/uploads\/2014\/11\/T\u00fcrschloss-300x231.jpg 300w, https:\/\/sy-bahati.de\/wp-content\/uploads\/2014\/11\/T\u00fcrschloss-389x300.jpg 389w, https:\/\/sy-bahati.de\/wp-content\/uploads\/2014\/11\/T\u00fcrschloss.jpg 1000w\" sizes=\"auto, (max-width: 300px) 100vw, 300px\" \/><\/a> Bei Bavaria, bei unserem zust\u00e4ndigen H\u00e4ndler. Damit fing das Drama an. Dem bisherigen H\u00e4ndler wurde anscheinend der Vertrag gek\u00fcndigt. Es gibt also einen neuen H\u00e4ndler. Dort hatten wir bereits ein neues Steckschloss gekauft. Lieferzeit gute 6 Monate. Also dachten wir, hier sind wir bekannt! Pech gehabt. Der einzige Mitarbeiter, den wir auch kannten, ist durch eine l\u00e4ngere Krankheit ausgefallen. Kein Ersatz, kein R\u00fcckruf und anderen H\u00e4ndlern ist es nicht gestattet uns etwas zu verkaufen. Blieb nur die schriftliche Beschwerde per Mail bei Bavaria. Es erfolgte eine schnelle Reaktion. Und auch von der Marina Gro\u00dfenbrode meldete sich jemand, als Ersatz f\u00fcr den Bavaria-Vertreter. Wir besprachen telefonisch, welches Schloss wir ben\u00f6tigen. Nur ist <a href=\"https:\/\/sy-bahati.de\/wp-content\/uploads\/2014\/11\/T\u00fcr_defekt.jpg\"><img loading=\"lazy\" decoding=\"async\" class=\"alignleft size-medium wp-image-1482\" src=\"https:\/\/sy-bahati.de\/wp-content\/uploads\/2014\/11\/T\u00fcr_defekt-227x300.jpg\" alt=\"T\u00fcr_defekt\" width=\"227\" height=\"300\" srcset=\"https:\/\/sy-bahati.de\/wp-content\/uploads\/2014\/11\/T\u00fcr_defekt-227x300.jpg 227w, https:\/\/sy-bahati.de\/wp-content\/uploads\/2014\/11\/T\u00fcr_defekt.jpg 758w\" sizes=\"auto, (max-width: 227px) 100vw, 227px\" \/><\/a>die Definition von Links- und Rechtsanschlag anscheinend nicht ganz eindeutig. Aber, so dachte ich, wenn ich sage, um welche T\u00fcr es sich handelt und wie diese sich \u00f6ffnet und schlie\u00dft, muss das klar sein. Das Schloss kommt. Mein Bruder nimmt es mit nach Porto und&#8230;. genau das falsche! Na ok. Ist ja nur ein Schloss. Ich rufe in Gro\u00dfenbrode an und berichte, dass das Schloss falsch sei und er mir genau das andere noch einmal zusenden m\u00f6chte. Ich w\u00fcrde dann das falsche wieder zur\u00fcck senden. Leider konnte aber keiner mehr nachvollziehen, welches Schloss wir bekommen haben. Tats\u00e4chlich gibt es auf dem Lieferschein keine Artikelnummer. Da sind Profis am Werk! Nach einigem Hin und Her und Telefonaten mit meinem Bruder in Portugal war dann scheinbar klar, welches Schloss das richtige sei. Ich bekam also ein neues Schloss und mein Bruder brachte das falsche aus Portugal wieder mit zur\u00fcck. Ein Blick auf beide Schl\u00f6sser und&#8230; es war jetzt tats\u00e4chlich das richtige!<\/p>\n<p>Auf dem Weg von Lissabon nach Las Palmas tauschte ich das defekte Schloss aus. Beim Einbau konnte ich dann den Absperrriegel nicht einsetzen.<a href=\"https:\/\/sy-bahati.de\/wp-content\/uploads\/2014\/11\/T\u00fcr_fertig.jpg\"><img loading=\"lazy\" decoding=\"async\" class=\"alignright size-medium wp-image-1483\" src=\"https:\/\/sy-bahati.de\/wp-content\/uploads\/2014\/11\/T\u00fcr_fertig-300x229.jpg\" alt=\"T\u00fcr_fertig\" width=\"300\" height=\"229\" srcset=\"https:\/\/sy-bahati.de\/wp-content\/uploads\/2014\/11\/T\u00fcr_fertig-300x229.jpg 300w, https:\/\/sy-bahati.de\/wp-content\/uploads\/2014\/11\/T\u00fcr_fertig-392x300.jpg 392w, https:\/\/sy-bahati.de\/wp-content\/uploads\/2014\/11\/T\u00fcr_fertig.jpg 1000w\" sizes=\"auto, (max-width: 300px) 100vw, 300px\" \/><\/a> Die zugeh\u00f6rige Feder fehlte im neuen Schloss. Gl\u00fccklicherweise war es m\u00f6glich, die Feder aus dem defekten Schloss zu \u00fcbernehmen.Jetzt schlie\u00dft auch wieder die Backbordachterkabine. War ja nur eine Kleinigkeit. Aktuell haben wir f\u00fcr die Cockpitdusche neue Abdeckungen bestellt. Vor einigen Wochen. Wahrscheinlich ist die Mail nicht angekommen. Naja, das Schiff f\u00e4hrt auch mit sch\u00e4bigen Abdeckungen!<\/p>\n<div id=\"attachment_1486\" style=\"width: 310px\" class=\"wp-caption aligncenter\"><a href=\"https:\/\/sy-bahati.de\/wp-content\/uploads\/2014\/11\/Cockpitdusche.jpg\"><img loading=\"lazy\" decoding=\"async\" aria-describedby=\"caption-attachment-1486\" class=\"size-medium wp-image-1486\" src=\"https:\/\/sy-bahati.de\/wp-content\/uploads\/2014\/11\/Cockpitdusche-300x237.jpg\" alt=\"Abdeckungen Cockpitdusche\" width=\"300\" height=\"237\" srcset=\"https:\/\/sy-bahati.de\/wp-content\/uploads\/2014\/11\/Cockpitdusche-300x237.jpg 300w, https:\/\/sy-bahati.de\/wp-content\/uploads\/2014\/11\/Cockpitdusche-378x300.jpg 378w, https:\/\/sy-bahati.de\/wp-content\/uploads\/2014\/11\/Cockpitdusche.jpg 1000w\" sizes=\"auto, (max-width: 300px) 100vw, 300px\" \/><\/a><p id=\"caption-attachment-1486\" class=\"wp-caption-text\">Abdeckungen Cockpitdusche<\/p><\/div>\n<p style=\"text-align: right;\">6.11.2014<\/p>\n<p><a title=\"Defekte\" href=\"https:\/\/sy-bahati.de\/?page_id=1461\">ZUR\u00dcCK<\/a><\/p>\n","protected":false},"excerpt":{"rendered":"<p>Gut, dass es nur um ein ganz einfaches T\u00fcrschloss ging. Die T\u00fcrklinke der WC-T\u00fcr hing schr\u00e4g herunter und zog damit die T\u00fcrschlossfalle ins T\u00fcrblatt. Somit konnte die T\u00fcr nicht mehr richtig geschlossen werden. Es gibt nun T\u00fcren mit Rechtsanschlag und &hellip; <a href=\"https:\/\/sy-bahati.de\/?page_id=1484\">Weiterlesen <span class=\"meta-nav\">&rarr;<\/span><\/a><\/p>\n","protected":false},"author":1,"featured_media":0,"parent":1461,"menu_order":0,"comment_status":"closed","ping_status":"closed","template":"sidebar-page.php","meta":{"_exactmetrics_skip_tracking":false,"_exactmetrics_sitenote_active":false,"_exactmetrics_sitenote_note":"","_exactmetrics_sitenote_category":0,"footnotes":""},"class_list":["post-1484","page","type-page","status-publish","hentry"],"_links":{"self":[{"href":"https:\/\/sy-bahati.de\/index.php?rest_route=\/wp\/v2\/pages\/1484","targetHints":{"allow":["GET"]}}],"collection":[{"href":"https:\/\/sy-bahati.de\/index.php?rest_route=\/wp\/v2\/pages"}],"about":[{"href":"https:\/\/sy-bahati.de\/index.php?rest_route=\/wp\/v2\/types\/page"}],"author":[{"embeddable":true,"href":"https:\/\/sy-bahati.de\/index.php?rest_route=\/wp\/v2\/users\/1"}],"replies":[{"embeddable":true,"href":"https:\/\/sy-bahati.de\/index.php?rest_route=%2Fwp%2Fv2%2Fcomments&post=1484"}],"version-history":[{"count":2,"href":"https:\/\/sy-bahati.de\/index.php?rest_route=\/wp\/v2\/pages\/1484\/revisions"}],"predecessor-version":[{"id":1487,"href":"https:\/\/sy-bahati.de\/index.php?rest_route=\/wp\/v2\/pages\/1484\/revisions\/1487"}],"up":[{"embeddable":true,"href":"https:\/\/sy-bahati.de\/index.php?rest_route=\/wp\/v2\/pages\/1461"}],"wp:attachment":[{"href":"https:\/\/sy-bahati.de\/index.php?rest_route=%2Fwp%2Fv2%2Fmedia&parent=1484"}],"curies":[{"name":"wp","href":"https:\/\/api.w.org\/{rel}","templated":true}]}}