{"id":1497,"date":"2014-11-10T17:53:27","date_gmt":"2014-11-10T17:53:27","guid":{"rendered":"http:\/\/sy-bahati.de\/?page_id=1497"},"modified":"2014-11-10T17:53:27","modified_gmt":"2014-11-10T17:53:27","slug":"genuahals","status":"publish","type":"page","link":"https:\/\/sy-bahati.de\/?page_id=1497","title":{"rendered":"Genuahals"},"content":{"rendered":"<p>Die Segel werden bei einer solchen Tour mit Sicherheit in h\u00f6chstem Ma\u00dfe beansprucht. Diese Erfahrung haben wir jetzt schon auf dem kurzen St\u00fcck zwischen Lissabon und Las <a href=\"https:\/\/sy-bahati.de\/wp-content\/uploads\/2014\/11\/Genuahals.jpg\"><img loading=\"lazy\" decoding=\"async\" class=\"alignleft size-medium wp-image-1500\" src=\"https:\/\/sy-bahati.de\/wp-content\/uploads\/2014\/11\/Genuahals-300x274.jpg\" alt=\"Genuahals\" width=\"300\" height=\"274\" srcset=\"https:\/\/sy-bahati.de\/wp-content\/uploads\/2014\/11\/Genuahals-300x274.jpg 300w, https:\/\/sy-bahati.de\/wp-content\/uploads\/2014\/11\/Genuahals-328x300.jpg 328w, https:\/\/sy-bahati.de\/wp-content\/uploads\/2014\/11\/Genuahals.jpg 1000w\" sizes=\"auto, (max-width: 300px) 100vw, 300px\" \/><\/a>Palmas gemacht. Zugegeben. Wir h\u00e4tten unsere Segelfl\u00e4che fr\u00fcher reduzieren sollen. Aber es ging ja noch! Dazu in der Nacht eine Welle, die exaktes Steuern nicht erm\u00f6glichte und so das Schlagen der Genua nicht immer zu vermeiden war. Bis der Gurt am Genuahals gerissen ist. Sp\u00e4testens jetzt musste das Segel eingeholt werden. Dabei ist auch das Trittbrett noch abgerissen worden und h\u00e4tten wir noch l\u00e4nger gewartet, w\u00e4ren uns auch die Positionslichter weg geflogen.<a href=\"https:\/\/sy-bahati.de\/wp-content\/uploads\/2014\/11\/Trittbrett.jpg\"><img loading=\"lazy\" decoding=\"async\" class=\"alignright size-medium wp-image-1501\" src=\"https:\/\/sy-bahati.de\/wp-content\/uploads\/2014\/11\/Trittbrett-208x300.jpg\" alt=\"Trittbrett\" width=\"208\" height=\"300\" srcset=\"https:\/\/sy-bahati.de\/wp-content\/uploads\/2014\/11\/Trittbrett-208x300.jpg 208w, https:\/\/sy-bahati.de\/wp-content\/uploads\/2014\/11\/Trittbrett.jpg 523w\" sizes=\"auto, (max-width: 208px) 100vw, 208px\" \/><\/a><br \/>\nGut, dass wir unsere 2. Mittelwindgenua noch hatten. Diese reichte f\u00fcr den Wind v\u00f6llig aus.<br \/>\nDas defekte Segel wurde in Las Palmas zum Segelmacher zur Reparatur gebracht und f\u00fcr die weitere Fahrt hat uns <a title=\"Oeverdiek und Heinritz\" href=\"http:\/\/www.oeverdiek-heinritz.de\/\" target=\"_blank\">Oeverdiek und Heinritz<\/a> ein Segelreparaturset zusammen gestellt.<\/p>\n<p style=\"text-align: right;\">10.11.2014<\/p>\n<p><a title=\"Defekte\" href=\"https:\/\/sy-bahati.de\/?page_id=1461\">ZUR\u00dcCK<\/a><\/p>\n","protected":false},"excerpt":{"rendered":"<p>Die Segel werden bei einer solchen Tour mit Sicherheit in h\u00f6chstem Ma\u00dfe beansprucht. Diese Erfahrung haben wir jetzt schon auf dem kurzen St\u00fcck zwischen Lissabon und Las Palmas gemacht. Zugegeben. Wir h\u00e4tten unsere Segelfl\u00e4che fr\u00fcher reduzieren sollen. Aber es ging &hellip; <a href=\"https:\/\/sy-bahati.de\/?page_id=1497\">Weiterlesen <span class=\"meta-nav\">&rarr;<\/span><\/a><\/p>\n","protected":false},"author":1,"featured_media":0,"parent":1461,"menu_order":0,"comment_status":"closed","ping_status":"closed","template":"sidebar-page.php","meta":{"_exactmetrics_skip_tracking":false,"_exactmetrics_sitenote_active":false,"_exactmetrics_sitenote_note":"","_exactmetrics_sitenote_category":0,"footnotes":""},"class_list":["post-1497","page","type-page","status-publish","hentry"],"_links":{"self":[{"href":"https:\/\/sy-bahati.de\/index.php?rest_route=\/wp\/v2\/pages\/1497","targetHints":{"allow":["GET"]}}],"collection":[{"href":"https:\/\/sy-bahati.de\/index.php?rest_route=\/wp\/v2\/pages"}],"about":[{"href":"https:\/\/sy-bahati.de\/index.php?rest_route=\/wp\/v2\/types\/page"}],"author":[{"embeddable":true,"href":"https:\/\/sy-bahati.de\/index.php?rest_route=\/wp\/v2\/users\/1"}],"replies":[{"embeddable":true,"href":"https:\/\/sy-bahati.de\/index.php?rest_route=%2Fwp%2Fv2%2Fcomments&post=1497"}],"version-history":[{"count":3,"href":"https:\/\/sy-bahati.de\/index.php?rest_route=\/wp\/v2\/pages\/1497\/revisions"}],"predecessor-version":[{"id":1502,"href":"https:\/\/sy-bahati.de\/index.php?rest_route=\/wp\/v2\/pages\/1497\/revisions\/1502"}],"up":[{"embeddable":true,"href":"https:\/\/sy-bahati.de\/index.php?rest_route=\/wp\/v2\/pages\/1461"}],"wp:attachment":[{"href":"https:\/\/sy-bahati.de\/index.php?rest_route=%2Fwp%2Fv2%2Fmedia&parent=1497"}],"curies":[{"name":"wp","href":"https:\/\/api.w.org\/{rel}","templated":true}]}}