{"id":1516,"date":"2014-11-11T09:50:54","date_gmt":"2014-11-11T09:50:54","guid":{"rendered":"http:\/\/sy-bahati.de\/?page_id=1516"},"modified":"2014-11-11T09:53:51","modified_gmt":"2014-11-11T09:53:51","slug":"kuehlschrank","status":"publish","type":"page","link":"https:\/\/sy-bahati.de\/?page_id=1516","title":{"rendered":"K\u00fchlschrank"},"content":{"rendered":"<p>Der K\u00fchlschrank ist einer der gr\u00f6\u00dften Verbraucher an Bord. Wenn er l\u00e4uft, dann ben\u00f6tigt er gute 6 A Strom. Wenn das Ger\u00e4t gut isoliert ist, m\u00f6glichst gut bef\u00fcllt und nicht so h\u00e4ufig ge\u00f6ffnet wird, dann muss er nur hin und wieder k\u00fchlen. Wenn er dann auch tats\u00e4chlich funktioniert! Gerade bei den letzten Etappen haben wir den Stromverbrauch sehr genau beobachtet. Und unser Problemkind war der K\u00fchlschrank.<a href=\"https:\/\/sy-bahati.de\/wp-content\/uploads\/2014\/11\/K\u00fchlschrank_Technik.jpg\"><img loading=\"lazy\" decoding=\"async\" class=\"alignright size-medium wp-image-1514\" src=\"https:\/\/sy-bahati.de\/wp-content\/uploads\/2014\/11\/K\u00fchlschrank_Technik-300x147.jpg\" alt=\"K\u00fchlschrank_Technik\" width=\"300\" height=\"147\" srcset=\"https:\/\/sy-bahati.de\/wp-content\/uploads\/2014\/11\/K\u00fchlschrank_Technik-300x147.jpg 300w, https:\/\/sy-bahati.de\/wp-content\/uploads\/2014\/11\/K\u00fchlschrank_Technik-500x246.jpg 500w, https:\/\/sy-bahati.de\/wp-content\/uploads\/2014\/11\/K\u00fchlschrank_Technik.jpg 1000w\" sizes=\"auto, (max-width: 300px) 100vw, 300px\" \/><\/a> Der lief immer und wurde dabei auch nicht richtig kalt. Aber wer kennt sich schon mit einem K\u00fchlschrank aus? Den macht man auf und dann ist er entweder leer oder voll. Nicht auch jetzt noch einen neuen K\u00fchlschrank kaufen m\u00fcssen. Also ganz entspannt, mit gesundem Menschenverstand und Bedienungsanleitung da rangehen. Man h\u00f6rt, dass er l\u00e4uft. Das ist schon mal gar nicht so schlecht. Strom ist da und auch eine gewisse Funktion. Das Thermostat kann es nicht sein. Dann w\u00fcrde bei Dauerbetrieb im K\u00fchlschrank alles gefrieren. Er wird aber nicht richtig kalt. Die Bedienungsanleitung von unserer\u00a0Waeco Cold Machine Serie 84 enth\u00e4lt sogar ein paar Seiten f\u00fcr die Fehlersuche. Dort steht, dass in einem solchen Fall u.a. die Luftzufuhr zum W\u00e4rmetauscher beeintr\u00e4chtigt sein kann. Aha! Wo ist der denn? Unter der eigentlichen K\u00fchlbox hinter einer Holzklappe. Bis auf ein wenig Staub sieht aber auf den ersten Blick alles gut aus. Noch einmal aus- und wieder einschalten. Der W\u00e4rmetauscher surrt. Aber der L\u00fcfter vor dem W\u00e4rmetauscher l\u00e4uft nicht.<a href=\"https:\/\/sy-bahati.de\/wp-content\/uploads\/2014\/11\/K\u00fchlschrankl\u00fcfter.jpg\"><img loading=\"lazy\" decoding=\"async\" class=\"alignleft size-medium wp-image-1515\" src=\"https:\/\/sy-bahati.de\/wp-content\/uploads\/2014\/11\/K\u00fchlschrankl\u00fcfter-300x278.jpg\" alt=\"K\u00fchlschrankl\u00fcfter\" width=\"300\" height=\"278\" srcset=\"https:\/\/sy-bahati.de\/wp-content\/uploads\/2014\/11\/K\u00fchlschrankl\u00fcfter-300x278.jpg 300w, https:\/\/sy-bahati.de\/wp-content\/uploads\/2014\/11\/K\u00fchlschrankl\u00fcfter-323x300.jpg 323w, https:\/\/sy-bahati.de\/wp-content\/uploads\/2014\/11\/K\u00fchlschrankl\u00fcfter.jpg 1000w\" sizes=\"auto, (max-width: 300px) 100vw, 300px\" \/><\/a> Ein kurzer Anstupser und auch er surrt los. Nach einer Stunde steht fest: Der K\u00fchlschrank k\u00fchlt jetzt wieder wie gewohnt. Nochmal aus- und einschalten und der L\u00fcfter dreht wieder nicht, nur mit Anfahrhilfe. Ein, zwei e-Mails an Waeco und der neue L\u00fcfter wurde f\u00fcr 24,- \u20ac geliefert. Endlich einmal ein Ersatzteil, welches z\u00fcgig und g\u00fcnstig zu beschaffen war.<br \/>\nDamit werden wir jetzt nicht auf kalte Getr\u00e4nke w\u00e4hrend der \u00dcberfahrt verzichten m\u00fcssen. Halleluja.<\/p>\n<p style=\"text-align: right;\">11.11.2014<\/p>\n<p><a title=\"Defekte\" href=\"https:\/\/sy-bahati.de\/?page_id=1461\">ZUR\u00dcCK<\/a><\/p>\n","protected":false},"excerpt":{"rendered":"<p>Der K\u00fchlschrank ist einer der gr\u00f6\u00dften Verbraucher an Bord. Wenn er l\u00e4uft, dann ben\u00f6tigt er gute 6 A Strom. Wenn das Ger\u00e4t gut isoliert ist, m\u00f6glichst gut bef\u00fcllt und nicht so h\u00e4ufig ge\u00f6ffnet wird, dann muss er nur hin und &hellip; <a href=\"https:\/\/sy-bahati.de\/?page_id=1516\">Weiterlesen <span class=\"meta-nav\">&rarr;<\/span><\/a><\/p>\n","protected":false},"author":1,"featured_media":0,"parent":1461,"menu_order":0,"comment_status":"closed","ping_status":"closed","template":"sidebar-page.php","meta":{"_exactmetrics_skip_tracking":false,"_exactmetrics_sitenote_active":false,"_exactmetrics_sitenote_note":"","_exactmetrics_sitenote_category":0,"footnotes":""},"class_list":["post-1516","page","type-page","status-publish","hentry"],"_links":{"self":[{"href":"https:\/\/sy-bahati.de\/index.php?rest_route=\/wp\/v2\/pages\/1516","targetHints":{"allow":["GET"]}}],"collection":[{"href":"https:\/\/sy-bahati.de\/index.php?rest_route=\/wp\/v2\/pages"}],"about":[{"href":"https:\/\/sy-bahati.de\/index.php?rest_route=\/wp\/v2\/types\/page"}],"author":[{"embeddable":true,"href":"https:\/\/sy-bahati.de\/index.php?rest_route=\/wp\/v2\/users\/1"}],"replies":[{"embeddable":true,"href":"https:\/\/sy-bahati.de\/index.php?rest_route=%2Fwp%2Fv2%2Fcomments&post=1516"}],"version-history":[{"count":3,"href":"https:\/\/sy-bahati.de\/index.php?rest_route=\/wp\/v2\/pages\/1516\/revisions"}],"predecessor-version":[{"id":1519,"href":"https:\/\/sy-bahati.de\/index.php?rest_route=\/wp\/v2\/pages\/1516\/revisions\/1519"}],"up":[{"embeddable":true,"href":"https:\/\/sy-bahati.de\/index.php?rest_route=\/wp\/v2\/pages\/1461"}],"wp:attachment":[{"href":"https:\/\/sy-bahati.de\/index.php?rest_route=%2Fwp%2Fv2%2Fmedia&parent=1516"}],"curies":[{"name":"wp","href":"https:\/\/api.w.org\/{rel}","templated":true}]}}