{"id":1531,"date":"2014-11-11T14:31:51","date_gmt":"2014-11-11T14:31:51","guid":{"rendered":"http:\/\/sy-bahati.de\/?page_id=1531"},"modified":"2014-11-11T14:31:51","modified_gmt":"2014-11-11T14:31:51","slug":"reparaturset-segel","status":"publish","type":"page","link":"https:\/\/sy-bahati.de\/?page_id=1531","title":{"rendered":"Reparaturset Segel"},"content":{"rendered":"<p>Unsere Segel sind nat\u00fcrlich vor dem Start in Heiligenhafen noch einmal vom Segelmacher Oeverdiek &amp; Heinritz gepr\u00fcft und ggf. repariert worden. Ein Reparaturset stand auf unserer Liste.<a href=\"https:\/\/sy-bahati.de\/wp-content\/uploads\/2014\/11\/Segel_Rep_Set.jpg\"><img loading=\"lazy\" decoding=\"async\" class=\"alignleft size-medium wp-image-1533\" src=\"https:\/\/sy-bahati.de\/wp-content\/uploads\/2014\/11\/Segel_Rep_Set-300x188.jpg\" alt=\"Segel_Rep_Set\" width=\"300\" height=\"188\" srcset=\"https:\/\/sy-bahati.de\/wp-content\/uploads\/2014\/11\/Segel_Rep_Set-300x188.jpg 300w, https:\/\/sy-bahati.de\/wp-content\/uploads\/2014\/11\/Segel_Rep_Set-478x300.jpg 478w, https:\/\/sy-bahati.de\/wp-content\/uploads\/2014\/11\/Segel_Rep_Set.jpg 1000w\" sizes=\"auto, (max-width: 300px) 100vw, 300px\" \/><\/a> Aber wir haben uns nur halbherzig darum gek\u00fcmmert. Auf dem Weg nach Gran Canaria ist dann die Halsschlaufe der Rollgenua gerissen. Damit war das Segel f\u00fcr uns nicht mehr zu gebrauchen. In diesem Fall nicht so tragisch, da wir als Ersatz die Mittelwindgenua einsetzen konnten. Dies hat aber den Ausschlag gegeben, sich um das Reparaturset vor Start der ARC zu k\u00fcmmern. Oeverdiek &amp; Heinritz haben einen &#8222;kleine&#8220; Karton geliefert. Inhalt:<\/p>\n<ul>\n<li>1 Satz Trimmf\u00e4den<\/li>\n<li>1 wasserdichter Packsack<\/li>\n<li>Balistol Spray<\/li>\n<li>Spr\u00fchkleber<\/li>\n<li>K\u00f6cher mit Nadeln<\/li>\n<li>Segel Reparaturset mit Segelmacherhandschuh<\/li>\n<li>Handn\u00e4hgarn d\u00fcnn<\/li>\n<li>Handn\u00e4hgarn dick<\/li>\n<li>Heavy Duty Sail Repair Tape<\/li>\n<li>Rip Stop Spinnaker Tape<\/li>\n<li>Segelreparaturtape 45m Breite 51mm<\/li>\n<li>Segelreparaturtape 45m Breite 102mm<\/li>\n<li>Splei\u00df Set<\/li>\n<li>Doppelseitiges Klebetape<\/li>\n<li>2 Niro Ringe 8 mm<\/li>\n<li>2 Niro Ringe 10 mm<\/li>\n<li>2 Clem Cleat<\/li>\n<li>1 Rolle Polyester Gurt<\/li>\n<li>Schere<\/li>\n<li>Piker Aale<\/li>\n<\/ul>\n<p>Super. Aber wie benutzt man das? Die Hilfe kam vom 2. Chefredakteur der Yacht in Form einer PDF aus Heft 15\/2014. In diesem Artikel wird kurz und b\u00fcndig eine Segelreparatur erl\u00e4utert. Fazit: Das schaffen wir auch!<\/p>\n<p style=\"text-align: right;\">11.11.2014<\/p>\n<p><a title=\"Yacht Aufr\u00fcstung\" href=\"https:\/\/sy-bahati.de\/?page_id=111\">ZUR\u00dcCK<\/a><\/p>\n","protected":false},"excerpt":{"rendered":"<p>Unsere Segel sind nat\u00fcrlich vor dem Start in Heiligenhafen noch einmal vom Segelmacher Oeverdiek &amp; Heinritz gepr\u00fcft und ggf. repariert worden. Ein Reparaturset stand auf unserer Liste. Aber wir haben uns nur halbherzig darum gek\u00fcmmert. Auf dem Weg nach Gran &hellip; <a href=\"https:\/\/sy-bahati.de\/?page_id=1531\">Weiterlesen <span class=\"meta-nav\">&rarr;<\/span><\/a><\/p>\n","protected":false},"author":1,"featured_media":0,"parent":111,"menu_order":0,"comment_status":"closed","ping_status":"closed","template":"sidebar-page.php","meta":{"_exactmetrics_skip_tracking":false,"_exactmetrics_sitenote_active":false,"_exactmetrics_sitenote_note":"","_exactmetrics_sitenote_category":0,"footnotes":""},"class_list":["post-1531","page","type-page","status-publish","hentry"],"_links":{"self":[{"href":"https:\/\/sy-bahati.de\/index.php?rest_route=\/wp\/v2\/pages\/1531","targetHints":{"allow":["GET"]}}],"collection":[{"href":"https:\/\/sy-bahati.de\/index.php?rest_route=\/wp\/v2\/pages"}],"about":[{"href":"https:\/\/sy-bahati.de\/index.php?rest_route=\/wp\/v2\/types\/page"}],"author":[{"embeddable":true,"href":"https:\/\/sy-bahati.de\/index.php?rest_route=\/wp\/v2\/users\/1"}],"replies":[{"embeddable":true,"href":"https:\/\/sy-bahati.de\/index.php?rest_route=%2Fwp%2Fv2%2Fcomments&post=1531"}],"version-history":[{"count":2,"href":"https:\/\/sy-bahati.de\/index.php?rest_route=\/wp\/v2\/pages\/1531\/revisions"}],"predecessor-version":[{"id":1534,"href":"https:\/\/sy-bahati.de\/index.php?rest_route=\/wp\/v2\/pages\/1531\/revisions\/1534"}],"up":[{"embeddable":true,"href":"https:\/\/sy-bahati.de\/index.php?rest_route=\/wp\/v2\/pages\/111"}],"wp:attachment":[{"href":"https:\/\/sy-bahati.de\/index.php?rest_route=%2Fwp%2Fv2%2Fmedia&parent=1531"}],"curies":[{"name":"wp","href":"https:\/\/api.w.org\/{rel}","templated":true}]}}