{"id":2260,"date":"2015-05-07T11:31:42","date_gmt":"2015-05-07T11:31:42","guid":{"rendered":"http:\/\/sy-bahati.de\/?page_id=2260"},"modified":"2015-05-07T11:31:42","modified_gmt":"2015-05-07T11:31:42","slug":"news","status":"publish","type":"page","link":"https:\/\/sy-bahati.de\/?page_id=2260","title":{"rendered":"News"},"content":{"rendered":"<p><strong><a href=\"https:\/\/sy-bahati.de\/wp-content\/uploads\/2015\/05\/Titelbild.jpg\"><img loading=\"lazy\" decoding=\"async\" class=\"aligncenter size-full wp-image-2259\" src=\"https:\/\/sy-bahati.de\/wp-content\/uploads\/2015\/05\/Titelbild.jpg\" alt=\"Atlantik\" width=\"1000\" height=\"666\" srcset=\"https:\/\/sy-bahati.de\/wp-content\/uploads\/2015\/05\/Titelbild.jpg 1000w, https:\/\/sy-bahati.de\/wp-content\/uploads\/2015\/05\/Titelbild-300x200.jpg 300w, https:\/\/sy-bahati.de\/wp-content\/uploads\/2015\/05\/Titelbild-450x300.jpg 450w\" sizes=\"auto, (max-width: 1000px) 100vw, 1000px\" \/><\/a>Vortrag Atlantik\u00fcberquerung<\/strong><\/p>\n<p>Ende letzten Jahres segelten die drei Dortmunder Udo Kauth, Volker und Thomas Goeke mit einem 12 m Segelboot von Gran Canaria nach St. Lucia \u00fcber den Atlantik. Am Montag, den 18. Mai berichten Sie \u00fcber die 20 Tage auf hoher See und die Vorbereitungen in\u00a0 Las Palmas. Am Ende des etwa einst\u00fcndigen Vortrags stehen die drei f\u00fcr Fragen zur Verf\u00fcgung. Da die Pl\u00e4tze begrenzt sind, ist eine Anmeldung per Mail an thomas@sy-bahati.de notwendig.<\/p>\n<p>Die Veranstaltung ist kostenlos und beginnt um 19 Uhr in der Clubgastronomie des TSC Hansa,<br \/>\nBaststra\u00dfe 10 in Dortmund-Wellinghofen.<\/p>\n<p><a title=\"Aktuelles\" href=\"https:\/\/sy-bahati.de\/\">ZUR\u00dcCK<\/a><\/p>\n","protected":false},"excerpt":{"rendered":"<p>Vortrag Atlantik\u00fcberquerung Ende letzten Jahres segelten die drei Dortmunder Udo Kauth, Volker und Thomas Goeke mit einem 12 m Segelboot von Gran Canaria nach St. Lucia \u00fcber den Atlantik. Am Montag, den 18. Mai berichten Sie \u00fcber die 20 Tage &hellip; <a href=\"https:\/\/sy-bahati.de\/?page_id=2260\">Weiterlesen <span class=\"meta-nav\">&rarr;<\/span><\/a><\/p>\n","protected":false},"author":1,"featured_media":0,"parent":26,"menu_order":0,"comment_status":"closed","ping_status":"closed","template":"sidebar-page.php","meta":{"_exactmetrics_skip_tracking":false,"_exactmetrics_sitenote_active":false,"_exactmetrics_sitenote_note":"","_exactmetrics_sitenote_category":0,"footnotes":""},"class_list":["post-2260","page","type-page","status-publish","hentry"],"_links":{"self":[{"href":"https:\/\/sy-bahati.de\/index.php?rest_route=\/wp\/v2\/pages\/2260","targetHints":{"allow":["GET"]}}],"collection":[{"href":"https:\/\/sy-bahati.de\/index.php?rest_route=\/wp\/v2\/pages"}],"about":[{"href":"https:\/\/sy-bahati.de\/index.php?rest_route=\/wp\/v2\/types\/page"}],"author":[{"embeddable":true,"href":"https:\/\/sy-bahati.de\/index.php?rest_route=\/wp\/v2\/users\/1"}],"replies":[{"embeddable":true,"href":"https:\/\/sy-bahati.de\/index.php?rest_route=%2Fwp%2Fv2%2Fcomments&post=2260"}],"version-history":[{"count":1,"href":"https:\/\/sy-bahati.de\/index.php?rest_route=\/wp\/v2\/pages\/2260\/revisions"}],"predecessor-version":[{"id":2261,"href":"https:\/\/sy-bahati.de\/index.php?rest_route=\/wp\/v2\/pages\/2260\/revisions\/2261"}],"up":[{"embeddable":true,"href":"https:\/\/sy-bahati.de\/index.php?rest_route=\/wp\/v2\/pages\/26"}],"wp:attachment":[{"href":"https:\/\/sy-bahati.de\/index.php?rest_route=%2Fwp%2Fv2%2Fmedia&parent=2260"}],"curies":[{"name":"wp","href":"https:\/\/api.w.org\/{rel}","templated":true}]}}