{"id":251,"date":"2014-02-05T13:18:33","date_gmt":"2014-02-05T13:18:33","guid":{"rendered":"http:\/\/sy-bahati.de\/?page_id=251"},"modified":"2014-03-06T09:01:01","modified_gmt":"2014-03-06T09:01:01","slug":"led","status":"publish","type":"page","link":"https:\/\/sy-bahati.de\/?page_id=251","title":{"rendered":"LED"},"content":{"rendered":"<p>Wer an der ARC teilnehmen m\u00f6chte, der muss eine zweite unabh\u00e4ngige <img loading=\"lazy\" decoding=\"async\" class=\"wp-image-253 alignleft\" alt=\"LED_Navigationslicht\" src=\"https:\/\/sy-bahati.de\/wp-content\/uploads\/2014\/02\/LED_Navigationslicht-211x300.jpg\" width=\"211\" height=\"300\" srcset=\"https:\/\/sy-bahati.de\/wp-content\/uploads\/2014\/02\/LED_Navigationslicht-211x300.jpg 211w, https:\/\/sy-bahati.de\/wp-content\/uploads\/2014\/02\/LED_Navigationslicht.jpg 353w\" sizes=\"auto, (max-width: 211px) 100vw, 211px\" \/>Navigationsbeleuchtung vorhalten. Welcher Gedanke liegt dann n\u00e4her, als die zus\u00e4tzliche Beleuchtung auch stromsparender auszulegen. Unsere Navigationslichter: Backbord, Steuerbord und Heck,\u00a0haben eine Leistung von jeweils 25 W. Das bedeutet, dass bei unserem (U=)12 V Bordsystem und (P=)75 W Leistung ein Strom (I=P\/U) von 75\/12=6,25A ben\u00f6tigt wird. Demgegen\u00fcber haben LED\u00b4s eine Leistungsaufnahme von je 1,5W. Das entspricht einem Stromverbrauch von 0,375A und damit einer Stromersparnis von 5,875 A\/h.<\/p>\n<p><a href=\"https:\/\/sy-bahati.de\/wp-content\/uploads\/2014\/02\/LED_SW_Navigationslicht.jpg\"><img loading=\"lazy\" decoding=\"async\" class=\" wp-image-255 alignright\" alt=\"LED_SW_Navigationslicht\" src=\"https:\/\/sy-bahati.de\/wp-content\/uploads\/2014\/02\/LED_SW_Navigationslicht-300x195.jpg\" width=\"240\" height=\"156\" srcset=\"https:\/\/sy-bahati.de\/wp-content\/uploads\/2014\/02\/LED_SW_Navigationslicht-300x195.jpg 300w, https:\/\/sy-bahati.de\/wp-content\/uploads\/2014\/02\/LED_SW_Navigationslicht-461x300.jpg 461w, https:\/\/sy-bahati.de\/wp-content\/uploads\/2014\/02\/LED_SW_Navigationslicht.jpg 500w\" sizes=\"auto, (max-width: 240px) 100vw, 240px\" \/><\/a><\/p>\n<p>Das Bavaria Steuerpult bietet noch einige freie Funktionstasten. Wir konnten also das Navigationslicht auf der Funktionstaste 3 belegen. Eine saubere und einfache L\u00f6sung.<\/p>\n<p>&nbsp;<\/p>\n<p><a href=\"https:\/\/sy-bahati.de\/wp-content\/uploads\/2014\/02\/LED-Ankerlicht.jpg\"><img loading=\"lazy\" decoding=\"async\" class=\"size-medium wp-image-259 alignleft\" alt=\"LED-Ankerlicht\" src=\"https:\/\/sy-bahati.de\/wp-content\/uploads\/2014\/02\/LED-Ankerlicht-170x300.jpg\" width=\"170\" height=\"300\" srcset=\"https:\/\/sy-bahati.de\/wp-content\/uploads\/2014\/02\/LED-Ankerlicht-170x300.jpg 170w, https:\/\/sy-bahati.de\/wp-content\/uploads\/2014\/02\/LED-Ankerlicht.jpg 284w\" sizes=\"auto, (max-width: 170px) 100vw, 170px\" \/><\/a>Der beste Ort f\u00fcr das zus\u00e4tzliche\u00a0Navigationslicht ist der Masttop. Statt des Ankerlichts gibt es eine Dreifarb-LED-Navigationsleuchte mit integriertem Ankerlicht. Auch beim Ankern schonen wir so unsere Batterien und verbrauchen in\u00a08h\u00a0statt\u00a0 8hx10W\/12V=6,7 Ah nur 8hx1,5W\/12V=1Ah.<a href=\"https:\/\/sy-bahati.de\/wp-content\/uploads\/2014\/02\/LED_SW_Ankerlicht.jpg\"><img loading=\"lazy\" decoding=\"async\" class=\"size-medium wp-image-254 alignright\" alt=\"LED_SW_Ankerlicht\" src=\"https:\/\/sy-bahati.de\/wp-content\/uploads\/2014\/02\/LED_SW_Ankerlicht-223x300.jpg\" width=\"223\" height=\"300\" srcset=\"https:\/\/sy-bahati.de\/wp-content\/uploads\/2014\/02\/LED_SW_Ankerlicht-223x300.jpg 223w, https:\/\/sy-bahati.de\/wp-content\/uploads\/2014\/02\/LED_SW_Ankerlicht.jpg 373w\" sizes=\"auto, (max-width: 223px) 100vw, 223px\" \/><\/a><\/p>\n<p>Am Steuerpult ist das Ankerlicht auch wieder hinter dem urspr\u00fcnglichen Schalter angeschlossen. Leider erkennt die Elektronik durch den ver\u00e4nderten Widerstand eine defekte Leuchte und zeigt dies durch Blinken an. Abgesehen davon funktioniert der Schalter.<\/p>\n<p><a title=\"Aufr\u00fcstung\" href=\"https:\/\/sy-bahati.de\/?page_id=111\">ZUR\u00dcCK<\/a><\/p>\n<p>&nbsp;<\/p>\n<p>&nbsp;<\/p>\n","protected":false},"excerpt":{"rendered":"<p>Wer an der ARC teilnehmen m\u00f6chte, der muss eine zweite unabh\u00e4ngige Navigationsbeleuchtung vorhalten. Welcher Gedanke liegt dann n\u00e4her, als die zus\u00e4tzliche Beleuchtung auch stromsparender auszulegen. Unsere Navigationslichter: Backbord, Steuerbord und Heck,\u00a0haben eine Leistung von jeweils 25 W. Das bedeutet, dass &hellip; <a href=\"https:\/\/sy-bahati.de\/?page_id=251\">Weiterlesen <span class=\"meta-nav\">&rarr;<\/span><\/a><\/p>\n","protected":false},"author":1,"featured_media":0,"parent":111,"menu_order":0,"comment_status":"closed","ping_status":"closed","template":"sidebar-page.php","meta":{"_exactmetrics_skip_tracking":false,"_exactmetrics_sitenote_active":false,"_exactmetrics_sitenote_note":"","_exactmetrics_sitenote_category":0,"footnotes":""},"class_list":["post-251","page","type-page","status-publish","hentry"],"_links":{"self":[{"href":"https:\/\/sy-bahati.de\/index.php?rest_route=\/wp\/v2\/pages\/251","targetHints":{"allow":["GET"]}}],"collection":[{"href":"https:\/\/sy-bahati.de\/index.php?rest_route=\/wp\/v2\/pages"}],"about":[{"href":"https:\/\/sy-bahati.de\/index.php?rest_route=\/wp\/v2\/types\/page"}],"author":[{"embeddable":true,"href":"https:\/\/sy-bahati.de\/index.php?rest_route=\/wp\/v2\/users\/1"}],"replies":[{"embeddable":true,"href":"https:\/\/sy-bahati.de\/index.php?rest_route=%2Fwp%2Fv2%2Fcomments&post=251"}],"version-history":[{"count":9,"href":"https:\/\/sy-bahati.de\/index.php?rest_route=\/wp\/v2\/pages\/251\/revisions"}],"predecessor-version":[{"id":265,"href":"https:\/\/sy-bahati.de\/index.php?rest_route=\/wp\/v2\/pages\/251\/revisions\/265"}],"up":[{"embeddable":true,"href":"https:\/\/sy-bahati.de\/index.php?rest_route=\/wp\/v2\/pages\/111"}],"wp:attachment":[{"href":"https:\/\/sy-bahati.de\/index.php?rest_route=%2Fwp%2Fv2%2Fmedia&parent=251"}],"curies":[{"name":"wp","href":"https:\/\/api.w.org\/{rel}","templated":true}]}}