{"id":26,"date":"2014-01-28T10:25:16","date_gmt":"2014-01-28T10:25:16","guid":{"rendered":"http:\/\/sy-bahati.de\/?page_id=26"},"modified":"2016-04-08T12:39:49","modified_gmt":"2016-04-08T12:39:49","slug":"startseite","status":"publish","type":"page","link":"https:\/\/sy-bahati.de\/","title":{"rendered":"Aktuelles"},"content":{"rendered":"<h3>08.03.2016 Ein Deutscher wird in St. Vincent erschossen: <a href=\"http:\/\/www.welt.de\/vermischtes\/article153037769\/Deutscher-Segler-in-Karibik-von-Piraten-erschossen.html\" target=\"_blank\">WELT.DE<\/a>, <a href=\"http:\/\/www.spiegel.de\/panorama\/justiz\/karibik-deutscher-segler-vor-st-vincent-von-piraten-erschossen-a-1081126.html\" target=\"_blank\">SPIEGELONLINE<\/a>, <a href=\"http:\/\/focus.de\/5340999\" target=\"_blank\">FOCUS.DE<\/a>, <a href=\"http:\/\/www.bild.de\/news\/ausland\/piraterie\/piraten-toeten-deutschen-karibik-segler-44839794.bild.html\" target=\"_blank\">BILD.DE<br \/>\n<\/a><\/h3>\n<h3>08.03.2016 Zum Piraten\u00fcberfall in St. Vincent <a href=\"https:\/\/sy-bahati.de\/?p=1754\" target=\"_blank\">UNSER BERICHT<\/a> vom Januar 2015.<\/h3>\n<h3>03.06.2015 Sommer-Liegeplatz BVI: <a href=\"http:\/\/www.nhc.noaa.gov\/\" target=\"_blank\">NATIONAL HURRICANE CENTER<\/a><\/h3>\n<h3>07.05.2015 Vortrag zur Atlantik\u00fcberquerung Am 18. Mai :<a title=\"News\" href=\"https:\/\/sy-bahati.de\/?page_id=2260\"> Einladung<\/a><\/h3>\n<h3>13.02.2015 Das Interview auf <a title=\"Radio Dortmund 91.2\" href=\"https:\/\/sy-bahati.de\/?p=1856\">Radio Dortmund 91.2<\/a> vor dem ARC Start<\/h3>\n<h3>22.11.2014 Bahati-Artikel in den Ruhrnachrichten <a href=\"https:\/\/sy-bahati.de\/wp-content\/uploads\/2014\/11\/BahatiRN.pdf\">Bahati RN<\/a><\/h3>\n<h3>10.11.2014 Zuhause alles geregelt?<a title=\"Ein Ordner f\u00fcr Ihre Sicherheit\" href=\"https:\/\/sy-bahati.de\/wp-content\/uploads\/2014\/11\/Ein-Ordner-f\u00fcr-Ihre-Sicherheit.pdf\" target=\"_blank\"> Der Notfallordner<\/a><\/h3>\n<h3>25.10.2014 Welche Sch\u00e4den sind bisher aufgetreten: <a title=\"Defekte\" href=\"https:\/\/sy-bahati.de\/?page_id=1461\">DEFEKTE<\/a><\/h3>\n<h3>24.10.2014 NEUES ZUR AUFR\u00dcSTUNG:<a title=\"AIS easyRESCUE\" href=\"https:\/\/sy-bahati.de\/?page_id=1407\"> AIS easyrescue<\/a>, <a title=\"Medizinkoffer\" href=\"https:\/\/sy-bahati.de\/?page_id=1418\">Medizinkoffer<\/a>, &#8230;.<\/h3>\n<h3>20.10.2014 Nonstop von Lissabon nach Las Palmas im <a title=\"Video zur 6. Etappe\" href=\"https:\/\/sy-bahati.de\/?p=1384\">Video<\/a><\/h3>\n<h3><\/h3>\n<h3><\/h3>\n<hr \/>\n<p><strong>Bild des Tages<br \/>\n<a href=\"https:\/\/sy-bahati.de\/wp-content\/uploads\/2014\/01\/Winsch.jpg\" rel=\"attachment wp-att-2962\"><img loading=\"lazy\" decoding=\"async\" class=\"alignleft size-full wp-image-2962\" src=\"https:\/\/sy-bahati.de\/wp-content\/uploads\/2014\/01\/Winsch.jpg\" alt=\"Winsch\" width=\"1000\" height=\"666\" srcset=\"https:\/\/sy-bahati.de\/wp-content\/uploads\/2014\/01\/Winsch.jpg 1000w, https:\/\/sy-bahati.de\/wp-content\/uploads\/2014\/01\/Winsch-300x200.jpg 300w, https:\/\/sy-bahati.de\/wp-content\/uploads\/2014\/01\/Winsch-768x511.jpg 768w, https:\/\/sy-bahati.de\/wp-content\/uploads\/2014\/01\/Winsch-450x300.jpg 450w\" sizes=\"auto, (max-width: 1000px) 100vw, 1000px\" \/><\/a><br \/>\n<\/strong><\/p>\n<hr \/>\n<p><strong>Das Projekt<\/strong><\/p>\n<p>Wir sind drei Dortmunder Jungs und berichten hier \u00fcber die Vorbereitungen und die Ausf\u00fchrung unseres Atlantik-Projekts.\u00a0Ende April 2014 starteten wir an der Ostsee mit unserer BAHATI, einer Segelyacht vom Typ Bavaria 39, Richtung Kanarische Inseln. Mit der ARC sind wir im November 2014 auf Gran Canaria Richtung Karibik gestartet und im Dezember auf St. Lucia angekommen. Bis Ende April segelten wir durch die Karibik, von Grenada bis zu den BVI\u00b4s. Erst dabei ist die Entscheidung gefallen, die Bahati im Sommer dort liegen zu lassen. Das Hurrikane-Risiko sind wir eingegangen und haben Gl\u00fcck gehabt.<\/p>\n<p>Nun steht eine weitere Saison in der Karibik an und abschlie\u00dfend die R\u00fcckfahrt \u00fcber die Bermudas zu den Azoren und sp\u00e4ter wieder zur\u00fcck in die Ostsee.<\/p>\n<p>Wie kommen drei Typen aus dem Revier auf eine solche Idee? Mit welchem Schiff und mit welchem Equipment? Welche Gedanken bestimmen die Vorbereitung? Wie erfolgt die Umsetzung und mit welchem Erfolg? Was h\u00e4tten wir anders machen m\u00fcssen und was besser gelassen?<br \/>\nWir haben und werden auch weiterhin zeitnah \u00fcber Erfolg und Misserfolg berichten und so hoffentlich vielen Seglern n\u00fctzliche Tipps f\u00fcr eine Atlanik\u00fcberfahrt und auch einen Karibikaufenthalt geben k\u00f6nnen.<\/p>\n<p>Da wir \u00fcber die normale Kommentarfunktion unglaublich viel Spam erhalten haben, ist diese M\u00f6glichkeit der Kommunikation von uns abgestellt worden. Im Verzeichnis \u201eDie Crew\u201c befinden sich unsere E-Mail-Adressen. \u00dcber Kommentare, Anfragen und Tipps per e-Mail freuen wir uns sehr. Dabei sind wir bem\u00fcht, diese auch zeitnah zu beantworten.<\/p>\n<p>Ahoi!<\/p>\n","protected":false},"excerpt":{"rendered":"<p>08.03.2016 Ein Deutscher wird in St. Vincent erschossen: WELT.DE, SPIEGELONLINE, FOCUS.DE, BILD.DE 08.03.2016 Zum Piraten\u00fcberfall in St. Vincent UNSER BERICHT vom Januar 2015. 03.06.2015 Sommer-Liegeplatz BVI: NATIONAL HURRICANE CENTER 07.05.2015 Vortrag zur Atlantik\u00fcberquerung Am 18. Mai : Einladung 13.02.2015 Das &hellip; <a href=\"https:\/\/sy-bahati.de\/\">Weiterlesen <span class=\"meta-nav\">&rarr;<\/span><\/a><\/p>\n","protected":false},"author":1,"featured_media":0,"parent":0,"menu_order":0,"comment_status":"closed","ping_status":"closed","template":"sidebar-page.php","meta":{"_exactmetrics_skip_tracking":false,"_exactmetrics_sitenote_active":false,"_exactmetrics_sitenote_note":"","_exactmetrics_sitenote_category":0,"footnotes":""},"class_list":["post-26","page","type-page","status-publish","hentry"],"_links":{"self":[{"href":"https:\/\/sy-bahati.de\/index.php?rest_route=\/wp\/v2\/pages\/26","targetHints":{"allow":["GET"]}}],"collection":[{"href":"https:\/\/sy-bahati.de\/index.php?rest_route=\/wp\/v2\/pages"}],"about":[{"href":"https:\/\/sy-bahati.de\/index.php?rest_route=\/wp\/v2\/types\/page"}],"author":[{"embeddable":true,"href":"https:\/\/sy-bahati.de\/index.php?rest_route=\/wp\/v2\/users\/1"}],"replies":[{"embeddable":true,"href":"https:\/\/sy-bahati.de\/index.php?rest_route=%2Fwp%2Fv2%2Fcomments&post=26"}],"version-history":[{"count":40,"href":"https:\/\/sy-bahati.de\/index.php?rest_route=\/wp\/v2\/pages\/26\/revisions"}],"predecessor-version":[{"id":2963,"href":"https:\/\/sy-bahati.de\/index.php?rest_route=\/wp\/v2\/pages\/26\/revisions\/2963"}],"wp:attachment":[{"href":"https:\/\/sy-bahati.de\/index.php?rest_route=%2Fwp%2Fv2%2Fmedia&parent=26"}],"curies":[{"name":"wp","href":"https:\/\/api.w.org\/{rel}","templated":true}]}}