{"id":275,"date":"2014-02-05T16:25:08","date_gmt":"2014-02-05T16:25:08","guid":{"rendered":"http:\/\/sy-bahati.de\/?page_id=275"},"modified":"2014-03-06T09:03:09","modified_gmt":"2014-03-06T09:03:09","slug":"rettungswesten","status":"publish","type":"page","link":"https:\/\/sy-bahati.de\/?page_id=275","title":{"rendered":"Rettungswesten"},"content":{"rendered":"<p>Wir werden sie wohl hoffentlich nicht ben\u00f6tigen. Aber wenn man sich vorstellt, man liegt im Wasser, es ist dunkel und der Seegang rau. Ob man sich dann \u00e4rgert, dass man ein paar Euro gespart hat? Mit Gl\u00fcck wacht man dann nach einem Sturz ins Wasser gar nicht mehr auf. Die Weste dreht den Kopf des Bewusstlosen gar nicht erst aus dem Wasser. Oder wenn sie den Kopf dreht, fehlt\u00a0die Sprayhaube um die peitschende Gischt von Mund und Nase fern zu halten. Denn der im Wasser treibende K\u00f6rper wirkt wie ein Treibanker und dreht das Gesicht immer in die Richtung des Windes, also die Richtung, aus der die Wellen angerollt kommen. Auch hier droht der Tod durch ertrinken. Im Dunkeln ist das Notlicht obligatorisch. W\u00e4re doch sch\u00f6n, vom vorbeifahrenden Schiff gesehen zu werden.<a href=\"https:\/\/sy-bahati.de\/wp-content\/uploads\/2014\/02\/Bolero.jpg\"><img loading=\"lazy\" decoding=\"async\" class=\"alignleft size-full wp-image-241\" alt=\"Bolero\" src=\"https:\/\/sy-bahati.de\/wp-content\/uploads\/2014\/02\/Bolero.jpg\" width=\"354\" height=\"500\" srcset=\"https:\/\/sy-bahati.de\/wp-content\/uploads\/2014\/02\/Bolero.jpg 354w, https:\/\/sy-bahati.de\/wp-content\/uploads\/2014\/02\/Bolero-212x300.jpg 212w\" sizes=\"auto, (max-width: 354px) 100vw, 354px\" \/><\/a><br \/>\nIn diesem Zusammenhang ist es doch schon verwunderlich, dass Hochseewesten ohne Spraycap und Licht verkauft werden.\u00a0Vermutlich um sie auch f\u00fcr vermeidlich ruhigere Gew\u00e4sser g\u00fcnstiger anbieten zu k\u00f6nnen.<\/p>\n<p><a href=\"https:\/\/sy-bahati.de\/wp-content\/uploads\/2014\/02\/Bolero_Erweiterung.jpg\"><img loading=\"lazy\" decoding=\"async\" class=\"size-full wp-image-242 alignleft\" alt=\"Bolero_Erweiterung\" src=\"https:\/\/sy-bahati.de\/wp-content\/uploads\/2014\/02\/Bolero_Erweiterung.jpg\" width=\"337\" height=\"500\" srcset=\"https:\/\/sy-bahati.de\/wp-content\/uploads\/2014\/02\/Bolero_Erweiterung.jpg 337w, https:\/\/sy-bahati.de\/wp-content\/uploads\/2014\/02\/Bolero_Erweiterung-202x300.jpg 202w\" sizes=\"auto, (max-width: 337px) 100vw, 337px\" \/><br \/>\n<\/a><\/p>\n<p>&nbsp;<\/p>\n<p>&nbsp;<\/p>\n<p>&nbsp;<\/p>\n<p>&nbsp;<\/p>\n<p>&nbsp;<\/p>\n<p>Wir entschieden uns alle drei f\u00fcr die Weste Bolero 275, vom namhaften Hersteller <a href=\"http:\/\/www.secumar.com\" target=\"_blank\">Secumar<\/a>, mit Schrittgurt (wichtig) und zuz\u00fcglich Aufr\u00fcstkit mit Srayhaube und Notlicht.<\/p>\n<p>&nbsp;<\/p>\n<p>&nbsp;<\/p>\n<p>&nbsp;<\/p>\n<p>&nbsp;<\/p>\n<p>&nbsp;<\/p>\n<p>&nbsp;<\/p>\n<p>&nbsp;<\/p>\n<p>&nbsp;<\/p>\n<p><a title=\"Aufr\u00fcstung\" href=\"https:\/\/sy-bahati.de\/?page_id=111\">ZUR\u00dcCK<\/a><\/p>\n<p><a href=\"https:\/\/sy-bahati.de\/wp-content\/uploads\/2014\/02\/Bolero_Erweiterung.jpg\">\u00a0<\/a><\/p>\n","protected":false},"excerpt":{"rendered":"<p>Wir werden sie wohl hoffentlich nicht ben\u00f6tigen. Aber wenn man sich vorstellt, man liegt im Wasser, es ist dunkel und der Seegang rau. Ob man sich dann \u00e4rgert, dass man ein paar Euro gespart hat? Mit Gl\u00fcck wacht man dann &hellip; <a href=\"https:\/\/sy-bahati.de\/?page_id=275\">Weiterlesen <span class=\"meta-nav\">&rarr;<\/span><\/a><\/p>\n","protected":false},"author":1,"featured_media":0,"parent":111,"menu_order":0,"comment_status":"closed","ping_status":"closed","template":"sidebar-page.php","meta":{"_exactmetrics_skip_tracking":false,"_exactmetrics_sitenote_active":false,"_exactmetrics_sitenote_note":"","_exactmetrics_sitenote_category":0,"footnotes":""},"class_list":["post-275","page","type-page","status-publish","hentry"],"_links":{"self":[{"href":"https:\/\/sy-bahati.de\/index.php?rest_route=\/wp\/v2\/pages\/275","targetHints":{"allow":["GET"]}}],"collection":[{"href":"https:\/\/sy-bahati.de\/index.php?rest_route=\/wp\/v2\/pages"}],"about":[{"href":"https:\/\/sy-bahati.de\/index.php?rest_route=\/wp\/v2\/types\/page"}],"author":[{"embeddable":true,"href":"https:\/\/sy-bahati.de\/index.php?rest_route=\/wp\/v2\/users\/1"}],"replies":[{"embeddable":true,"href":"https:\/\/sy-bahati.de\/index.php?rest_route=%2Fwp%2Fv2%2Fcomments&post=275"}],"version-history":[{"count":5,"href":"https:\/\/sy-bahati.de\/index.php?rest_route=\/wp\/v2\/pages\/275\/revisions"}],"predecessor-version":[{"id":281,"href":"https:\/\/sy-bahati.de\/index.php?rest_route=\/wp\/v2\/pages\/275\/revisions\/281"}],"up":[{"embeddable":true,"href":"https:\/\/sy-bahati.de\/index.php?rest_route=\/wp\/v2\/pages\/111"}],"wp:attachment":[{"href":"https:\/\/sy-bahati.de\/index.php?rest_route=%2Fwp%2Fv2%2Fmedia&parent=275"}],"curies":[{"name":"wp","href":"https:\/\/api.w.org\/{rel}","templated":true}]}}