{"id":283,"date":"2014-02-05T16:49:11","date_gmt":"2014-02-05T16:49:11","guid":{"rendered":"http:\/\/sy-bahati.de\/?page_id=283"},"modified":"2014-03-06T08:59:40","modified_gmt":"2014-03-06T08:59:40","slug":"epirb","status":"publish","type":"page","link":"https:\/\/sy-bahati.de\/?page_id=283","title":{"rendered":"EPIRB"},"content":{"rendered":"<div id=\"attachment_243\" style=\"width: 261px\" class=\"wp-caption alignright\"><a href=\"https:\/\/sy-bahati.de\/wp-content\/uploads\/2014\/02\/EPIRB.jpg\"><img loading=\"lazy\" decoding=\"async\" aria-describedby=\"caption-attachment-243\" class=\"size-full wp-image-243 \" alt=\"Kannad marine SafeLink EPIRB\" src=\"https:\/\/sy-bahati.de\/wp-content\/uploads\/2014\/02\/EPIRB.jpg\" width=\"251\" height=\"500\" srcset=\"https:\/\/sy-bahati.de\/wp-content\/uploads\/2014\/02\/EPIRB.jpg 251w, https:\/\/sy-bahati.de\/wp-content\/uploads\/2014\/02\/EPIRB-150x300.jpg 150w\" sizes=\"auto, (max-width: 251px) 100vw, 251px\" \/><\/a><p id=\"caption-attachment-243\" class=\"wp-caption-text\">Kannad marine SafeLink EPIRB<\/p><\/div>\n<p>EPIRB ist eine Satelliten-Seenotfunkbake, eine Emergency Position Indicating Radio Beacon. Sie kann automatisch, mit einer zus\u00e4tzlichen hydrostatischen Ausl\u00f6sung, oder manuell aktiviert werden. Wir nehmen sie lieber mit in die Rettungsinsel und l\u00f6sen das Signal manuell aus.<br \/>\nEine solche EPIRB muss bei der Bundesnetzagentur angemeldet werden und bekommt die gleiche MMSI (Maritime Mobile Service ID) wie das Funkger\u00e4t und AIS. Anhand dieser MMSI ist der Sender eindeutig zu identifizieren.<\/p>\n<p>Die EPIRB ist dem weltweiten COSPAS-SARSAT-Such- und Rettungssystem angeschlossen. Bei Ausl\u00f6sung empfangen polumlaufende und geostation\u00e4re Satelliten das ausgesendete 406 MHz Peilsignal und die gesendeten GPS-Daten zur Ortung. Die Satelliten wiederum geben das ausgesendete Notsignal weiter an die verbundenen Bodenstationen und von dort an das geografisch zust\u00e4ndige Rettungszentrum (RCC). Dar\u00fcber hinaus sendet die EPIRB ein zus\u00e4tzliches Peilsignal auf der Luftfahrtnotfrequenz von 121,5 MHz.<\/p>\n<p>&nbsp;<\/p>\n<p><a title=\"Aufr\u00fcstung\" href=\"https:\/\/sy-bahati.de\/?page_id=111\">ZUR\u00dcCK<\/a><\/p>\n","protected":false},"excerpt":{"rendered":"<p>EPIRB ist eine Satelliten-Seenotfunkbake, eine Emergency Position Indicating Radio Beacon. Sie kann automatisch, mit einer zus\u00e4tzlichen hydrostatischen Ausl\u00f6sung, oder manuell aktiviert werden. Wir nehmen sie lieber mit in die Rettungsinsel und l\u00f6sen das Signal manuell aus. Eine solche EPIRB muss &hellip; <a href=\"https:\/\/sy-bahati.de\/?page_id=283\">Weiterlesen <span class=\"meta-nav\">&rarr;<\/span><\/a><\/p>\n","protected":false},"author":1,"featured_media":0,"parent":111,"menu_order":0,"comment_status":"closed","ping_status":"closed","template":"sidebar-page.php","meta":{"_exactmetrics_skip_tracking":false,"_exactmetrics_sitenote_active":false,"_exactmetrics_sitenote_note":"","_exactmetrics_sitenote_category":0,"footnotes":""},"class_list":["post-283","page","type-page","status-publish","hentry"],"_links":{"self":[{"href":"https:\/\/sy-bahati.de\/index.php?rest_route=\/wp\/v2\/pages\/283","targetHints":{"allow":["GET"]}}],"collection":[{"href":"https:\/\/sy-bahati.de\/index.php?rest_route=\/wp\/v2\/pages"}],"about":[{"href":"https:\/\/sy-bahati.de\/index.php?rest_route=\/wp\/v2\/types\/page"}],"author":[{"embeddable":true,"href":"https:\/\/sy-bahati.de\/index.php?rest_route=\/wp\/v2\/users\/1"}],"replies":[{"embeddable":true,"href":"https:\/\/sy-bahati.de\/index.php?rest_route=%2Fwp%2Fv2%2Fcomments&post=283"}],"version-history":[{"count":3,"href":"https:\/\/sy-bahati.de\/index.php?rest_route=\/wp\/v2\/pages\/283\/revisions"}],"predecessor-version":[{"id":287,"href":"https:\/\/sy-bahati.de\/index.php?rest_route=\/wp\/v2\/pages\/283\/revisions\/287"}],"up":[{"embeddable":true,"href":"https:\/\/sy-bahati.de\/index.php?rest_route=\/wp\/v2\/pages\/111"}],"wp:attachment":[{"href":"https:\/\/sy-bahati.de\/index.php?rest_route=%2Fwp%2Fv2%2Fmedia&parent=283"}],"curies":[{"name":"wp","href":"https:\/\/api.w.org\/{rel}","templated":true}]}}