{"id":288,"date":"2014-02-06T08:37:24","date_gmt":"2014-02-06T08:37:24","guid":{"rendered":"http:\/\/sy-bahati.de\/?page_id=288"},"modified":"2014-03-06T08:59:13","modified_gmt":"2014-03-06T08:59:13","slug":"comet","status":"publish","type":"page","link":"https:\/\/sy-bahati.de\/?page_id=288","title":{"rendered":"Comet"},"content":{"rendered":"<p>Die Seenotsignalmittel m\u00fcssen dem SOLOAS-Standard entsprechen und f\u00fcr die Dauer der Reise g\u00fcltig sein. Die <a href=\"http:\/\/www.comet-marine.com\" target=\"_blank\">Comet-Produkte<\/a> erf\u00fcllen die Voraussetzung. Wir haben jetzt an Bord:<\/p>\n<p><a href=\"https:\/\/sy-bahati.de\/wp-content\/uploads\/2014\/02\/Notsignale.jpg\"><img loading=\"lazy\" decoding=\"async\" class=\"size-full wp-image-248 alignnone\" alt=\"Notsignale\" src=\"https:\/\/sy-bahati.de\/wp-content\/uploads\/2014\/02\/Notsignale.jpg\" width=\"500\" height=\"419\" srcset=\"https:\/\/sy-bahati.de\/wp-content\/uploads\/2014\/02\/Notsignale.jpg 500w, https:\/\/sy-bahati.de\/wp-content\/uploads\/2014\/02\/Notsignale-300x251.jpg 300w, https:\/\/sy-bahati.de\/wp-content\/uploads\/2014\/02\/Notsignale-357x300.jpg 357w\" sizes=\"auto, (max-width: 500px) 100vw, 500px\" \/><\/a><\/p>\n<ul>\n<li>6 rote Fallschirmsignalraketen<\/li>\n<li>je 4 rote und wei\u00dfe Handfackeln<\/li>\n<li>2 orange Rauchfackeln<\/li>\n<li>2 orange Raucht\u00f6pfe<\/li>\n<\/ul>\n<p>Zus\u00e4tzlich im Grab Bag (f\u00fcr die Rettungsinsel)<\/p>\n<ul>\n<li>\u00a06 rote Handfackeln<\/li>\n<li>2 rote Fallschirmraketen<\/li>\n<\/ul>\n<p>Die Seenotmittel an Bord sind in einer wasserdichten Box mit Handschuhen und Schutzbrille verstaut.<\/p>\n<p><a title=\"Aufr\u00fcstung\" href=\"https:\/\/sy-bahati.de\/?page_id=111\">ZUR\u00dcCK<\/a><\/p>\n","protected":false},"excerpt":{"rendered":"<p>Die Seenotsignalmittel m\u00fcssen dem SOLOAS-Standard entsprechen und f\u00fcr die Dauer der Reise g\u00fcltig sein. Die Comet-Produkte erf\u00fcllen die Voraussetzung. Wir haben jetzt an Bord: 6 rote Fallschirmsignalraketen je 4 rote und wei\u00dfe Handfackeln 2 orange Rauchfackeln 2 orange Raucht\u00f6pfe Zus\u00e4tzlich &hellip; <a href=\"https:\/\/sy-bahati.de\/?page_id=288\">Weiterlesen <span class=\"meta-nav\">&rarr;<\/span><\/a><\/p>\n","protected":false},"author":1,"featured_media":0,"parent":111,"menu_order":0,"comment_status":"closed","ping_status":"closed","template":"sidebar-page.php","meta":{"_exactmetrics_skip_tracking":false,"_exactmetrics_sitenote_active":false,"_exactmetrics_sitenote_note":"","_exactmetrics_sitenote_category":0,"footnotes":""},"class_list":["post-288","page","type-page","status-publish","hentry"],"_links":{"self":[{"href":"https:\/\/sy-bahati.de\/index.php?rest_route=\/wp\/v2\/pages\/288","targetHints":{"allow":["GET"]}}],"collection":[{"href":"https:\/\/sy-bahati.de\/index.php?rest_route=\/wp\/v2\/pages"}],"about":[{"href":"https:\/\/sy-bahati.de\/index.php?rest_route=\/wp\/v2\/types\/page"}],"author":[{"embeddable":true,"href":"https:\/\/sy-bahati.de\/index.php?rest_route=\/wp\/v2\/users\/1"}],"replies":[{"embeddable":true,"href":"https:\/\/sy-bahati.de\/index.php?rest_route=%2Fwp%2Fv2%2Fcomments&post=288"}],"version-history":[{"count":3,"href":"https:\/\/sy-bahati.de\/index.php?rest_route=\/wp\/v2\/pages\/288\/revisions"}],"predecessor-version":[{"id":291,"href":"https:\/\/sy-bahati.de\/index.php?rest_route=\/wp\/v2\/pages\/288\/revisions\/291"}],"up":[{"embeddable":true,"href":"https:\/\/sy-bahati.de\/index.php?rest_route=\/wp\/v2\/pages\/111"}],"wp:attachment":[{"href":"https:\/\/sy-bahati.de\/index.php?rest_route=%2Fwp%2Fv2%2Fmedia&parent=288"}],"curies":[{"name":"wp","href":"https:\/\/api.w.org\/{rel}","templated":true}]}}