{"id":293,"date":"2014-02-06T10:18:33","date_gmt":"2014-02-06T10:18:33","guid":{"rendered":"http:\/\/sy-bahati.de\/?page_id=293"},"modified":"2014-04-21T13:11:10","modified_gmt":"2014-04-21T13:11:10","slug":"heimathafen","status":"publish","type":"page","link":"https:\/\/sy-bahati.de\/?page_id=293","title":{"rendered":"Heimathafen"},"content":{"rendered":"<p>Heimathafen gleich Heiligenhafen. Unser Boot haben wir im Sommer 2010 von Lauterbach auf R\u00fcgen nach Heiligenhafen gebracht. Udo hat gleich den Schriftzug am Heck unseres Bootes ge\u00e4ndert.<a href=\"https:\/\/sy-bahati.de\/wp-content\/uploads\/2014\/02\/Heiligenhafen_Heck.jpg\"><img loading=\"lazy\" decoding=\"async\" class=\"alignright size-medium wp-image-297\" alt=\"Heiligenhafen_Heck\" src=\"https:\/\/sy-bahati.de\/wp-content\/uploads\/2014\/02\/Heiligenhafen_Heck-300x224.jpg\" width=\"300\" height=\"224\" srcset=\"https:\/\/sy-bahati.de\/wp-content\/uploads\/2014\/02\/Heiligenhafen_Heck-300x224.jpg 300w, https:\/\/sy-bahati.de\/wp-content\/uploads\/2014\/02\/Heiligenhafen_Heck-401x300.jpg 401w, https:\/\/sy-bahati.de\/wp-content\/uploads\/2014\/02\/Heiligenhafen_Heck.jpg 500w\" sizes=\"auto, (max-width: 300px) 100vw, 300px\" \/><\/a> Seit dem haben wir an Steg 5 Platz 108 und auch mal 109 gelegen und uns in der riesigen, \u00fcber 1.000 Yachten fassenden Marina sehr wohl gef\u00fchlt. Die Anlage ist super gepflegt, die sanit\u00e4ren Anlagen gut verteilt und immer sauber. Schade nur, dass man auch als Dauerlieger f\u00fcr den Internetzugang extra zahlen muss.<\/p>\n<p>Das Segelrevier l\u00e4sst ebenfalls kaum W\u00fcnsche offen. Rund Fehmarn als Wettfahrt oder Tagesausflug. Oder kurze Trips zu den 4 H\u00e4fen Fehmarns, gerne Orth, wo sich unser Winterlager befindet. Aber auch Kiel ist mit ca. 40 Sm nicht weit. In die andere Richtung erreicht man innerhalb von ca. 40 Sm Gr\u00f6mitz, Travem\u00fcnde, Wismar oder den sch\u00f6nen neugestalteten Hafen von K\u00fchlungsborn. Aber auch der Eingang zur d\u00e4nischen S\u00fcdsee liegt nur einen Tagestrip entfernt.<\/p>\n<p><a href=\"https:\/\/sy-bahati.de\/wp-content\/uploads\/2014\/02\/L\u00fctt_Hus.jpg\"><img loading=\"lazy\" decoding=\"async\" class=\" wp-image-298 alignleft\" alt=\"L\u00fctt_Hus\" src=\"https:\/\/sy-bahati.de\/wp-content\/uploads\/2014\/02\/L\u00fctt_Hus-223x300.jpg\" width=\"223\" height=\"300\" srcset=\"https:\/\/sy-bahati.de\/wp-content\/uploads\/2014\/02\/L\u00fctt_Hus-223x300.jpg 223w, https:\/\/sy-bahati.de\/wp-content\/uploads\/2014\/02\/L\u00fctt_Hus.jpg 373w\" sizes=\"auto, (max-width: 223px) 100vw, 223px\" \/><\/a>Um den Hafen herum, dem Binnensee und der K\u00fcste, ist in den letzten Jahren unglaublich viel zum Positiven ver\u00e4ndert worden. Zum Joggen bietet sich der Binnensee an. Im Ort gibt es alles, was man sich w\u00fcnscht. Insbesondere freuen wir uns bei jedem Aufenthalt dort, wenn wir zum Essen zu Anke und Mark ins <a href=\"http:\/\/www.datluetthus.de\/\" target=\"_blank\">L\u00fctt Hus <\/a>gehen k\u00f6nnen.<\/p>\n<p>&nbsp;<\/p>\n<p>&nbsp;<\/p>\n<p>&nbsp;<\/p>\n<p>Die Marina Heiligenhafen, Steg 5, im Fr\u00fchjahr 2013.<\/p>\n\n\t\t<style type=\"text\/css\">\n\t\t\t#gallery-1 {\n\t\t\t\tmargin: auto;\n\t\t\t}\n\t\t\t#gallery-1 .gallery-item {\n\t\t\t\tfloat: left;\n\t\t\t\tmargin-top: 10px;\n\t\t\t\ttext-align: center;\n\t\t\t\twidth: 50%;\n\t\t\t}\n\t\t\t#gallery-1 img {\n\t\t\t\tborder: 2px solid #cfcfcf;\n\t\t\t}\n\t\t\t#gallery-1 .gallery-caption {\n\t\t\t\tmargin-left: 0;\n\t\t\t}\n\t\t\t\/* see gallery_shortcode() in wp-includes\/media.php *\/\n\t\t<\/style>\n\t\t<div id='gallery-1' class='gallery galleryid-293 gallery-columns-2 gallery-size-thumbnail'><dl class='gallery-item'>\n\t\t\t<dt class='gallery-icon landscape'>\n\t\t\t\t<a href='https:\/\/sy-bahati.de\/wp-content\/uploads\/2014\/02\/Heiligenhafen_Fr\u00fchjahr2.jpg'><img loading=\"lazy\" decoding=\"async\" width=\"150\" height=\"150\" src=\"https:\/\/sy-bahati.de\/wp-content\/uploads\/2014\/02\/Heiligenhafen_Fr\u00fchjahr2-150x150.jpg\" class=\"attachment-thumbnail size-thumbnail\" alt=\"\" \/><\/a>\n\t\t\t<\/dt><\/dl><dl class='gallery-item'>\n\t\t\t<dt class='gallery-icon landscape'>\n\t\t\t\t<a href='https:\/\/sy-bahati.de\/wp-content\/uploads\/2014\/02\/Heiligenhafen_Fr\u00fchjahr.jpg'><img loading=\"lazy\" decoding=\"async\" width=\"150\" height=\"150\" src=\"https:\/\/sy-bahati.de\/wp-content\/uploads\/2014\/02\/Heiligenhafen_Fr\u00fchjahr-150x150.jpg\" class=\"attachment-thumbnail size-thumbnail\" alt=\"\" \/><\/a>\n\t\t\t<\/dt><\/dl><br style=\"clear: both\" \/>\n\t\t<\/div>\n\n<p style=\"text-align: right;\">06.02.2014<\/p>\n<p><a title=\"Das Schiff\" href=\"https:\/\/sy-bahati.de\/?page_id=38\">ZUR\u00dcCK<\/a><\/p>\n","protected":false},"excerpt":{"rendered":"<p>Heimathafen gleich Heiligenhafen. Unser Boot haben wir im Sommer 2010 von Lauterbach auf R\u00fcgen nach Heiligenhafen gebracht. Udo hat gleich den Schriftzug am Heck unseres Bootes ge\u00e4ndert. Seit dem haben wir an Steg 5 Platz 108 und auch mal 109 &hellip; <a href=\"https:\/\/sy-bahati.de\/?page_id=293\">Weiterlesen <span class=\"meta-nav\">&rarr;<\/span><\/a><\/p>\n","protected":false},"author":1,"featured_media":0,"parent":38,"menu_order":0,"comment_status":"closed","ping_status":"closed","template":"sidebar-page.php","meta":{"_exactmetrics_skip_tracking":false,"_exactmetrics_sitenote_active":false,"_exactmetrics_sitenote_note":"","_exactmetrics_sitenote_category":0,"footnotes":""},"class_list":["post-293","page","type-page","status-publish","hentry"],"_links":{"self":[{"href":"https:\/\/sy-bahati.de\/index.php?rest_route=\/wp\/v2\/pages\/293","targetHints":{"allow":["GET"]}}],"collection":[{"href":"https:\/\/sy-bahati.de\/index.php?rest_route=\/wp\/v2\/pages"}],"about":[{"href":"https:\/\/sy-bahati.de\/index.php?rest_route=\/wp\/v2\/types\/page"}],"author":[{"embeddable":true,"href":"https:\/\/sy-bahati.de\/index.php?rest_route=\/wp\/v2\/users\/1"}],"replies":[{"embeddable":true,"href":"https:\/\/sy-bahati.de\/index.php?rest_route=%2Fwp%2Fv2%2Fcomments&post=293"}],"version-history":[{"count":10,"href":"https:\/\/sy-bahati.de\/index.php?rest_route=\/wp\/v2\/pages\/293\/revisions"}],"predecessor-version":[{"id":662,"href":"https:\/\/sy-bahati.de\/index.php?rest_route=\/wp\/v2\/pages\/293\/revisions\/662"}],"up":[{"embeddable":true,"href":"https:\/\/sy-bahati.de\/index.php?rest_route=\/wp\/v2\/pages\/38"}],"wp:attachment":[{"href":"https:\/\/sy-bahati.de\/index.php?rest_route=%2Fwp%2Fv2%2Fmedia&parent=293"}],"curies":[{"name":"wp","href":"https:\/\/api.w.org\/{rel}","templated":true}]}}