{"id":321,"date":"2014-02-11T13:12:32","date_gmt":"2014-02-11T13:12:32","guid":{"rendered":"http:\/\/sy-bahati.de\/?page_id=321"},"modified":"2014-03-06T08:50:11","modified_gmt":"2014-03-06T08:50:11","slug":"toernplanung","status":"publish","type":"page","link":"https:\/\/sy-bahati.de\/?page_id=321","title":{"rendered":"Hilfsmittel f\u00fcr die Planung"},"content":{"rendered":"<p><a title=\"B\u00fccher\" href=\"https:\/\/sy-bahati.de\/?page_id=325\">B\u00dcCHER<\/a>\u00a0\u00a0 <a title=\"Navionics\" href=\"https:\/\/sy-bahati.de\/?page_id=345\">NAVIONICS<\/a>\u00a0 \u00a0KARTEN\u00a0\u00a0 TRANSFERS\u00a0\u00a0 INTERNET<\/p>\n<p>Zur guten Seemannschaft geh\u00f6rt einfach eine gute Planung. Wir wollen und k\u00f6nnen nicht \u00a0am Tag X in See stechen und am Tag Y wieder zur\u00fcckkommen. Zum einen zwingen uns gesch\u00e4ftliche und private Termine und zum anderen wollen wir unsere Familie zwischendurch sehen und teilweise in unsere Reise mit einbeziehen.<br \/>\nSomit teilen wir die Fahrt in mehrere Etappen ein. Um dies tun zu k\u00f6nnen, ben\u00f6tigen wir Informationen zu Seegebieten, H\u00e4fen und m\u00f6glichen Routen. Dazu bestellten wir bereits im November 2013 die neueste Literatur f\u00fcr 2014. Kartenmaterial kann erst im Fr\u00fchjahr 2014 geordert werden, da wir die aktuellsten Berichtigungen ben\u00f6tigen. Aber f\u00fcr eine grobe Routenplanung hat uns die <a href=\"http:\/\/www.navionics.com\" target=\"_blank\">Navionics<\/a>-Software f\u00fcr das iPad geholfen. Das Internet ist nat\u00fcrlich auch immer eine Fundgrube f\u00fcr weitere Informationen.<\/p>\n<p><a title=\"Organisation\" href=\"https:\/\/sy-bahati.de\/?page_id=236\">ZUR\u00dcCK<\/a><\/p>\n","protected":false},"excerpt":{"rendered":"<p>B\u00dcCHER\u00a0\u00a0 NAVIONICS\u00a0 \u00a0KARTEN\u00a0\u00a0 TRANSFERS\u00a0\u00a0 INTERNET Zur guten Seemannschaft geh\u00f6rt einfach eine gute Planung. Wir wollen und k\u00f6nnen nicht \u00a0am Tag X in See stechen und am Tag Y wieder zur\u00fcckkommen. Zum einen zwingen uns gesch\u00e4ftliche und private Termine und zum &hellip; <a href=\"https:\/\/sy-bahati.de\/?page_id=321\">Weiterlesen <span class=\"meta-nav\">&rarr;<\/span><\/a><\/p>\n","protected":false},"author":1,"featured_media":0,"parent":236,"menu_order":0,"comment_status":"closed","ping_status":"closed","template":"sidebar-page.php","meta":{"_exactmetrics_skip_tracking":false,"_exactmetrics_sitenote_active":false,"_exactmetrics_sitenote_note":"","_exactmetrics_sitenote_category":0,"footnotes":""},"class_list":["post-321","page","type-page","status-publish","hentry"],"_links":{"self":[{"href":"https:\/\/sy-bahati.de\/index.php?rest_route=\/wp\/v2\/pages\/321","targetHints":{"allow":["GET"]}}],"collection":[{"href":"https:\/\/sy-bahati.de\/index.php?rest_route=\/wp\/v2\/pages"}],"about":[{"href":"https:\/\/sy-bahati.de\/index.php?rest_route=\/wp\/v2\/types\/page"}],"author":[{"embeddable":true,"href":"https:\/\/sy-bahati.de\/index.php?rest_route=\/wp\/v2\/users\/1"}],"replies":[{"embeddable":true,"href":"https:\/\/sy-bahati.de\/index.php?rest_route=%2Fwp%2Fv2%2Fcomments&post=321"}],"version-history":[{"count":6,"href":"https:\/\/sy-bahati.de\/index.php?rest_route=\/wp\/v2\/pages\/321\/revisions"}],"predecessor-version":[{"id":458,"href":"https:\/\/sy-bahati.de\/index.php?rest_route=\/wp\/v2\/pages\/321\/revisions\/458"}],"up":[{"embeddable":true,"href":"https:\/\/sy-bahati.de\/index.php?rest_route=\/wp\/v2\/pages\/236"}],"wp:attachment":[{"href":"https:\/\/sy-bahati.de\/index.php?rest_route=%2Fwp%2Fv2%2Fmedia&parent=321"}],"curies":[{"name":"wp","href":"https:\/\/api.w.org\/{rel}","templated":true}]}}