{"id":325,"date":"2014-02-11T13:26:39","date_gmt":"2014-02-11T13:26:39","guid":{"rendered":"http:\/\/sy-bahati.de\/?page_id=325"},"modified":"2014-03-06T08:50:37","modified_gmt":"2014-03-06T08:50:37","slug":"buecher","status":"publish","type":"page","link":"https:\/\/sy-bahati.de\/?page_id=325","title":{"rendered":"B\u00fccher"},"content":{"rendered":"<p><a href=\"https:\/\/sy-bahati.de\/wp-content\/uploads\/2014\/02\/B\u00fccher.jpg\"><img loading=\"lazy\" decoding=\"async\" class=\"alignright size-medium wp-image-314\" alt=\"B\u00fccher\" src=\"https:\/\/sy-bahati.de\/wp-content\/uploads\/2014\/02\/B\u00fccher-267x300.jpg\" width=\"267\" height=\"300\" srcset=\"https:\/\/sy-bahati.de\/wp-content\/uploads\/2014\/02\/B\u00fccher-267x300.jpg 267w, https:\/\/sy-bahati.de\/wp-content\/uploads\/2014\/02\/B\u00fccher.jpg 445w\" sizes=\"auto, (max-width: 267px) 100vw, 267px\" \/><\/a>Jeder hat wahrscheinlich so seine Bezugsquellen. Unsere Lieblingsbezugsquelle war und ist <a href=\"http:\/\/www.hansenautic.de\" target=\"_blank\">HanseNautic<\/a>. \u00dcber das Internet-Shop-System haben wir uns das Angebot f\u00fcr unser Reisegebiet angesehen und die aus unserer Sicht n\u00f6tigen B\u00fccher und Karten herausgesucht. Auf Grund der relativ gro\u00dfen Bestellmenge konnten wir einen Sonderpreis aushandeln.<\/p>\n<p>&nbsp;<\/p>\n<p>&nbsp;<\/p>\n<p>Unsere Buchliste:<\/p>\n<p><i><a href=\"https:\/\/sy-bahati.de\/wp-content\/uploads\/2014\/02\/Ostsee.jpg\"><img loading=\"lazy\" decoding=\"async\" class=\"alignleft  wp-image-317\" alt=\"Ostsee\" src=\"https:\/\/sy-bahati.de\/wp-content\/uploads\/2014\/02\/Ostsee-150x150.jpg\" width=\"32\" height=\"32\" \/><\/a>Ostseek\u00fcste 1<\/i> von Jan Werner war vorhanden und beschreibt in Kapitel 8 den Nord-Ostsee-Kanal.Das <i>Hafenhandbuch Nordsee<\/i> haben wir zun\u00e4chst zur\u00fcckgestellt, da im<\/p>\n<p><i><a href=\"https:\/\/sy-bahati.de\/wp-content\/uploads\/2014\/02\/Reeds.jpg\"><img loading=\"lazy\" decoding=\"async\" class=\"alignleft  wp-image-318\" alt=\"Reeds\" src=\"https:\/\/sy-bahati.de\/wp-content\/uploads\/2014\/02\/Reeds-150x150.jpg\" width=\"32\" height=\"32\" \/><\/a>Reeds Nautical Almanach 2014<\/i> ebenfalls die H\u00e4fen beschrieben sind.<\/p>\n<p>&nbsp;<\/p>\n<p><i><a href=\"https:\/\/sy-bahati.de\/wp-content\/uploads\/2014\/02\/BSH.jpg\"><img loading=\"lazy\" decoding=\"async\" class=\"alignleft  wp-image-313\" alt=\"BSH\" src=\"https:\/\/sy-bahati.de\/wp-content\/uploads\/2014\/02\/BSH-150x150.jpg\" width=\"32\" height=\"32\" \/><\/a><\/i><i>Gezeitentafel Europ\u00e4ische Gew\u00e4sser 2014<\/i> vom BSH<\/p>\n<p>&nbsp;<\/p>\n<p><i><a href=\"https:\/\/sy-bahati.de\/wp-content\/uploads\/2014\/02\/Biskaya.jpg\"><img loading=\"lazy\" decoding=\"async\" class=\"alignleft  wp-image-312\" alt=\"Biskaya\" src=\"https:\/\/sy-bahati.de\/wp-content\/uploads\/2014\/02\/Biskaya-150x150.jpg\" width=\"32\" height=\"32\" \/><\/a>South Biscay<\/i> von Steve Pickard<\/p>\n<p>&nbsp;<\/p>\n<p><i><a href=\"https:\/\/sy-bahati.de\/wp-content\/uploads\/2014\/02\/Spanien.jpg\"><img loading=\"lazy\" decoding=\"async\" class=\"alignleft  wp-image-319\" alt=\"Spanien\" src=\"https:\/\/sy-bahati.de\/wp-content\/uploads\/2014\/02\/Spanien-150x150.jpg\" width=\"32\" height=\"32\" \/><\/a>Atlantic Spain and Portugal<\/i> von Martin Walker und Henry Buchanan<\/p>\n<p>&nbsp;<\/p>\n<p><i><a href=\"https:\/\/sy-bahati.de\/wp-content\/uploads\/2014\/02\/Atlantikinseln.jpg\"><img loading=\"lazy\" decoding=\"async\" class=\"alignleft  wp-image-311\" alt=\"Atlantikinseln\" src=\"https:\/\/sy-bahati.de\/wp-content\/uploads\/2014\/02\/Atlantikinseln-150x150.jpg\" width=\"32\" height=\"32\" \/><\/a>Atlantic Islands<\/i> von Anne Hammick<\/p>\n<p>&nbsp;<\/p>\n<p><i><a href=\"https:\/\/sy-bahati.de\/wp-content\/uploads\/2014\/02\/Grenada.jpg\"><img loading=\"lazy\" decoding=\"async\" class=\"alignleft  wp-image-316\" alt=\"Grenada\" src=\"https:\/\/sy-bahati.de\/wp-content\/uploads\/2014\/02\/Grenada-150x150.jpg\" width=\"32\" height=\"32\" \/><\/a>Grenada tot he Virgin Islands<\/i> von Jacques Patuelli<\/p>\n<p>&nbsp;<\/p>\n<p><i><a href=\"https:\/\/sy-bahati.de\/wp-content\/uploads\/2014\/02\/Karibik.jpg\"><img loading=\"lazy\" decoding=\"async\" class=\"alignleft  wp-image-327\" alt=\"Karibik\" src=\"https:\/\/sy-bahati.de\/wp-content\/uploads\/2014\/02\/Karibik-150x150.jpg\" width=\"32\" height=\"32\" \/><\/a>Segeln in der Karibik 1-3<\/i> von Bernhard Bartholmes<\/p>\n<p>&nbsp;<\/p>\n<p><i><a href=\"https:\/\/sy-bahati.de\/wp-content\/uploads\/2014\/02\/PuertoRico.jpg\"><img loading=\"lazy\" decoding=\"async\" class=\"alignleft  wp-image-320\" alt=\"PuertoRico\" src=\"https:\/\/sy-bahati.de\/wp-content\/uploads\/2014\/02\/PuertoRico-150x150.jpg\" width=\"32\" height=\"32\" \/><\/a>A Cruising Guide to Puerto Rico<\/i> von Stephen J. Pavlidis<\/p>\n<p>&nbsp;<\/p>\n<p><i><a href=\"https:\/\/sy-bahati.de\/wp-content\/uploads\/2014\/02\/Cornell.jpg\"><img loading=\"lazy\" decoding=\"async\" class=\"alignleft  wp-image-315\" alt=\"Cornell\" src=\"https:\/\/sy-bahati.de\/wp-content\/uploads\/2014\/02\/Cornell-150x150.jpg\" width=\"32\" height=\"32\" \/><\/a>Segelrouten der Welt<\/i> von Jimmy Cornell<\/p>\n<p>&nbsp;<\/p>\n<p>Unsere Liste war noch etwas l\u00e4nger. Zun\u00e4chst schein uns das aber auszureichen. Nachbestellungen sind ja noch jederzeit m\u00f6glich.<\/p>\n<p>Jimmy Cornells Buch beschreibt die wirklich langen Schl\u00e4ge und macht Empfehlungen f\u00fcr die beste Reisezeit. Unsere zeitliche Vorgabe war bisher nur der Start der ARC am 23. November. M\u00f6glichst zwei Wochen vor Start sollten wir auf Gran Canaria sein. F\u00fcr die Fahrt von Lissabon nach Gran Canaria gibt Cornell Mai bis Oktober an. Und f\u00fcr die Biskaya-Durchquerung Mai bis Mitte August. Speziell die Biskaya sollte nicht zu sp\u00e4t angegangen werden.<\/p>\n<p>Somit stand das Ger\u00fcst f\u00fcr unsere Etappenplanung. Im Fr\u00fchjahr startet die erste Etappe von der Ostsee in die Nordsee. Die zweite Etappe von der Nordsee in den Englischen Kanal. H\u00f6chstwahrscheinlich wird uns die dritte Etappe dann zur S\u00fcdwestspitze Englands bringen von wo aus es anschlie\u00dfend in der vierten Etappe durch die Biskaya nach La Coruna geht. Der Startpunkt an der s\u00fcdwestspitze Englands f\u00fcr die Biskaya bietet mehr Sicherheit, ist aber auch l\u00e4nger. Die f\u00fcnfte und sechse Etappe f\u00fchrt uns anschlie\u00dfend an der Spanisch- Portugiesischen Atlantikk\u00fcste bis nach Lissabon. In der siebten Etappe geht es in einem Schlag nach Gran Canaria. Dort Startet am 23. November die ARC in Richtung Rodney Bay auf St. Lucia.<\/p>\n<p><a title=\"Hilfsmittel f\u00fcr die Planung\" href=\"https:\/\/sy-bahati.de\/?page_id=321\">ZUR\u00dcCK<\/a><\/p>\n","protected":false},"excerpt":{"rendered":"<p>Jeder hat wahrscheinlich so seine Bezugsquellen. Unsere Lieblingsbezugsquelle war und ist HanseNautic. \u00dcber das Internet-Shop-System haben wir uns das Angebot f\u00fcr unser Reisegebiet angesehen und die aus unserer Sicht n\u00f6tigen B\u00fccher und Karten herausgesucht. Auf Grund der relativ gro\u00dfen Bestellmenge &hellip; <a href=\"https:\/\/sy-bahati.de\/?page_id=325\">Weiterlesen <span class=\"meta-nav\">&rarr;<\/span><\/a><\/p>\n","protected":false},"author":1,"featured_media":0,"parent":321,"menu_order":0,"comment_status":"closed","ping_status":"closed","template":"sidebar-page.php","meta":{"_exactmetrics_skip_tracking":false,"_exactmetrics_sitenote_active":false,"_exactmetrics_sitenote_note":"","_exactmetrics_sitenote_category":0,"footnotes":""},"class_list":["post-325","page","type-page","status-publish","hentry"],"_links":{"self":[{"href":"https:\/\/sy-bahati.de\/index.php?rest_route=\/wp\/v2\/pages\/325","targetHints":{"allow":["GET"]}}],"collection":[{"href":"https:\/\/sy-bahati.de\/index.php?rest_route=\/wp\/v2\/pages"}],"about":[{"href":"https:\/\/sy-bahati.de\/index.php?rest_route=\/wp\/v2\/types\/page"}],"author":[{"embeddable":true,"href":"https:\/\/sy-bahati.de\/index.php?rest_route=\/wp\/v2\/users\/1"}],"replies":[{"embeddable":true,"href":"https:\/\/sy-bahati.de\/index.php?rest_route=%2Fwp%2Fv2%2Fcomments&post=325"}],"version-history":[{"count":3,"href":"https:\/\/sy-bahati.de\/index.php?rest_route=\/wp\/v2\/pages\/325\/revisions"}],"predecessor-version":[{"id":460,"href":"https:\/\/sy-bahati.de\/index.php?rest_route=\/wp\/v2\/pages\/325\/revisions\/460"}],"up":[{"embeddable":true,"href":"https:\/\/sy-bahati.de\/index.php?rest_route=\/wp\/v2\/pages\/321"}],"wp:attachment":[{"href":"https:\/\/sy-bahati.de\/index.php?rest_route=%2Fwp%2Fv2%2Fmedia&parent=325"}],"curies":[{"name":"wp","href":"https:\/\/api.w.org\/{rel}","templated":true}]}}