{"id":345,"date":"2014-02-11T19:21:39","date_gmt":"2014-02-11T19:21:39","guid":{"rendered":"http:\/\/sy-bahati.de\/?page_id=345"},"modified":"2014-03-06T08:50:58","modified_gmt":"2014-03-06T08:50:58","slug":"navionics","status":"publish","type":"page","link":"https:\/\/sy-bahati.de\/?page_id=345","title":{"rendered":"Navionics"},"content":{"rendered":"<p>Die Bahati ist mit zwei Kartenplotter (E80), Master und Slave,\u00a0und Instrumenten von Raymarine ausgestattet. Der Kartenplotter verwendet die elektronischen Vektorkarten von <a title=\"http:\/\/www.navionics.com\/de\" href=\"http:\/\/www.navionics.com\/de\" target=\"_blank\">Navionics<\/a>.\u00a0Aus diesem Grund stellte sich nie die Frage, mit welchen elektronischen Karten wir arbeiten wollen. Bisher setzten wir eine Karte f\u00fcr die Ostsee ein. Eine zweite\u00a0 ben\u00f6tigten wir f\u00fcr unseren Schweden T\u00f6rn im Jahr 2012. Die Nachteile\u00a0dieser Karten sind der hohe Anschaffungspreis, das relativ kleine Gebiet und die fehlende M\u00f6glichkeit, die Karte zu aktualisieren. Das neue System Navionics+ bietet\u00a0wesentlich gr\u00f6\u00dfere Gebiete\u00a0per Internet-Download an. Einmal gekauft, kann die Karte f\u00fcr 12 Monate kostenlos t\u00e4glich\u00a0aktualisiert werden. Aber Achtung, diese Aktualisierung ist nicht Vergleichbar mit der Berichtigung einer Papierseekarte. Daher gilt die Elektronik als zus\u00e4tzliches Hilfsmittel und nicht als Papierkartenersatz.\u00a0F\u00fcr uns kommen wohl die Gebiete &#8222;Central &amp; West Europa&#8220; und &#8222;Caribbean &amp; South America&#8220; in frage.<\/p>\n<p>F\u00fcr die Planung von zuhause hat sich das Navionics-Europe-App f\u00fcr das iPad\u00a0bezahlt gemacht. Im App-Store kann man es f\u00fcr ca. 50,- \u20ac beziehen. Mit diesem Hilfsmittel lassen sich die ersten Etappen planen.<\/p>\n\n\t\t<style type=\"text\/css\">\n\t\t\t#gallery-1 {\n\t\t\t\tmargin: auto;\n\t\t\t}\n\t\t\t#gallery-1 .gallery-item {\n\t\t\t\tfloat: left;\n\t\t\t\tmargin-top: 10px;\n\t\t\t\ttext-align: center;\n\t\t\t\twidth: 50%;\n\t\t\t}\n\t\t\t#gallery-1 img {\n\t\t\t\tborder: 2px solid #cfcfcf;\n\t\t\t}\n\t\t\t#gallery-1 .gallery-caption {\n\t\t\t\tmargin-left: 0;\n\t\t\t}\n\t\t\t\/* see gallery_shortcode() in wp-includes\/media.php *\/\n\t\t<\/style>\n\t\t<div id='gallery-1' class='gallery galleryid-345 gallery-columns-2 gallery-size-thumbnail'><dl class='gallery-item'>\n\t\t\t<dt class='gallery-icon portrait'>\n\t\t\t\t<a href='https:\/\/sy-bahati.de\/wp-content\/uploads\/2014\/02\/Nav_Helgoland.jpg'><img loading=\"lazy\" decoding=\"async\" width=\"150\" height=\"150\" src=\"https:\/\/sy-bahati.de\/wp-content\/uploads\/2014\/02\/Nav_Helgoland-150x150.jpg\" class=\"attachment-thumbnail size-thumbnail\" alt=\"\" aria-describedby=\"gallery-1-350\" \/><\/a>\n\t\t\t<\/dt>\n\t\t\t\t<dd class='wp-caption-text gallery-caption' id='gallery-1-350'>\n\t\t\t\tHelgoland\n\t\t\t\t<\/dd><\/dl><dl class='gallery-item'>\n\t\t\t<dt class='gallery-icon portrait'>\n\t\t\t\t<a href='https:\/\/sy-bahati.de\/wp-content\/uploads\/2014\/02\/Nav_Borkum.jpg'><img loading=\"lazy\" decoding=\"async\" width=\"150\" height=\"150\" src=\"https:\/\/sy-bahati.de\/wp-content\/uploads\/2014\/02\/Nav_Borkum-150x150.jpg\" class=\"attachment-thumbnail size-thumbnail\" alt=\"\" aria-describedby=\"gallery-1-349\" \/><\/a>\n\t\t\t<\/dt>\n\t\t\t\t<dd class='wp-caption-text gallery-caption' id='gallery-1-349'>\n\t\t\t\tBorkum\n\t\t\t\t<\/dd><\/dl><br style=\"clear: both\" \/>\n\t\t<\/div>\n\n<p><a title=\"Hilfsmittel f\u00fcr die Planung\" href=\"https:\/\/sy-bahati.de\/?page_id=321\">ZUR\u00dcCK<\/a><\/p>\n","protected":false},"excerpt":{"rendered":"<p>Die Bahati ist mit zwei Kartenplotter (E80), Master und Slave,\u00a0und Instrumenten von Raymarine ausgestattet. Der Kartenplotter verwendet die elektronischen Vektorkarten von Navionics.\u00a0Aus diesem Grund stellte sich nie die Frage, mit welchen elektronischen Karten wir arbeiten wollen. Bisher setzten wir eine &hellip; <a href=\"https:\/\/sy-bahati.de\/?page_id=345\">Weiterlesen <span class=\"meta-nav\">&rarr;<\/span><\/a><\/p>\n","protected":false},"author":1,"featured_media":0,"parent":321,"menu_order":0,"comment_status":"closed","ping_status":"closed","template":"sidebar-page.php","meta":{"_exactmetrics_skip_tracking":false,"_exactmetrics_sitenote_active":false,"_exactmetrics_sitenote_note":"","_exactmetrics_sitenote_category":0,"footnotes":""},"class_list":["post-345","page","type-page","status-publish","hentry"],"_links":{"self":[{"href":"https:\/\/sy-bahati.de\/index.php?rest_route=\/wp\/v2\/pages\/345","targetHints":{"allow":["GET"]}}],"collection":[{"href":"https:\/\/sy-bahati.de\/index.php?rest_route=\/wp\/v2\/pages"}],"about":[{"href":"https:\/\/sy-bahati.de\/index.php?rest_route=\/wp\/v2\/types\/page"}],"author":[{"embeddable":true,"href":"https:\/\/sy-bahati.de\/index.php?rest_route=\/wp\/v2\/users\/1"}],"replies":[{"embeddable":true,"href":"https:\/\/sy-bahati.de\/index.php?rest_route=%2Fwp%2Fv2%2Fcomments&post=345"}],"version-history":[{"count":8,"href":"https:\/\/sy-bahati.de\/index.php?rest_route=\/wp\/v2\/pages\/345\/revisions"}],"predecessor-version":[{"id":461,"href":"https:\/\/sy-bahati.de\/index.php?rest_route=\/wp\/v2\/pages\/345\/revisions\/461"}],"up":[{"embeddable":true,"href":"https:\/\/sy-bahati.de\/index.php?rest_route=\/wp\/v2\/pages\/321"}],"wp:attachment":[{"href":"https:\/\/sy-bahati.de\/index.php?rest_route=%2Fwp%2Fv2%2Fmedia&parent=345"}],"curies":[{"name":"wp","href":"https:\/\/api.w.org\/{rel}","templated":true}]}}