{"id":38,"date":"2014-01-28T11:37:34","date_gmt":"2014-01-28T11:37:34","guid":{"rendered":"http:\/\/sy-bahati.de\/?page_id=38"},"modified":"2014-04-21T13:09:30","modified_gmt":"2014-04-21T13:09:30","slug":"bilder-bahati","status":"publish","type":"page","link":"https:\/\/sy-bahati.de\/?page_id=38","title":{"rendered":"Das Schiff"},"content":{"rendered":"<p><a title=\"Innenansicht\" href=\"https:\/\/sy-bahati.de\/?page_id=152\">INNENANSICHT<\/a>\u00a0\u00a0 <a title=\"Technische Daten\" href=\"https:\/\/sy-bahati.de\/?page_id=366\">TECHNISCHE DATEN<\/a>\u00a0\u00a0 <a title=\"Heimathafen\" href=\"https:\/\/sy-bahati.de\/?page_id=293\">HEIMATHAFEN<\/a>\u00a0\u00a0\u00a0<a title=\"Winterlager\" href=\"https:\/\/sy-bahati.de\/?page_id=361\"> WINTERLAGER<\/a><\/p>\n<p>Unser Schiff ist eine <a title=\"Bavaria39C\" href=\"https:\/\/sy-bahati.de\/?page_id=130\">Bavaria 39C<\/a>, Baujahr 2006, mit einer 40 PS Maschine von Volvo Penta. Die Bavaria ist 39 Fu\u00df, also knapp 12 m lang und 4 m breit mit einem Tiefgang von 1,80 m und einem Gewicht von 8,3 t. Drei Kabinen mit je einer Doppelkoje und zwei WC\u00b4s bieten f\u00fcr 6 Personen ausreichend Platz.<\/p>\n<p>Es sind zwei Kartenplotter von Raymarine inkl. Radar vorhanden. UKW Sprechfunk ist wie der Kartenplotter am Navigationstisch und am Steuerstand verf\u00fcgbar.<\/p>\n<p>Das Gro\u00df ist ein durchgelatttes Segel mit Lazy-Jack und Ein-Leinen-Reffsystem (1.,2.,3. Reff). Vorne ist eine Rollgenua verf\u00fcgbar. F\u00fcr raume Windkurse nutzen wir einen Blister (Gennacker). Ein Galesail kann bei Starkwind \u00fcber die aufgerollte Genua gezogen werden.<\/p>\n<p>Zwei 260 Ah Gelbatterien k\u00f6nnen per Landanschlu\u00df, Dieselmotor und SuperWind Windgenerator geladen werden.<\/p>\n<p>In\u00a0dieser schon guten\u00a0Ausstattung kauften wir das Schiff 2010 von einem Leipziger Freund. Den Namen &#8222;Bahati&#8220; behielten wir bei. Er bedeutet auf Suaheli &#8222;Chancen, Gl\u00fcck&#8220;. Das passt!<\/p>\n\n\t\t<style type=\"text\/css\">\n\t\t\t#gallery-1 {\n\t\t\t\tmargin: auto;\n\t\t\t}\n\t\t\t#gallery-1 .gallery-item {\n\t\t\t\tfloat: left;\n\t\t\t\tmargin-top: 10px;\n\t\t\t\ttext-align: center;\n\t\t\t\twidth: 33%;\n\t\t\t}\n\t\t\t#gallery-1 img {\n\t\t\t\tborder: 2px solid #cfcfcf;\n\t\t\t}\n\t\t\t#gallery-1 .gallery-caption {\n\t\t\t\tmargin-left: 0;\n\t\t\t}\n\t\t\t\/* see gallery_shortcode() in wp-includes\/media.php *\/\n\t\t<\/style>\n\t\t<div id='gallery-1' class='gallery galleryid-38 gallery-columns-3 gallery-size-thumbnail'><dl class='gallery-item'>\n\t\t\t<dt class='gallery-icon landscape'>\n\t\t\t\t<a href='https:\/\/sy-bahati.de\/wp-content\/uploads\/2014\/01\/Bahati_von_oben2.jpg'><img loading=\"lazy\" decoding=\"async\" width=\"150\" height=\"150\" src=\"https:\/\/sy-bahati.de\/wp-content\/uploads\/2014\/01\/Bahati_von_oben2-150x150.jpg\" class=\"attachment-thumbnail size-thumbnail\" alt=\"\" aria-describedby=\"gallery-1-77\" \/><\/a>\n\t\t\t<\/dt>\n\t\t\t\t<dd class='wp-caption-text gallery-caption' id='gallery-1-77'>\n\t\t\t\tBahati von oben\n\t\t\t\t<\/dd><\/dl><dl class='gallery-item'>\n\t\t\t<dt class='gallery-icon landscape'>\n\t\t\t\t<a href='https:\/\/sy-bahati.de\/wp-content\/uploads\/2014\/01\/Schaeren.jpg'><img loading=\"lazy\" decoding=\"async\" width=\"150\" height=\"150\" src=\"https:\/\/sy-bahati.de\/wp-content\/uploads\/2014\/01\/Schaeren-150x150.jpg\" class=\"attachment-thumbnail size-thumbnail\" alt=\"\" aria-describedby=\"gallery-1-85\" \/><\/a>\n\t\t\t<\/dt>\n\t\t\t\t<dd class='wp-caption-text gallery-caption' id='gallery-1-85'>\n\t\t\t\tSch\u00e4ren vor Stockholm\n\t\t\t\t<\/dd><\/dl><dl class='gallery-item'>\n\t\t\t<dt class='gallery-icon landscape'>\n\t\t\t\t<a href='https:\/\/sy-bahati.de\/wp-content\/uploads\/2014\/01\/IMG_2509.jpg'><img loading=\"lazy\" decoding=\"async\" width=\"150\" height=\"150\" src=\"https:\/\/sy-bahati.de\/wp-content\/uploads\/2014\/01\/IMG_2509-150x150.jpg\" class=\"attachment-thumbnail size-thumbnail\" alt=\"\" aria-describedby=\"gallery-1-66\" \/><\/a>\n\t\t\t<\/dt>\n\t\t\t\t<dd class='wp-caption-text gallery-caption' id='gallery-1-66'>\n\t\t\t\tLetzte Arbeit vorm Winterlager\n\t\t\t\t<\/dd><\/dl><br style=\"clear: both\" \/><dl class='gallery-item'>\n\t\t\t<dt class='gallery-icon landscape'>\n\t\t\t\t<a href='https:\/\/sy-bahati.de\/wp-content\/uploads\/2014\/01\/Bahati_Heck.jpg'><img loading=\"lazy\" decoding=\"async\" width=\"150\" height=\"150\" src=\"https:\/\/sy-bahati.de\/wp-content\/uploads\/2014\/01\/Bahati_Heck-150x150.jpg\" class=\"attachment-thumbnail size-thumbnail\" alt=\"\" aria-describedby=\"gallery-1-35\" \/><\/a>\n\t\t\t<\/dt>\n\t\t\t\t<dd class='wp-caption-text gallery-caption' id='gallery-1-35'>\n\t\t\t\tDas bepackte Heck\n\t\t\t\t<\/dd><\/dl><dl class='gallery-item'>\n\t\t\t<dt class='gallery-icon landscape'>\n\t\t\t\t<a href='https:\/\/sy-bahati.de\/wp-content\/uploads\/2014\/01\/Bahati_Bug.jpg'><img loading=\"lazy\" decoding=\"async\" width=\"150\" height=\"150\" src=\"https:\/\/sy-bahati.de\/wp-content\/uploads\/2014\/01\/Bahati_Bug-150x150.jpg\" class=\"attachment-thumbnail size-thumbnail\" alt=\"\" aria-describedby=\"gallery-1-83\" \/><\/a>\n\t\t\t<\/dt>\n\t\t\t\t<dd class='wp-caption-text gallery-caption' id='gallery-1-83'>\n\t\t\t\tBahati vom Bug\n\t\t\t\t<\/dd><\/dl><dl class='gallery-item'>\n\t\t\t<dt class='gallery-icon landscape'>\n\t\t\t\t<a href='https:\/\/sy-bahati.de\/wp-content\/uploads\/2014\/01\/IMG_2517.jpg'><img loading=\"lazy\" decoding=\"async\" width=\"150\" height=\"150\" src=\"https:\/\/sy-bahati.de\/wp-content\/uploads\/2014\/01\/IMG_2517-150x150.jpg\" class=\"attachment-thumbnail size-thumbnail\" alt=\"\" aria-describedby=\"gallery-1-68\" \/><\/a>\n\t\t\t<\/dt>\n\t\t\t\t<dd class='wp-caption-text gallery-caption' id='gallery-1-68'>\n\t\t\t\tSturmsegel und 3. Reff\n\t\t\t\t<\/dd><\/dl><br style=\"clear: both\" \/><dl class='gallery-item'>\n\t\t\t<dt class='gallery-icon landscape'>\n\t\t\t\t<a href='https:\/\/sy-bahati.de\/wp-content\/uploads\/2014\/01\/IMG_2543.jpg'><img loading=\"lazy\" decoding=\"async\" width=\"150\" height=\"150\" src=\"https:\/\/sy-bahati.de\/wp-content\/uploads\/2014\/01\/IMG_2543-150x150.jpg\" class=\"attachment-thumbnail size-thumbnail\" alt=\"\" aria-describedby=\"gallery-1-72\" \/><\/a>\n\t\t\t<\/dt>\n\t\t\t\t<dd class='wp-caption-text gallery-caption' id='gallery-1-72'>\n\t\t\t\tAuf zum Krahn\n\t\t\t\t<\/dd><\/dl><dl class='gallery-item'>\n\t\t\t<dt class='gallery-icon landscape'>\n\t\t\t\t<a href='https:\/\/sy-bahati.de\/wp-content\/uploads\/2014\/01\/Blister.jpg'><img loading=\"lazy\" decoding=\"async\" width=\"150\" height=\"150\" src=\"https:\/\/sy-bahati.de\/wp-content\/uploads\/2014\/01\/Blister-150x150.jpg\" class=\"attachment-thumbnail size-thumbnail\" alt=\"\" aria-describedby=\"gallery-1-84\" \/><\/a>\n\t\t\t<\/dt>\n\t\t\t\t<dd class='wp-caption-text gallery-caption' id='gallery-1-84'>\n\t\t\t\tBlister\n\t\t\t\t<\/dd><\/dl><dl class='gallery-item'>\n\t\t\t<dt class='gallery-icon landscape'>\n\t\t\t\t<a href='https:\/\/sy-bahati.de\/wp-content\/uploads\/2014\/01\/IMG_2540.jpg'><img loading=\"lazy\" decoding=\"async\" width=\"150\" height=\"150\" src=\"https:\/\/sy-bahati.de\/wp-content\/uploads\/2014\/01\/IMG_2540-150x150.jpg\" class=\"attachment-thumbnail size-thumbnail\" alt=\"\" aria-describedby=\"gallery-1-71\" \/><\/a>\n\t\t\t<\/dt>\n\t\t\t\t<dd class='wp-caption-text gallery-caption' id='gallery-1-71'>\n\t\t\t\tHeiligenhafen nach Fehmarn\n\t\t\t\t<\/dd><\/dl><br style=\"clear: both\" \/>\n\t\t<\/div>\n\n<p style=\"text-align: right;\">\u00a028.1.2014<\/p>\n<p>&nbsp;<\/p>\n","protected":false},"excerpt":{"rendered":"<p>INNENANSICHT\u00a0\u00a0 TECHNISCHE DATEN\u00a0\u00a0 HEIMATHAFEN\u00a0\u00a0\u00a0 WINTERLAGER Unser Schiff ist eine Bavaria 39C, Baujahr 2006, mit einer 40 PS Maschine von Volvo Penta. Die Bavaria ist 39 Fu\u00df, also knapp 12 m lang und 4 m breit mit einem Tiefgang von 1,80 &hellip; <a href=\"https:\/\/sy-bahati.de\/?page_id=38\">Weiterlesen <span class=\"meta-nav\">&rarr;<\/span><\/a><\/p>\n","protected":false},"author":1,"featured_media":0,"parent":0,"menu_order":0,"comment_status":"closed","ping_status":"closed","template":"sidebar-page.php","meta":{"_exactmetrics_skip_tracking":false,"_exactmetrics_sitenote_active":false,"_exactmetrics_sitenote_note":"","_exactmetrics_sitenote_category":0,"footnotes":""},"class_list":["post-38","page","type-page","status-publish","hentry"],"_links":{"self":[{"href":"https:\/\/sy-bahati.de\/index.php?rest_route=\/wp\/v2\/pages\/38","targetHints":{"allow":["GET"]}}],"collection":[{"href":"https:\/\/sy-bahati.de\/index.php?rest_route=\/wp\/v2\/pages"}],"about":[{"href":"https:\/\/sy-bahati.de\/index.php?rest_route=\/wp\/v2\/types\/page"}],"author":[{"embeddable":true,"href":"https:\/\/sy-bahati.de\/index.php?rest_route=\/wp\/v2\/users\/1"}],"replies":[{"embeddable":true,"href":"https:\/\/sy-bahati.de\/index.php?rest_route=%2Fwp%2Fv2%2Fcomments&post=38"}],"version-history":[{"count":27,"href":"https:\/\/sy-bahati.de\/index.php?rest_route=\/wp\/v2\/pages\/38\/revisions"}],"predecessor-version":[{"id":661,"href":"https:\/\/sy-bahati.de\/index.php?rest_route=\/wp\/v2\/pages\/38\/revisions\/661"}],"wp:attachment":[{"href":"https:\/\/sy-bahati.de\/index.php?rest_route=%2Fwp%2Fv2%2Fmedia&parent=38"}],"curies":[{"name":"wp","href":"https:\/\/api.w.org\/{rel}","templated":true}]}}