{"id":382,"date":"2014-02-13T16:06:20","date_gmt":"2014-02-13T16:06:20","guid":{"rendered":"http:\/\/sy-bahati.de\/?page_id=382"},"modified":"2014-03-06T08:51:21","modified_gmt":"2014-03-06T08:51:21","slug":"papiere","status":"publish","type":"page","link":"https:\/\/sy-bahati.de\/?page_id=382","title":{"rendered":"Papiere"},"content":{"rendered":"<p><a title=\"Bootspapiere\" href=\"https:\/\/sy-bahati.de\/?page_id=388\">BOOTSPAPIERE<\/a>\u00a0\u00a0 <a title=\"Pers\u00f6nliche Papiere\" href=\"https:\/\/sy-bahati.de\/?page_id=418\">PERS\u00d6NLICHE<\/a>\u00a0\u00a0 <a title=\"Yacht F\u00fchrerscheine\" href=\"https:\/\/sy-bahati.de\/?page_id=423\">F\u00dcHRERSCHEINE<\/a>\u00a0\u00a0 <a title=\"Zertifikate f\u00fcr Yachtausr\u00fcstung\" href=\"https:\/\/sy-bahati.de\/?page_id=444\">ZERTIFIKATE<\/a><\/p>\n<p>Das B\u00fcrokratiemonster kennt auch hier keine Gnade. Beim Zusammenstellen wird erst der Umfang ersichtlich. Ohne separate Einteilung in die oben genannten Klassen ist eine \u00fcbersichtliche Pr\u00e4sentation gar nicht m\u00f6glich.\u00a0An dieser Stelle\u00a0m\u00f6chten wir aber noch eine \u00dcberlegung teilen. Die Papiere sind im Original mitzuf\u00fchren. Wie sicher sind sie auf See aufgehoben? Es ist ratsam,\u00a0Kopien aller Papiere eingeschwei\u00dft in die Grab Bag (Rettungsinsel) zu\u00a0legen. Zus\u00e4tzlich ist es sicher eine gute Idee, sich Scanns der Papiere\u00a0digital in der &#8222;Cloud&#8220;, wo immer das sein mag, abzuspeichern. So hat man\u00a0weltweit Zugriff\u00a0per Internet zumindest auf Kopien der Papiere. Hilft auch bei &#8222;normalen&#8220; Urlauben.<\/p>\n<p><a title=\"Organisation\" href=\"https:\/\/sy-bahati.de\/?page_id=236\">ZUR\u00dcCK<\/a><\/p>\n","protected":false},"excerpt":{"rendered":"<p>BOOTSPAPIERE\u00a0\u00a0 PERS\u00d6NLICHE\u00a0\u00a0 F\u00dcHRERSCHEINE\u00a0\u00a0 ZERTIFIKATE Das B\u00fcrokratiemonster kennt auch hier keine Gnade. Beim Zusammenstellen wird erst der Umfang ersichtlich. Ohne separate Einteilung in die oben genannten Klassen ist eine \u00fcbersichtliche Pr\u00e4sentation gar nicht m\u00f6glich.\u00a0An dieser Stelle\u00a0m\u00f6chten wir aber noch eine \u00dcberlegung &hellip; <a href=\"https:\/\/sy-bahati.de\/?page_id=382\">Weiterlesen <span class=\"meta-nav\">&rarr;<\/span><\/a><\/p>\n","protected":false},"author":1,"featured_media":0,"parent":236,"menu_order":0,"comment_status":"closed","ping_status":"closed","template":"sidebar-page.php","meta":{"_exactmetrics_skip_tracking":false,"_exactmetrics_sitenote_active":false,"_exactmetrics_sitenote_note":"","_exactmetrics_sitenote_category":0,"footnotes":""},"class_list":["post-382","page","type-page","status-publish","hentry"],"_links":{"self":[{"href":"https:\/\/sy-bahati.de\/index.php?rest_route=\/wp\/v2\/pages\/382","targetHints":{"allow":["GET"]}}],"collection":[{"href":"https:\/\/sy-bahati.de\/index.php?rest_route=\/wp\/v2\/pages"}],"about":[{"href":"https:\/\/sy-bahati.de\/index.php?rest_route=\/wp\/v2\/types\/page"}],"author":[{"embeddable":true,"href":"https:\/\/sy-bahati.de\/index.php?rest_route=\/wp\/v2\/users\/1"}],"replies":[{"embeddable":true,"href":"https:\/\/sy-bahati.de\/index.php?rest_route=%2Fwp%2Fv2%2Fcomments&post=382"}],"version-history":[{"count":9,"href":"https:\/\/sy-bahati.de\/index.php?rest_route=\/wp\/v2\/pages\/382\/revisions"}],"predecessor-version":[{"id":482,"href":"https:\/\/sy-bahati.de\/index.php?rest_route=\/wp\/v2\/pages\/382\/revisions\/482"}],"up":[{"embeddable":true,"href":"https:\/\/sy-bahati.de\/index.php?rest_route=\/wp\/v2\/pages\/236"}],"wp:attachment":[{"href":"https:\/\/sy-bahati.de\/index.php?rest_route=%2Fwp%2Fv2%2Fmedia&parent=382"}],"curies":[{"name":"wp","href":"https:\/\/api.w.org\/{rel}","templated":true}]}}