{"id":418,"date":"2014-02-17T13:53:41","date_gmt":"2014-02-17T13:53:41","guid":{"rendered":"http:\/\/sy-bahati.de\/?page_id=418"},"modified":"2014-03-06T08:52:34","modified_gmt":"2014-03-06T08:52:34","slug":"peroenliche-papiere","status":"publish","type":"page","link":"https:\/\/sy-bahati.de\/?page_id=418","title":{"rendered":"Pers\u00f6nliche Papiere"},"content":{"rendered":"<p>Bei den pers\u00f6nlichen Papieren ist klar, was ben\u00f6tigt wird. Jeder ist schon einmal verreist. Trotzdem der Vollst\u00e4ndigkeit halber unsere Auflistung.<br \/>\nIn Europa reicht der Personalausweis, sonst der Reisepass. Aber es muss gepr\u00fcft werden, wann die Papiere ung\u00fcltig werden. Der Reisepass sollte mindestens 1 Jahr nach\u00a0Verlassen des besuchten Landes noch g\u00fcltig sein. H\u00e4ufig reichen 6 Monate. Ebenfalls muss vorab gekl\u00e4rt werden, ob f\u00fcr die Einreise ein Visum ben\u00f6tigt wird. Informationen dazu erh\u00e4lt man auf der Seite <a title=\"Noonsite\" href=\"http:\/\/www.noonsite.com\" target=\"_blank\">www.noonsite.com<\/a>.<br \/>\nZu den pers\u00f6nlichen Papieren geh\u00f6rt selbstverst\u00e4ndlich die Auslandskrankenversicherung und der Impfpass. Bez\u00fcglich der Impfungen ist der Hausarzt zust\u00e4ndig. Rechtzeitig darum k\u00fcmmern!<br \/>\nF\u00fcr Landausfl\u00fcge ist ein Auto oder Motorrad empfehlenswert. Dazu wird der F\u00fchrerschein ben\u00f6tigt.<\/p>\n<p><a href=\"https:\/\/sy-bahati.de\/?page_id=382\">ZUR\u00dcCK<\/a><\/p>\n<p>&nbsp;<\/p>\n","protected":false},"excerpt":{"rendered":"<p>Bei den pers\u00f6nlichen Papieren ist klar, was ben\u00f6tigt wird. Jeder ist schon einmal verreist. Trotzdem der Vollst\u00e4ndigkeit halber unsere Auflistung. In Europa reicht der Personalausweis, sonst der Reisepass. Aber es muss gepr\u00fcft werden, wann die Papiere ung\u00fcltig werden. Der Reisepass &hellip; <a href=\"https:\/\/sy-bahati.de\/?page_id=418\">Weiterlesen <span class=\"meta-nav\">&rarr;<\/span><\/a><\/p>\n","protected":false},"author":1,"featured_media":0,"parent":382,"menu_order":0,"comment_status":"closed","ping_status":"closed","template":"sidebar-page.php","meta":{"_exactmetrics_skip_tracking":false,"_exactmetrics_sitenote_active":false,"_exactmetrics_sitenote_note":"","_exactmetrics_sitenote_category":0,"footnotes":""},"class_list":["post-418","page","type-page","status-publish","hentry"],"_links":{"self":[{"href":"https:\/\/sy-bahati.de\/index.php?rest_route=\/wp\/v2\/pages\/418","targetHints":{"allow":["GET"]}}],"collection":[{"href":"https:\/\/sy-bahati.de\/index.php?rest_route=\/wp\/v2\/pages"}],"about":[{"href":"https:\/\/sy-bahati.de\/index.php?rest_route=\/wp\/v2\/types\/page"}],"author":[{"embeddable":true,"href":"https:\/\/sy-bahati.de\/index.php?rest_route=\/wp\/v2\/users\/1"}],"replies":[{"embeddable":true,"href":"https:\/\/sy-bahati.de\/index.php?rest_route=%2Fwp%2Fv2%2Fcomments&post=418"}],"version-history":[{"count":2,"href":"https:\/\/sy-bahati.de\/index.php?rest_route=\/wp\/v2\/pages\/418\/revisions"}],"predecessor-version":[{"id":481,"href":"https:\/\/sy-bahati.de\/index.php?rest_route=\/wp\/v2\/pages\/418\/revisions\/481"}],"up":[{"embeddable":true,"href":"https:\/\/sy-bahati.de\/index.php?rest_route=\/wp\/v2\/pages\/382"}],"wp:attachment":[{"href":"https:\/\/sy-bahati.de\/index.php?rest_route=%2Fwp%2Fv2%2Fmedia&parent=418"}],"curies":[{"name":"wp","href":"https:\/\/api.w.org\/{rel}","templated":true}]}}