{"id":423,"date":"2014-02-17T14:46:13","date_gmt":"2014-02-17T14:46:13","guid":{"rendered":"http:\/\/sy-bahati.de\/?page_id=423"},"modified":"2014-03-06T08:53:01","modified_gmt":"2014-03-06T08:53:01","slug":"fuehrerscheine","status":"publish","type":"page","link":"https:\/\/sy-bahati.de\/?page_id=423","title":{"rendered":"Yacht F\u00fchrerscheine"},"content":{"rendered":"<p><img loading=\"lazy\" decoding=\"async\" class=\"alignright size-thumbnail wp-image-427\" alt=\"Sportboot_See\" src=\"https:\/\/sy-bahati.de\/wp-content\/uploads\/2014\/02\/Sportboot_See-150x150.jpg\" width=\"150\" height=\"150\" \/>Was ist wirklich vorgeschrieben? Ohne Gew\u00e4hr: Ein <em>UKW-Funkzeugnis<\/em> (SRC oder Beschr\u00e4nkt g\u00fcltiges Betriebszeugnis f\u00fcr Funker), der <em>Sachkundenachweis f\u00fcr <\/em><em>Signalwaffen\u00a0<\/em>und in Deutschland der <em>Sportbootf\u00fchrerschein See<\/em>. Das reicht, um eine solche Reise anzutreten. Ist aber auch sehr mutig!<\/p>\n<p>&nbsp;<\/p>\n<p>Wer an der ARC teilnehmen m\u00f6chte, der muss noch<img loading=\"lazy\" decoding=\"async\" class=\"alignright size-thumbnail wp-image-425\" alt=\"ISAF\" src=\"https:\/\/sy-bahati.de\/wp-content\/uploads\/2014\/02\/ISAF-150x150.jpg\" width=\"150\" height=\"150\" \/> einen <em>ISAF Approved Offshore Personal Survivant Course<\/em> nachweisen (siehe Sicherheitstraining). Der Nachweis \u00fcber eine Teilnahme an einem Erste Hilfe Kurs kann nicht schaden.<\/p>\n<p>&nbsp;<\/p>\n<p>&nbsp;<\/p>\n<p>Zu den nicht amtlichen Segelscheinen gibt es auch\u00a0keine <img loading=\"lazy\" decoding=\"async\" class=\"alignright  wp-image-427\" alt=\"Sportboot_See\" src=\"https:\/\/sy-bahati.de\/wp-content\/uploads\/2014\/02\/Sportboot_See-150x150.jpg\" width=\"150\" height=\"150\" \/>verbindlichen Vorgaben. Wir pers\u00f6nlich\u00a0sind alle im Besitz eines <em>BR oder SKS-Scheins<\/em> (K\u00fcstenfahrt f\u00fcr Yachten unter Segel und Motor) und haben gemeinsam 2012 den <em>SSS<\/em> (Sportseeschifferschein) erworben.\u00a0Aus unserer Sicht sollte mindestens eine Person einen solchen Schein besitzen. Er ersetzt nicht die praktischen F\u00e4higkeiten, aber er vermittelt eine grundsolide Wissensbasis.<\/p>\n<p>Absolut unn\u00f6tig war f\u00fcr uns das Funkzertifikat LRC (Long<img loading=\"lazy\" decoding=\"async\" class=\"alignright size-thumbnail wp-image-426\" alt=\"LRC\" src=\"https:\/\/sy-bahati.de\/wp-content\/uploads\/2014\/02\/LRC-150x150.jpg\" width=\"150\" height=\"150\" \/> Range Certificate). Wir werden nur mit einem Satellitentelefon unsere Kommunikation abwickeln. Ein bezahlbares Marine-Kurzwellenger\u00e4t findet man nicht. Wenn \u00fcber Funk kommuniziert werden soll, dann \u00fcber ein Amateurfunkger\u00e4t. Und daf\u00fcr wird eine Amateurfunklizenz ben\u00f6tigt. Das ist die bessere Alternative.<\/p>\n<p><a title=\"Papiere\" href=\"https:\/\/sy-bahati.de\/?page_id=382\">ZUR\u00dcCK<\/a><\/p>\n","protected":false},"excerpt":{"rendered":"<p>Was ist wirklich vorgeschrieben? Ohne Gew\u00e4hr: Ein UKW-Funkzeugnis (SRC oder Beschr\u00e4nkt g\u00fcltiges Betriebszeugnis f\u00fcr Funker), der Sachkundenachweis f\u00fcr Signalwaffen\u00a0und in Deutschland der Sportbootf\u00fchrerschein See. Das reicht, um eine solche Reise anzutreten. Ist aber auch sehr mutig! &nbsp; Wer an der &hellip; <a href=\"https:\/\/sy-bahati.de\/?page_id=423\">Weiterlesen <span class=\"meta-nav\">&rarr;<\/span><\/a><\/p>\n","protected":false},"author":1,"featured_media":0,"parent":382,"menu_order":0,"comment_status":"closed","ping_status":"closed","template":"sidebar-page.php","meta":{"_exactmetrics_skip_tracking":false,"_exactmetrics_sitenote_active":false,"_exactmetrics_sitenote_note":"","_exactmetrics_sitenote_category":0,"footnotes":""},"class_list":["post-423","page","type-page","status-publish","hentry"],"_links":{"self":[{"href":"https:\/\/sy-bahati.de\/index.php?rest_route=\/wp\/v2\/pages\/423","targetHints":{"allow":["GET"]}}],"collection":[{"href":"https:\/\/sy-bahati.de\/index.php?rest_route=\/wp\/v2\/pages"}],"about":[{"href":"https:\/\/sy-bahati.de\/index.php?rest_route=\/wp\/v2\/types\/page"}],"author":[{"embeddable":true,"href":"https:\/\/sy-bahati.de\/index.php?rest_route=\/wp\/v2\/users\/1"}],"replies":[{"embeddable":true,"href":"https:\/\/sy-bahati.de\/index.php?rest_route=%2Fwp%2Fv2%2Fcomments&post=423"}],"version-history":[{"count":9,"href":"https:\/\/sy-bahati.de\/index.php?rest_route=\/wp\/v2\/pages\/423\/revisions"}],"predecessor-version":[{"id":438,"href":"https:\/\/sy-bahati.de\/index.php?rest_route=\/wp\/v2\/pages\/423\/revisions\/438"}],"up":[{"embeddable":true,"href":"https:\/\/sy-bahati.de\/index.php?rest_route=\/wp\/v2\/pages\/382"}],"wp:attachment":[{"href":"https:\/\/sy-bahati.de\/index.php?rest_route=%2Fwp%2Fv2%2Fmedia&parent=423"}],"curies":[{"name":"wp","href":"https:\/\/api.w.org\/{rel}","templated":true}]}}