{"id":444,"date":"2014-02-18T11:15:42","date_gmt":"2014-02-18T11:15:42","guid":{"rendered":"http:\/\/sy-bahati.de\/?page_id=444"},"modified":"2014-03-06T08:53:26","modified_gmt":"2014-03-06T08:53:26","slug":"zertifikate-fuer-yachtausruestung","status":"publish","type":"page","link":"https:\/\/sy-bahati.de\/?page_id=444","title":{"rendered":"Zertifikate f\u00fcr Yachtausr\u00fcstung"},"content":{"rendered":"<p>Einige Ausr\u00fcstungsgegenst\u00e4nde m\u00fcssen periodisch gewartet werden oder gewissen Anforderungen entsprechen.<\/p>\n<p>Periodisch zu warten sind die Rettungsinsel und die Rettungswesten. <img loading=\"lazy\" decoding=\"async\" class=\"alignright size-full wp-image-448\" alt=\"Schwimmweste_Service_TG\" src=\"https:\/\/sy-bahati.de\/wp-content\/uploads\/2014\/02\/Schwimmweste_Service_TG-e1392721670407.jpg\" width=\"100\" height=\"89\" \/>Im Sinne guter Seemannschaft und der Sorgfaltspflicht des Skippers ist darauf zu achten. Gem\u00e4\u00df der <em>Pr\u00fcfplaketten<\/em> sind die Gegenst\u00e4nde zum Service zu geben.<br \/>\nDie Gasanlage geh\u00f6rt, wie der Motor, zu den technisch periodisch\u00a0zu \u00fcberpr\u00fcfenden Systemen einer Yacht. Die Nachweise der Wartungen sollten bei den Schiffspapieren liegen.<br \/>\nRigg, Segel, Ruder, Unterwasserschiff mit Opferanoden werden nach dem Kranen j\u00e4hrlich \u00fcberpr\u00fcft. Nachweise hierf\u00fcr gibt es in der Regel nicht.\u00a0F\u00fcr einen Riggcheck verlangt aber die Versicherung f\u00fcr einen T\u00f6rn \u00fcber den Atlantik einen solchen.<a href=\"https:\/\/sy-bahati.de\/wp-content\/uploads\/2014\/02\/Seenotsignale_Expire-e1392721828996.jpg\"><img loading=\"lazy\" decoding=\"async\" class=\"alignright  wp-image-449\" alt=\"Seenotsignale_Expire\" src=\"https:\/\/sy-bahati.de\/wp-content\/uploads\/2014\/02\/Seenotsignale_Expire-e1392721828996.jpg\" width=\"150\" height=\"97\" \/><\/a><\/p>\n<p>Auch bei den Notsignalmitteln ist auf das Verfallsdatum zu achten.<\/p>\n<p>&nbsp;<\/p>\n<p>Bei Teilnahme an der ARC gibt es Mindeststandards f\u00fcr die Rettungsinsel, deren Einhaltung\u00a0anhand eines Zertifikats nachzuweisen sind. Es bietet sich an, Zertifikate f\u00fcr andere Ausr\u00fcstungsgegenst\u00e4nde, z.B. Radar- Reflektionsfl\u00e4che,\u00a0ebenfalls zu den Schiffspapieren zu legen.<\/p>\n<p><a href=\"https:\/\/sy-bahati.de\/wp-content\/uploads\/2014\/02\/Zert_Rettungsinsel.jpg\"><img loading=\"lazy\" decoding=\"async\" class=\"aligncenter size-full wp-image-450\" alt=\"Zert_Rettungsinsel\" src=\"https:\/\/sy-bahati.de\/wp-content\/uploads\/2014\/02\/Zert_Rettungsinsel.jpg\" width=\"500\" height=\"249\" srcset=\"https:\/\/sy-bahati.de\/wp-content\/uploads\/2014\/02\/Zert_Rettungsinsel.jpg 500w, https:\/\/sy-bahati.de\/wp-content\/uploads\/2014\/02\/Zert_Rettungsinsel-300x149.jpg 300w\" sizes=\"auto, (max-width: 500px) 100vw, 500px\" \/><\/a><\/p>\n<p><a title=\"Papiere\" href=\"https:\/\/sy-bahati.de\/?page_id=382\">ZUR\u00dcCK<\/a><\/p>\n","protected":false},"excerpt":{"rendered":"<p>Einige Ausr\u00fcstungsgegenst\u00e4nde m\u00fcssen periodisch gewartet werden oder gewissen Anforderungen entsprechen. Periodisch zu warten sind die Rettungsinsel und die Rettungswesten. Im Sinne guter Seemannschaft und der Sorgfaltspflicht des Skippers ist darauf zu achten. Gem\u00e4\u00df der Pr\u00fcfplaketten sind die Gegenst\u00e4nde zum Service &hellip; <a href=\"https:\/\/sy-bahati.de\/?page_id=444\">Weiterlesen <span class=\"meta-nav\">&rarr;<\/span><\/a><\/p>\n","protected":false},"author":1,"featured_media":0,"parent":382,"menu_order":0,"comment_status":"closed","ping_status":"closed","template":"sidebar-page.php","meta":{"_exactmetrics_skip_tracking":false,"_exactmetrics_sitenote_active":false,"_exactmetrics_sitenote_note":"","_exactmetrics_sitenote_category":0,"footnotes":""},"class_list":["post-444","page","type-page","status-publish","hentry"],"_links":{"self":[{"href":"https:\/\/sy-bahati.de\/index.php?rest_route=\/wp\/v2\/pages\/444","targetHints":{"allow":["GET"]}}],"collection":[{"href":"https:\/\/sy-bahati.de\/index.php?rest_route=\/wp\/v2\/pages"}],"about":[{"href":"https:\/\/sy-bahati.de\/index.php?rest_route=\/wp\/v2\/types\/page"}],"author":[{"embeddable":true,"href":"https:\/\/sy-bahati.de\/index.php?rest_route=\/wp\/v2\/users\/1"}],"replies":[{"embeddable":true,"href":"https:\/\/sy-bahati.de\/index.php?rest_route=%2Fwp%2Fv2%2Fcomments&post=444"}],"version-history":[{"count":6,"href":"https:\/\/sy-bahati.de\/index.php?rest_route=\/wp\/v2\/pages\/444\/revisions"}],"predecessor-version":[{"id":454,"href":"https:\/\/sy-bahati.de\/index.php?rest_route=\/wp\/v2\/pages\/444\/revisions\/454"}],"up":[{"embeddable":true,"href":"https:\/\/sy-bahati.de\/index.php?rest_route=\/wp\/v2\/pages\/382"}],"wp:attachment":[{"href":"https:\/\/sy-bahati.de\/index.php?rest_route=%2Fwp%2Fv2%2Fmedia&parent=444"}],"curies":[{"name":"wp","href":"https:\/\/api.w.org\/{rel}","templated":true}]}}