{"id":475,"date":"2014-02-19T14:24:02","date_gmt":"2014-02-19T14:24:02","guid":{"rendered":"http:\/\/sy-bahati.de\/?page_id=475"},"modified":"2014-03-06T09:01:30","modified_gmt":"2014-03-06T09:01:30","slug":"radarreflektor","status":"publish","type":"page","link":"https:\/\/sy-bahati.de\/?page_id=475","title":{"rendered":"Radarreflektor"},"content":{"rendered":"<p>Die ARC-Regularien schreiben einen achteckigen Radarreflektor mit einem Diagonalma\u00df von mindestens 457mm vor Nicht achteckige Reflektoren m\u00fcssen nachweislich einen Radarquerschnitt von mindestens 10 qm haben. Au\u00dferdem soll er passiv sein. Im Notfall und beim &#8222;Blauwassersegeln&#8220; sollte die Abh\u00e4ngigkeit vom Strom so gering wie m\u00f6glich sein.<a href=\"https:\/\/sy-bahati.de\/wp-content\/uploads\/2014\/02\/Echomax.jpg\"><img loading=\"lazy\" decoding=\"async\" class=\"alignright size-full wp-image-447\" alt=\"Echomax\" src=\"https:\/\/sy-bahati.de\/wp-content\/uploads\/2014\/02\/Echomax.jpg\" width=\"544\" height=\"282\" srcset=\"https:\/\/sy-bahati.de\/wp-content\/uploads\/2014\/02\/Echomax.jpg 544w, https:\/\/sy-bahati.de\/wp-content\/uploads\/2014\/02\/Echomax-300x155.jpg 300w, https:\/\/sy-bahati.de\/wp-content\/uploads\/2014\/02\/Echomax-500x259.jpg 500w\" sizes=\"auto, (max-width: 544px) 100vw, 544px\" \/><\/a> Mit dem\u00a0Echomax 230 Midi haben wir ein Modell, welches die RORC und ORC Regularien nachweislich erf\u00fcllt. Die Abmessungen sind nicht zu\u00a0gro\u00df, sodass der Reflektor unterhalb des Masttops montiert nicht sofort unangenehm auff\u00e4llt.<br \/>\nF\u00fcr die Sicherheit bringt das auf jeden Fall ein gutes Gef\u00fchl. Denkt man an die kleinen &#8222;Standardreflektoren&#8220;, so stellt sich die Frage: &#8222;Was sieht die Berufsschifffahrt bei Nacht und Nebel und rauer See von diesem kleinen Ding?&#8220;<\/p>\n<p><a title=\"Yacht Aufr\u00fcstung\" href=\"https:\/\/sy-bahati.de\/?page_id=111\">ZUR\u00dcCK<\/a><\/p>\n","protected":false},"excerpt":{"rendered":"<p>Die ARC-Regularien schreiben einen achteckigen Radarreflektor mit einem Diagonalma\u00df von mindestens 457mm vor Nicht achteckige Reflektoren m\u00fcssen nachweislich einen Radarquerschnitt von mindestens 10 qm haben. Au\u00dferdem soll er passiv sein. Im Notfall und beim &#8222;Blauwassersegeln&#8220; sollte die Abh\u00e4ngigkeit vom Strom &hellip; <a href=\"https:\/\/sy-bahati.de\/?page_id=475\">Weiterlesen <span class=\"meta-nav\">&rarr;<\/span><\/a><\/p>\n","protected":false},"author":1,"featured_media":0,"parent":111,"menu_order":0,"comment_status":"closed","ping_status":"closed","template":"sidebar-page.php","meta":{"_exactmetrics_skip_tracking":false,"_exactmetrics_sitenote_active":false,"_exactmetrics_sitenote_note":"","_exactmetrics_sitenote_category":0,"footnotes":""},"class_list":["post-475","page","type-page","status-publish","hentry"],"_links":{"self":[{"href":"https:\/\/sy-bahati.de\/index.php?rest_route=\/wp\/v2\/pages\/475","targetHints":{"allow":["GET"]}}],"collection":[{"href":"https:\/\/sy-bahati.de\/index.php?rest_route=\/wp\/v2\/pages"}],"about":[{"href":"https:\/\/sy-bahati.de\/index.php?rest_route=\/wp\/v2\/types\/page"}],"author":[{"embeddable":true,"href":"https:\/\/sy-bahati.de\/index.php?rest_route=\/wp\/v2\/users\/1"}],"replies":[{"embeddable":true,"href":"https:\/\/sy-bahati.de\/index.php?rest_route=%2Fwp%2Fv2%2Fcomments&post=475"}],"version-history":[{"count":3,"href":"https:\/\/sy-bahati.de\/index.php?rest_route=\/wp\/v2\/pages\/475\/revisions"}],"predecessor-version":[{"id":478,"href":"https:\/\/sy-bahati.de\/index.php?rest_route=\/wp\/v2\/pages\/475\/revisions\/478"}],"up":[{"embeddable":true,"href":"https:\/\/sy-bahati.de\/index.php?rest_route=\/wp\/v2\/pages\/111"}],"wp:attachment":[{"href":"https:\/\/sy-bahati.de\/index.php?rest_route=%2Fwp%2Fv2%2Fmedia&parent=475"}],"curies":[{"name":"wp","href":"https:\/\/api.w.org\/{rel}","templated":true}]}}