{"id":486,"date":"2014-02-21T14:26:24","date_gmt":"2014-02-21T14:26:24","guid":{"rendered":"http:\/\/sy-bahati.de\/?page_id=486"},"modified":"2014-03-06T09:00:16","modified_gmt":"2014-03-06T09:00:16","slug":"kutterstag","status":"publish","type":"page","link":"https:\/\/sy-bahati.de\/?page_id=486","title":{"rendered":"Kutterstag"},"content":{"rendered":"<div id=\"attachment_490\" style=\"width: 233px\" class=\"wp-caption alignright\"><a href=\"https:\/\/sy-bahati.de\/wp-content\/uploads\/2014\/02\/Mittelwindgenua.jpg\"><img loading=\"lazy\" decoding=\"async\" aria-describedby=\"caption-attachment-490\" class=\"size-medium wp-image-490\" alt=\"Mittelwindgenua\" src=\"https:\/\/sy-bahati.de\/wp-content\/uploads\/2014\/02\/Mittelwindgenua-223x300.jpg\" width=\"223\" height=\"300\" srcset=\"https:\/\/sy-bahati.de\/wp-content\/uploads\/2014\/02\/Mittelwindgenua-223x300.jpg 223w, https:\/\/sy-bahati.de\/wp-content\/uploads\/2014\/02\/Mittelwindgenua.jpg 373w\" sizes=\"auto, (max-width: 223px) 100vw, 223px\" \/><\/a><p id=\"caption-attachment-490\" class=\"wp-caption-text\">Mittelwindgenua ca. 140%<\/p><\/div>\n<p>Auf der Atlantik-\u00dcberfahrt Richtung Westen ist mit gro\u00dfer Wahrscheinlichkeit Passatwind zu erwarten. Wenn auch nicht immer, dann aber doch (hoffentlich) zu einem gro\u00dfen Teil der Reise. F\u00fcr den dann zu erwartenden Vorwindkurs bei relativ bewegter See kommen bei einer Windsteueranlage wohl nur zwei M\u00f6glichkeiten der Besegelung in Betracht. Der Parasailor oder das klassische &#8222;Passatsegel&#8220;. Das Passatsegel besteht aus zwei Genua-Segel, ausgebaumt jeweils auf\u00a0Steuerbord und Backbord (Schmetterling).\u00a0Man ben\u00f6tigt, und das ist vielleicht der Nachteil, zwei B\u00e4ume, die das Handling gegen\u00fcber einem Baum f\u00fcr den Parasailor komplexer machen. F\u00fcr das<\/p>\n<div id=\"attachment_489\" style=\"width: 233px\" class=\"wp-caption alignleft\"><a href=\"https:\/\/sy-bahati.de\/wp-content\/uploads\/2014\/02\/Kutterstag_Anker.jpg\"><img loading=\"lazy\" decoding=\"async\" aria-describedby=\"caption-attachment-489\" class=\"size-medium wp-image-489\" alt=\"Kutterstag mit Wichard Spanner\" src=\"https:\/\/sy-bahati.de\/wp-content\/uploads\/2014\/02\/Kutterstag_Anker-223x300.jpg\" width=\"223\" height=\"300\" srcset=\"https:\/\/sy-bahati.de\/wp-content\/uploads\/2014\/02\/Kutterstag_Anker-223x300.jpg 223w, https:\/\/sy-bahati.de\/wp-content\/uploads\/2014\/02\/Kutterstag_Anker.jpg 373w\" sizes=\"auto, (max-width: 223px) 100vw, 223px\" \/><\/a><p id=\"caption-attachment-489\" class=\"wp-caption-text\">Kutterstag mit Wichard Spanner<\/p><\/div>\n<p>Passatsegel ist es sinnvoll, ein zweites Vorstag,ein Kutterstag, f\u00fcr die zweite Genua zu installieren.\u00a0 Wir entschieden uns f\u00fcr die Passatbesegelung. Der gr\u00f6\u00dfere Aufwand mit dem 2. Baum ist bei einer Drei-Mann-Besatzung zu verschmerzen. Die Vorteile \u00fcberwiegen aus unserer Sicht.\u00a0Wir haben so eine 2. Genua\u00a0zur Not als Ersatz zur Verf\u00fcgung. Das wegnehmbare Kutterstag ist als Doppelung unseres Vorstags ebenfalls ein Plus an Sicherheit. Ein weiteres wichtiges Argument f\u00fcr das Kutterstag ist die Tatsache, dass wir bei einem angek\u00fcndigten Starkwind das entsprechende Sturmsegel vorbereitet am Kutterstag befestigen k\u00f6nnen. Das geht nicht mit dem Gail Sail, welches \u00fcber die aufgerollte Genua gezogen wird. So k\u00f6nnen wir vermeiden,<\/p>\n<div id=\"attachment_491\" style=\"width: 233px\" class=\"wp-caption alignright\"><a href=\"https:\/\/sy-bahati.de\/wp-content\/uploads\/2014\/02\/Kutterstag_weg.jpg\"><img loading=\"lazy\" decoding=\"async\" aria-describedby=\"caption-attachment-491\" class=\"size-medium wp-image-491\" alt=\"Weg gespanntes Dyneema-Kutterstag\" src=\"https:\/\/sy-bahati.de\/wp-content\/uploads\/2014\/02\/Kutterstag_weg-223x300.jpg\" width=\"223\" height=\"300\" srcset=\"https:\/\/sy-bahati.de\/wp-content\/uploads\/2014\/02\/Kutterstag_weg-223x300.jpg 223w, https:\/\/sy-bahati.de\/wp-content\/uploads\/2014\/02\/Kutterstag_weg.jpg 373w\" sizes=\"auto, (max-width: 223px) 100vw, 223px\" \/><\/a><p id=\"caption-attachment-491\" class=\"wp-caption-text\">Weg gespanntes Dyneema-Kutterstag<\/p><\/div>\n<p>bei wirklich unangenehmen Bedingungen auf dem Vorschiff mit dem Gail Sail zu hantieren.<br \/>\nMit solchen Bedingungen rechnen wir erst auf dem R\u00fcckweg Richtung Osten, wenn mit den Tiefdruckgebieten gesegelt wird.<\/p>\n<p>F\u00fcr die Installation des Kutterstags ben\u00f6tigten wir:<\/p>\n<ul>\n<li>einen zus\u00e4tzlichen Spibaum<\/li>\n<li>Rutscher f\u00fcr Mastschine<\/li>\n<li>Fallenkasten Kutterstag<\/li>\n<li>Wichard Spanner<\/li>\n<li>Kutterstag aus PBO-Tau<\/li>\n<li>Decksauge mit Zuganker und Stevenbeschlag im Ankerkasten<\/li>\n<li>Kutterfall mit Fallstopper<\/li>\n<li>Fallenkasten f\u00fcr Topnant<\/li>\n<li>Topnant mit Klampe am Mast<\/li>\n<\/ul>\n<p><a title=\"Yacht Aufr\u00fcstung\" href=\"https:\/\/sy-bahati.de\/?page_id=111\">ZUR\u00dcCK<\/a><\/p>\n","protected":false},"excerpt":{"rendered":"<p>Auf der Atlantik-\u00dcberfahrt Richtung Westen ist mit gro\u00dfer Wahrscheinlichkeit Passatwind zu erwarten. Wenn auch nicht immer, dann aber doch (hoffentlich) zu einem gro\u00dfen Teil der Reise. F\u00fcr den dann zu erwartenden Vorwindkurs bei relativ bewegter See kommen bei einer Windsteueranlage &hellip; <a href=\"https:\/\/sy-bahati.de\/?page_id=486\">Weiterlesen <span class=\"meta-nav\">&rarr;<\/span><\/a><\/p>\n","protected":false},"author":1,"featured_media":0,"parent":111,"menu_order":0,"comment_status":"closed","ping_status":"closed","template":"sidebar-page.php","meta":{"_exactmetrics_skip_tracking":false,"_exactmetrics_sitenote_active":false,"_exactmetrics_sitenote_note":"","_exactmetrics_sitenote_category":0,"footnotes":""},"class_list":["post-486","page","type-page","status-publish","hentry"],"_links":{"self":[{"href":"https:\/\/sy-bahati.de\/index.php?rest_route=\/wp\/v2\/pages\/486","targetHints":{"allow":["GET"]}}],"collection":[{"href":"https:\/\/sy-bahati.de\/index.php?rest_route=\/wp\/v2\/pages"}],"about":[{"href":"https:\/\/sy-bahati.de\/index.php?rest_route=\/wp\/v2\/types\/page"}],"author":[{"embeddable":true,"href":"https:\/\/sy-bahati.de\/index.php?rest_route=\/wp\/v2\/users\/1"}],"replies":[{"embeddable":true,"href":"https:\/\/sy-bahati.de\/index.php?rest_route=%2Fwp%2Fv2%2Fcomments&post=486"}],"version-history":[{"count":8,"href":"https:\/\/sy-bahati.de\/index.php?rest_route=\/wp\/v2\/pages\/486\/revisions"}],"predecessor-version":[{"id":499,"href":"https:\/\/sy-bahati.de\/index.php?rest_route=\/wp\/v2\/pages\/486\/revisions\/499"}],"up":[{"embeddable":true,"href":"https:\/\/sy-bahati.de\/index.php?rest_route=\/wp\/v2\/pages\/111"}],"wp:attachment":[{"href":"https:\/\/sy-bahati.de\/index.php?rest_route=%2Fwp%2Fv2%2Fmedia&parent=486"}],"curies":[{"name":"wp","href":"https:\/\/api.w.org\/{rel}","templated":true}]}}