{"id":507,"date":"2014-02-23T18:53:16","date_gmt":"2014-02-23T18:53:16","guid":{"rendered":"http:\/\/sy-bahati.de\/?page_id=507"},"modified":"2014-03-07T11:48:19","modified_gmt":"2014-03-07T11:48:19","slug":"einteilung-der-crew","status":"publish","type":"page","link":"https:\/\/sy-bahati.de\/?page_id=507","title":{"rendered":"Einteilung der Crew"},"content":{"rendered":"<p><a title=\"Wachplan\" href=\"https:\/\/sy-bahati.de\/?page_id=599\">WACHPLAN<\/a>\u00a0\u00a0 \u00a0 <a title=\"Notrollen\" href=\"https:\/\/sy-bahati.de\/?page_id=603\">NOTROLLE<\/a>\u00a0\u00a0 \u00a0 STURMCHECK\u00a0\u00a0\u00a0 \u00a0<a title=\"MOB Man\u00f6ver\" href=\"https:\/\/sy-bahati.de\/?page_id=614\">MOB-MAN\u00d6VER<\/a><\/p>\n<p>Auch f\u00fcr ein Cruising-T\u00f6rn ist es sinnvoll und unerl\u00e4sslich die Mannschaft\u00a0\u00a0f\u00fcr bestimmte Situationen einzuteilen und Rollen bzw. Aufgaben fest zu vergeben. Der Skipper und Co-Skipper muss vor der Reise bestimmt werden. Diese Rolleneinteilung ist Pflicht.<br \/>\nF\u00fcr eine mehrt\u00e4gige Reise muss sicher gestellt sein, dass jeder wei\u00df, wann er welche Aufgabe hat und welche\u00a0Verantwortung. Zuvor abgesprochene Arbeitsabl\u00e4ufe oder Man\u00f6ver m\u00fcssen nicht dann diskutiert werden, wenn daf\u00fcr keine Zeit ist. Einen solchen reibungslosen Ablauf in kritischen Situationen gew\u00e4hrleistet ein zuvor erstellter Plan, der dann auch entsprechend trainiert werden kann. Das sind unsere \u00dcberlegungen dazu.<\/p>\n<p><a title=\"Organisation\" href=\"https:\/\/sy-bahati.de\/?page_id=236\">ZUR\u00dcCK<\/a><\/p>\n<p style=\"text-align: right;\">06.03.2014<\/p>\n","protected":false},"excerpt":{"rendered":"<p>WACHPLAN\u00a0\u00a0 \u00a0 NOTROLLE\u00a0\u00a0 \u00a0 STURMCHECK\u00a0\u00a0\u00a0 \u00a0MOB-MAN\u00d6VER Auch f\u00fcr ein Cruising-T\u00f6rn ist es sinnvoll und unerl\u00e4sslich die Mannschaft\u00a0\u00a0f\u00fcr bestimmte Situationen einzuteilen und Rollen bzw. Aufgaben fest zu vergeben. Der Skipper und Co-Skipper muss vor der Reise bestimmt werden. Diese Rolleneinteilung ist &hellip; <a href=\"https:\/\/sy-bahati.de\/?page_id=507\">Weiterlesen <span class=\"meta-nav\">&rarr;<\/span><\/a><\/p>\n","protected":false},"author":1,"featured_media":0,"parent":236,"menu_order":0,"comment_status":"closed","ping_status":"closed","template":"sidebar-page.php","meta":{"_exactmetrics_skip_tracking":false,"_exactmetrics_sitenote_active":false,"_exactmetrics_sitenote_note":"","_exactmetrics_sitenote_category":0,"footnotes":""},"class_list":["post-507","page","type-page","status-publish","hentry"],"_links":{"self":[{"href":"https:\/\/sy-bahati.de\/index.php?rest_route=\/wp\/v2\/pages\/507","targetHints":{"allow":["GET"]}}],"collection":[{"href":"https:\/\/sy-bahati.de\/index.php?rest_route=\/wp\/v2\/pages"}],"about":[{"href":"https:\/\/sy-bahati.de\/index.php?rest_route=\/wp\/v2\/types\/page"}],"author":[{"embeddable":true,"href":"https:\/\/sy-bahati.de\/index.php?rest_route=\/wp\/v2\/users\/1"}],"replies":[{"embeddable":true,"href":"https:\/\/sy-bahati.de\/index.php?rest_route=%2Fwp%2Fv2%2Fcomments&post=507"}],"version-history":[{"count":10,"href":"https:\/\/sy-bahati.de\/index.php?rest_route=\/wp\/v2\/pages\/507\/revisions"}],"predecessor-version":[{"id":617,"href":"https:\/\/sy-bahati.de\/index.php?rest_route=\/wp\/v2\/pages\/507\/revisions\/617"}],"up":[{"embeddable":true,"href":"https:\/\/sy-bahati.de\/index.php?rest_route=\/wp\/v2\/pages\/236"}],"wp:attachment":[{"href":"https:\/\/sy-bahati.de\/index.php?rest_route=%2Fwp%2Fv2%2Fmedia&parent=507"}],"curies":[{"name":"wp","href":"https:\/\/api.w.org\/{rel}","templated":true}]}}