{"id":529,"date":"2014-02-25T12:37:15","date_gmt":"2014-02-25T12:37:15","guid":{"rendered":"http:\/\/sy-bahati.de\/?page_id=529"},"modified":"2014-03-06T08:57:34","modified_gmt":"2014-03-06T08:57:34","slug":"sss-sport-see-schifferschein","status":"publish","type":"page","link":"https:\/\/sy-bahati.de\/?page_id=529","title":{"rendered":"SSS &#8211; Sport See Schifferschein"},"content":{"rendered":"<p>NAVIGATION\u00a0\u00a0 \u00a0RECHT\u00a0\u00a0\u00a0 WETTER\u00a0\u00a0\u00a0 \u00a0SEEMANNSCHAFT<\/p>\n<p>Um den Sport See Schifferschein zu erhalten, ist viel Aufwand vonn\u00f6ten. Die Seminare und Lehrg\u00e4nge laufen ein halbes Jahr. Ohne zuhause weiter zu lernen, kann der Stoff nicht bew\u00e4ltigt werden. Es gibt vier theoretische Pr\u00fcfungen und eine praktische. Neben der zu investierenden Zeit kostet das Ganze auch einiges an Geld.<br \/>\nDen gr\u00f6\u00dften Teil der Theorie umfasst die Navigation. Sehr lernintensiv ist das Thema Recht und Radar. F\u00fcr den einen kann Wetter eine Passion werden, f\u00fcr den anderen ein Buch mit sieben Siegeln. Gute Seemannschaft wird immer wieder verlangt. Aber was ist das? Auf jeden Fall viel\u00a0umfangreicher als gedacht.<\/p>\n<p>Wir drei buchten diesen Kurs \u00fcber den <a title=\"DHH\" href=\"http:\/\/www.dhh.de\" target=\"_blank\">DHH<\/a> (Deutscher Hochseesportverein Hansa e.V.) mit Kursen in Dortmund und Essen. F\u00fcr die praktische Pr\u00fcfung fuhren wir nach Malta. In einer Woche wurden wir gedrillt und unsere Technik verfeinert, so dass am Ende der Woche allen die Pr\u00fcfung gelang.<\/p>\n<p>Sicher kann man fragen, ob so etwas denn \u00fcberhaupt n\u00f6tig ist. Der Schein wird, au\u00dfer man m\u00f6chte Ausbildungst\u00f6rns fahren, nirgendwo verlangt. Sicher k\u00f6nnen mit sehr viel Disziplin und Interesse die vermittelten Inhalte auch so gelernt werden. Aber einfacher ist es, mit einem Ziel vor Augen. Jeder ambitionierte Segler sollte dar\u00fcber nachdenken. F\u00fcr das K\u00fcstensegeln reicht allemal der SKS (Sport K\u00fcsten Schifferschein).<\/p>\n<p><a title=\"Trainings\" href=\"https:\/\/sy-bahati.de\/?page_id=100\">ZUR\u00dcCK<\/a><\/p>\n<p>&nbsp;<\/p>\n","protected":false},"excerpt":{"rendered":"<p>NAVIGATION\u00a0\u00a0 \u00a0RECHT\u00a0\u00a0\u00a0 WETTER\u00a0\u00a0\u00a0 \u00a0SEEMANNSCHAFT Um den Sport See Schifferschein zu erhalten, ist viel Aufwand vonn\u00f6ten. Die Seminare und Lehrg\u00e4nge laufen ein halbes Jahr. Ohne zuhause weiter zu lernen, kann der Stoff nicht bew\u00e4ltigt werden. Es gibt vier theoretische Pr\u00fcfungen und &hellip; <a href=\"https:\/\/sy-bahati.de\/?page_id=529\">Weiterlesen <span class=\"meta-nav\">&rarr;<\/span><\/a><\/p>\n","protected":false},"author":1,"featured_media":0,"parent":100,"menu_order":0,"comment_status":"closed","ping_status":"closed","template":"sidebar-page.php","meta":{"_exactmetrics_skip_tracking":false,"_exactmetrics_sitenote_active":false,"_exactmetrics_sitenote_note":"","_exactmetrics_sitenote_category":0,"footnotes":""},"class_list":["post-529","page","type-page","status-publish","hentry"],"_links":{"self":[{"href":"https:\/\/sy-bahati.de\/index.php?rest_route=\/wp\/v2\/pages\/529","targetHints":{"allow":["GET"]}}],"collection":[{"href":"https:\/\/sy-bahati.de\/index.php?rest_route=\/wp\/v2\/pages"}],"about":[{"href":"https:\/\/sy-bahati.de\/index.php?rest_route=\/wp\/v2\/types\/page"}],"author":[{"embeddable":true,"href":"https:\/\/sy-bahati.de\/index.php?rest_route=\/wp\/v2\/users\/1"}],"replies":[{"embeddable":true,"href":"https:\/\/sy-bahati.de\/index.php?rest_route=%2Fwp%2Fv2%2Fcomments&post=529"}],"version-history":[{"count":2,"href":"https:\/\/sy-bahati.de\/index.php?rest_route=\/wp\/v2\/pages\/529\/revisions"}],"predecessor-version":[{"id":531,"href":"https:\/\/sy-bahati.de\/index.php?rest_route=\/wp\/v2\/pages\/529\/revisions\/531"}],"up":[{"embeddable":true,"href":"https:\/\/sy-bahati.de\/index.php?rest_route=\/wp\/v2\/pages\/100"}],"wp:attachment":[{"href":"https:\/\/sy-bahati.de\/index.php?rest_route=%2Fwp%2Fv2%2Fmedia&parent=529"}],"curies":[{"name":"wp","href":"https:\/\/api.w.org\/{rel}","templated":true}]}}