{"id":535,"date":"2014-03-03T11:41:34","date_gmt":"2014-03-03T11:41:34","guid":{"rendered":"http:\/\/sy-bahati.de\/?page_id=535"},"modified":"2014-03-06T08:47:07","modified_gmt":"2014-03-06T08:47:07","slug":"checks","status":"publish","type":"page","link":"https:\/\/sy-bahati.de\/?page_id=535","title":{"rendered":"Checks"},"content":{"rendered":"<p><a title=\"Fl\u00fcssiggasanlage\" href=\"https:\/\/sy-bahati.de\/?page_id=547\">Gas<\/a>\u00a0\u00a0\u00a0\u00a0\u00a0 <a title=\"Dieselmotor\" href=\"https:\/\/sy-bahati.de\/?page_id=551\">Motor<\/a>\u00a0\u00a0\u00a0\u00a0 \u00a0<a title=\"Rigg\" href=\"https:\/\/sy-bahati.de\/?page_id=567\">Rigg<\/a>\u00a0\u00a0\u00a0\u00a0\u00a0 \u00a0<a title=\"Segel\" href=\"https:\/\/sy-bahati.de\/?page_id=577\">Segel<\/a><\/p>\n<p>Es gibt gewisse Dinge, die sollten vor einer so langen Fahrt sicherheitshalber von einem Fachmann gepr\u00fcft werden. Nat\u00fcrlich m\u00fcssen diese \u00dcberpr\u00fcfungen auch dann durchgef\u00fchrt werden, wenn keine lange Reise geplant ist. In gewissen Perioden ist so etwas sinnvoll und teilweise auch vorgeschrieben.<br \/>\nObligatorisch sind die Pr\u00fcfungen oder der Austausch der Sicherheitseinrichtungen gem\u00e4\u00df der aufgedruckten Daten: Feuerl\u00f6scher, Signalmittel, Rettungsinsel und Schwimmwesten.<\/p>\n<p><a title=\"Die Vorbereitung\" href=\"https:\/\/sy-bahati.de\/?page_id=98\">ZUR\u00dcCK<\/a><\/p>\n<p style=\"text-align: right;\">03.03.2014<\/p>\n","protected":false},"excerpt":{"rendered":"<p>Gas\u00a0\u00a0\u00a0\u00a0\u00a0 Motor\u00a0\u00a0\u00a0\u00a0 \u00a0Rigg\u00a0\u00a0\u00a0\u00a0\u00a0 \u00a0Segel Es gibt gewisse Dinge, die sollten vor einer so langen Fahrt sicherheitshalber von einem Fachmann gepr\u00fcft werden. Nat\u00fcrlich m\u00fcssen diese \u00dcberpr\u00fcfungen auch dann durchgef\u00fchrt werden, wenn keine lange Reise geplant ist. In gewissen Perioden ist so &hellip; <a href=\"https:\/\/sy-bahati.de\/?page_id=535\">Weiterlesen <span class=\"meta-nav\">&rarr;<\/span><\/a><\/p>\n","protected":false},"author":1,"featured_media":0,"parent":98,"menu_order":0,"comment_status":"closed","ping_status":"closed","template":"sidebar-page.php","meta":{"_exactmetrics_skip_tracking":false,"_exactmetrics_sitenote_active":false,"_exactmetrics_sitenote_note":"","_exactmetrics_sitenote_category":0,"footnotes":""},"class_list":["post-535","page","type-page","status-publish","hentry"],"_links":{"self":[{"href":"https:\/\/sy-bahati.de\/index.php?rest_route=\/wp\/v2\/pages\/535","targetHints":{"allow":["GET"]}}],"collection":[{"href":"https:\/\/sy-bahati.de\/index.php?rest_route=\/wp\/v2\/pages"}],"about":[{"href":"https:\/\/sy-bahati.de\/index.php?rest_route=\/wp\/v2\/types\/page"}],"author":[{"embeddable":true,"href":"https:\/\/sy-bahati.de\/index.php?rest_route=\/wp\/v2\/users\/1"}],"replies":[{"embeddable":true,"href":"https:\/\/sy-bahati.de\/index.php?rest_route=%2Fwp%2Fv2%2Fcomments&post=535"}],"version-history":[{"count":13,"href":"https:\/\/sy-bahati.de\/index.php?rest_route=\/wp\/v2\/pages\/535\/revisions"}],"predecessor-version":[{"id":579,"href":"https:\/\/sy-bahati.de\/index.php?rest_route=\/wp\/v2\/pages\/535\/revisions\/579"}],"up":[{"embeddable":true,"href":"https:\/\/sy-bahati.de\/index.php?rest_route=\/wp\/v2\/pages\/98"}],"wp:attachment":[{"href":"https:\/\/sy-bahati.de\/index.php?rest_route=%2Fwp%2Fv2%2Fmedia&parent=535"}],"curies":[{"name":"wp","href":"https:\/\/api.w.org\/{rel}","templated":true}]}}