{"id":547,"date":"2014-03-03T12:28:57","date_gmt":"2014-03-03T12:28:57","guid":{"rendered":"http:\/\/sy-bahati.de\/?page_id=547"},"modified":"2014-03-06T08:47:55","modified_gmt":"2014-03-06T08:47:55","slug":"fluessiggasanlage","status":"publish","type":"page","link":"https:\/\/sy-bahati.de\/?page_id=547","title":{"rendered":"Fl\u00fcssiggasanlage"},"content":{"rendered":"<p>Die <strong>Fl\u00fcssiggasanlage<\/strong> muss alle\u00a02 Jahre gepr\u00fcft werden. Nach Pr\u00fcfung erh\u00e4lt man eine Pr\u00fcfbescheinigung mit der Registriernummer des Pr\u00fcfers und eine Pr\u00fcfplakette. Gepr\u00fcft werden alle Schl\u00e4uche, Ventile und Regler. Zur eigenen Sicherheit sollten diese Pr\u00fcfungen auch regelm\u00e4\u00dfig durchgef\u00fchrt werden. In Europa wird in der Regel die leere Gasflasche gegen eine volle getauscht.<br \/>\nIn Europa wird normalerweise die blaue Butan-Gasflasche eingesetzt. In amerikanisch eingerichteten Hafen werden die roten Propan-Gasflaschen angeboten. Die Flaschen sind entweder im Austausch erh\u00e4ltlich oder werden neu bef\u00fcllt, was wohl eher in der Karibik die Regel ist. Aus diesem Grund sollte unbedingt ein &#8222;Euro-F\u00fcll-Set&#8220; (Gasflaschenadapter) mitgef\u00fchrt werden.<br \/>\nSinnvoll ist es, zu\u00a0pr\u00fcfen, ob die Gasanlage auch mit Propangas betrieben werden\u00a0kann.\u00a0Damit hat man deutlich mehr Alternativen und kommt so relativ sicher zu seinem Gas.<\/p>\n<p><a title=\"Checks\" href=\"https:\/\/sy-bahati.de\/?page_id=535\">ZUR\u00dcCK<\/a><\/p>\n<p style=\"text-align: right;\">03.03.2014<\/p>\n","protected":false},"excerpt":{"rendered":"<p>Die Fl\u00fcssiggasanlage muss alle\u00a02 Jahre gepr\u00fcft werden. Nach Pr\u00fcfung erh\u00e4lt man eine Pr\u00fcfbescheinigung mit der Registriernummer des Pr\u00fcfers und eine Pr\u00fcfplakette. Gepr\u00fcft werden alle Schl\u00e4uche, Ventile und Regler. Zur eigenen Sicherheit sollten diese Pr\u00fcfungen auch regelm\u00e4\u00dfig durchgef\u00fchrt werden. In Europa &hellip; <a href=\"https:\/\/sy-bahati.de\/?page_id=547\">Weiterlesen <span class=\"meta-nav\">&rarr;<\/span><\/a><\/p>\n","protected":false},"author":1,"featured_media":0,"parent":535,"menu_order":0,"comment_status":"closed","ping_status":"closed","template":"sidebar-page.php","meta":{"_exactmetrics_skip_tracking":false,"_exactmetrics_sitenote_active":false,"_exactmetrics_sitenote_note":"","_exactmetrics_sitenote_category":0,"footnotes":""},"class_list":["post-547","page","type-page","status-publish","hentry"],"_links":{"self":[{"href":"https:\/\/sy-bahati.de\/index.php?rest_route=\/wp\/v2\/pages\/547","targetHints":{"allow":["GET"]}}],"collection":[{"href":"https:\/\/sy-bahati.de\/index.php?rest_route=\/wp\/v2\/pages"}],"about":[{"href":"https:\/\/sy-bahati.de\/index.php?rest_route=\/wp\/v2\/types\/page"}],"author":[{"embeddable":true,"href":"https:\/\/sy-bahati.de\/index.php?rest_route=\/wp\/v2\/users\/1"}],"replies":[{"embeddable":true,"href":"https:\/\/sy-bahati.de\/index.php?rest_route=%2Fwp%2Fv2%2Fcomments&post=547"}],"version-history":[{"count":7,"href":"https:\/\/sy-bahati.de\/index.php?rest_route=\/wp\/v2\/pages\/547\/revisions"}],"predecessor-version":[{"id":582,"href":"https:\/\/sy-bahati.de\/index.php?rest_route=\/wp\/v2\/pages\/547\/revisions\/582"}],"up":[{"embeddable":true,"href":"https:\/\/sy-bahati.de\/index.php?rest_route=\/wp\/v2\/pages\/535"}],"wp:attachment":[{"href":"https:\/\/sy-bahati.de\/index.php?rest_route=%2Fwp%2Fv2%2Fmedia&parent=547"}],"curies":[{"name":"wp","href":"https:\/\/api.w.org\/{rel}","templated":true}]}}