{"id":551,"date":"2014-03-03T11:46:14","date_gmt":"2014-03-03T11:46:14","guid":{"rendered":"http:\/\/sy-bahati.de\/?page_id=551"},"modified":"2014-03-06T08:47:31","modified_gmt":"2014-03-06T08:47:31","slug":"dieselmotor","status":"publish","type":"page","link":"https:\/\/sy-bahati.de\/?page_id=551","title":{"rendered":"Dieselmotor"},"content":{"rendered":"<p>Der<strong> Dieselmotor, <\/strong>bei uns ein Penta Volvo D2-40 mit 40PS,\u00a0\u00a0ist eigentlich unverw\u00fcstlich, wenn die kleinen Kontrollen mindestens j\u00e4hrlich durchgef\u00fchrt werden. Seewasserfilter und \u00d6lfilter sind regelm\u00e4\u00dfig zu kontrollieren und zu reinigen. Motor\u00f6l und Getriebe\u00f6l muss ebenfalls kontrolliert werden. Schl\u00e4uche und Seewasserventil sind j\u00e4hrlich zu checken und der Impeller sollte im Winterlager ausgebaut werden und im Sommer ggf. durch einen neuen ersetzt werden. Im Trockenen m\u00fcssen die Opferanode gewechselt werden und die Manschette des Sail-Drives begutachtet werden.<a href=\"https:\/\/sy-bahati.de\/wp-content\/uploads\/2014\/03\/Manschette_Sail_Drive.jpg\"><img loading=\"lazy\" decoding=\"async\" class=\"alignright size-medium wp-image-545\" alt=\"Manschette_Sail_Drive\" src=\"https:\/\/sy-bahati.de\/wp-content\/uploads\/2014\/03\/Manschette_Sail_Drive-300x223.jpg\" width=\"300\" height=\"223\" srcset=\"https:\/\/sy-bahati.de\/wp-content\/uploads\/2014\/03\/Manschette_Sail_Drive-300x223.jpg 300w, https:\/\/sy-bahati.de\/wp-content\/uploads\/2014\/03\/Manschette_Sail_Drive-402x300.jpg 402w, https:\/\/sy-bahati.de\/wp-content\/uploads\/2014\/03\/Manschette_Sail_Drive.jpg 500w\" sizes=\"auto, (max-width: 300px) 100vw, 300px\" \/><\/a> Die Manschette hatte im letzten Jahr einen Riss und wurde daraufhin gewechselt. Dieses Fr\u00fchjahr wird ein Fachmann unseren Motor pr\u00fcfen.<\/p>\n<p><a title=\"Checks\" href=\"https:\/\/sy-bahati.de\/?page_id=535\">ZUR\u00dcCK<\/a><\/p>\n<p>&nbsp;<\/p>\n<p>&nbsp;<\/p>\n<p style=\"text-align: right;\">03.03.2014<\/p>\n","protected":false},"excerpt":{"rendered":"<p>Der Dieselmotor, bei uns ein Penta Volvo D2-40 mit 40PS,\u00a0\u00a0ist eigentlich unverw\u00fcstlich, wenn die kleinen Kontrollen mindestens j\u00e4hrlich durchgef\u00fchrt werden. Seewasserfilter und \u00d6lfilter sind regelm\u00e4\u00dfig zu kontrollieren und zu reinigen. Motor\u00f6l und Getriebe\u00f6l muss ebenfalls kontrolliert werden. Schl\u00e4uche und Seewasserventil &hellip; <a href=\"https:\/\/sy-bahati.de\/?page_id=551\">Weiterlesen <span class=\"meta-nav\">&rarr;<\/span><\/a><\/p>\n","protected":false},"author":1,"featured_media":0,"parent":535,"menu_order":0,"comment_status":"closed","ping_status":"closed","template":"sidebar-page.php","meta":{"_exactmetrics_skip_tracking":false,"_exactmetrics_sitenote_active":false,"_exactmetrics_sitenote_note":"","_exactmetrics_sitenote_category":0,"footnotes":""},"class_list":["post-551","page","type-page","status-publish","hentry"],"_links":{"self":[{"href":"https:\/\/sy-bahati.de\/index.php?rest_route=\/wp\/v2\/pages\/551","targetHints":{"allow":["GET"]}}],"collection":[{"href":"https:\/\/sy-bahati.de\/index.php?rest_route=\/wp\/v2\/pages"}],"about":[{"href":"https:\/\/sy-bahati.de\/index.php?rest_route=\/wp\/v2\/types\/page"}],"author":[{"embeddable":true,"href":"https:\/\/sy-bahati.de\/index.php?rest_route=\/wp\/v2\/users\/1"}],"replies":[{"embeddable":true,"href":"https:\/\/sy-bahati.de\/index.php?rest_route=%2Fwp%2Fv2%2Fcomments&post=551"}],"version-history":[{"count":6,"href":"https:\/\/sy-bahati.de\/index.php?rest_route=\/wp\/v2\/pages\/551\/revisions"}],"predecessor-version":[{"id":590,"href":"https:\/\/sy-bahati.de\/index.php?rest_route=\/wp\/v2\/pages\/551\/revisions\/590"}],"up":[{"embeddable":true,"href":"https:\/\/sy-bahati.de\/index.php?rest_route=\/wp\/v2\/pages\/535"}],"wp:attachment":[{"href":"https:\/\/sy-bahati.de\/index.php?rest_route=%2Fwp%2Fv2%2Fmedia&parent=551"}],"curies":[{"name":"wp","href":"https:\/\/api.w.org\/{rel}","templated":true}]}}