{"id":603,"date":"2014-03-06T19:15:35","date_gmt":"2014-03-06T19:15:35","guid":{"rendered":"http:\/\/sy-bahati.de\/?page_id=603"},"modified":"2014-03-06T19:17:23","modified_gmt":"2014-03-06T19:17:23","slug":"notrollen","status":"publish","type":"page","link":"https:\/\/sy-bahati.de\/?page_id=603","title":{"rendered":"Notrollen"},"content":{"rendered":"<p>Es gibt verschiedene Notf\u00e4lle an Bord. In einem solchen Fall sollte m\u00f6glichst alles schnell und reibungslos ablaufen. Das geht nur, wenn jeder wei\u00df, was er zu tun hat. Aus diesem Grund sollte jeder Skipper einen solchen Plan mit Rollenverteilung der Crew vorliegen haben. In welchem Notfall macht wer was und vielleicht auch noch wie. So kann sich jeder w\u00e4hrend eines T\u00f6rn auf seine speziellen Aufgaben konzentrieren. Die Notf\u00e4lle sollten so h\u00e4ufig wie m\u00f6glich trainiert werden. Unser Entwurf eines Notfallplans f\u00fcr nur 3 Crewmitglieder und speziell auf unser Schiff und Equipment zugeschnitten.<\/p>\n<p><a href=\"https:\/\/sy-bahati.de\/wp-content\/uploads\/2014\/03\/Notrollen.pdf\" target=\"_blank\"><img loading=\"lazy\" decoding=\"async\" class=\"alignleft size-full wp-image-175\" alt=\"Notrollen\" src=\"https:\/\/sy-bahati.de\/wp-content\/uploads\/2014\/01\/pdf-icon-small.jpg\" width=\"36\" height=\"36\" \/><br \/>\n<\/a><\/p>\n<p>&nbsp;<\/p>\n<p><a title=\"Einteilung der Crew\" href=\"https:\/\/sy-bahati.de\/?page_id=507\">ZUR\u00dcCK<\/a><\/p>\n<p style=\"text-align: right;\">06.03.2014<\/p>\n","protected":false},"excerpt":{"rendered":"<p>Es gibt verschiedene Notf\u00e4lle an Bord. In einem solchen Fall sollte m\u00f6glichst alles schnell und reibungslos ablaufen. Das geht nur, wenn jeder wei\u00df, was er zu tun hat. Aus diesem Grund sollte jeder Skipper einen solchen Plan mit Rollenverteilung der &hellip; <a href=\"https:\/\/sy-bahati.de\/?page_id=603\">Weiterlesen <span class=\"meta-nav\">&rarr;<\/span><\/a><\/p>\n","protected":false},"author":1,"featured_media":0,"parent":507,"menu_order":0,"comment_status":"closed","ping_status":"closed","template":"sidebar-page.php","meta":{"_exactmetrics_skip_tracking":false,"_exactmetrics_sitenote_active":false,"_exactmetrics_sitenote_note":"","_exactmetrics_sitenote_category":0,"footnotes":""},"class_list":["post-603","page","type-page","status-publish","hentry"],"_links":{"self":[{"href":"https:\/\/sy-bahati.de\/index.php?rest_route=\/wp\/v2\/pages\/603","targetHints":{"allow":["GET"]}}],"collection":[{"href":"https:\/\/sy-bahati.de\/index.php?rest_route=\/wp\/v2\/pages"}],"about":[{"href":"https:\/\/sy-bahati.de\/index.php?rest_route=\/wp\/v2\/types\/page"}],"author":[{"embeddable":true,"href":"https:\/\/sy-bahati.de\/index.php?rest_route=\/wp\/v2\/users\/1"}],"replies":[{"embeddable":true,"href":"https:\/\/sy-bahati.de\/index.php?rest_route=%2Fwp%2Fv2%2Fcomments&post=603"}],"version-history":[{"count":4,"href":"https:\/\/sy-bahati.de\/index.php?rest_route=\/wp\/v2\/pages\/603\/revisions"}],"predecessor-version":[{"id":611,"href":"https:\/\/sy-bahati.de\/index.php?rest_route=\/wp\/v2\/pages\/603\/revisions\/611"}],"up":[{"embeddable":true,"href":"https:\/\/sy-bahati.de\/index.php?rest_route=\/wp\/v2\/pages\/507"}],"wp:attachment":[{"href":"https:\/\/sy-bahati.de\/index.php?rest_route=%2Fwp%2Fv2%2Fmedia&parent=603"}],"curies":[{"name":"wp","href":"https:\/\/api.w.org\/{rel}","templated":true}]}}