{"id":614,"date":"2014-03-07T11:47:45","date_gmt":"2014-03-07T11:47:45","guid":{"rendered":"http:\/\/sy-bahati.de\/?page_id=614"},"modified":"2014-10-23T13:36:39","modified_gmt":"2014-10-23T13:36:39","slug":"mob-manoever","status":"publish","type":"page","link":"https:\/\/sy-bahati.de\/?page_id=614","title":{"rendered":"MOB Man\u00f6ver"},"content":{"rendered":"<p>Es gibt einige &#8222;Mensch \u00fcber Bord&#8220;-Man\u00f6ver. Das klassische Man\u00f6ver ist die Q-Wende, welche zum Standardrepertoire eines jeden Seglers geh\u00f6rt, weil es auch in jeder Pr\u00fcfung gefahren werden muss. Es ist aber sicher nicht das bestm\u00f6gliche Man\u00f6ver. Welches das ist, ist umstritten und abh\u00e4ngig von der Situation und den Gegebenheiten.<\/p>\n<p>Unser Favorit ist das Man\u00f6ver mit Beidrehen oder auch das M\u00fcnchener Man\u00f6ver genannt. Es kann mit und ohne Motorunterst\u00fctzung gefahren werden. Wenn m\u00f6glich, sollte Motor immer\u00a0mit eingesetzt werden. Aber bitte am \u00dcberbordgefallenen den Motor in den\u00a0Leerlauf schalten.<img loading=\"lazy\" decoding=\"async\" class=\"aligncenter size-full wp-image-613\" src=\"https:\/\/sy-bahati.de\/wp-content\/uploads\/2014\/03\/MOB_Manoever_web.jpg\" alt=\"MOB_Manoever_web\" width=\"500\" height=\"394\" srcset=\"https:\/\/sy-bahati.de\/wp-content\/uploads\/2014\/03\/MOB_Manoever_web.jpg 500w, https:\/\/sy-bahati.de\/wp-content\/uploads\/2014\/03\/MOB_Manoever_web-300x236.jpg 300w, https:\/\/sy-bahati.de\/wp-content\/uploads\/2014\/03\/MOB_Manoever_web-380x300.jpg 380w\" sizes=\"auto, (max-width: 500px) 100vw, 500px\" \/><\/p>\n<p>Das Man\u00f6ver wird sehr eng gefahren, erfordert kaum Crew und endet im idealen Beiliegezustand.<br \/>\nJe nach Kurs wir neuer Kurs Halbwind angelegt und der Motor gestartet. Nach ca. 2 Schiffsl\u00e4ngen wird angeluvt und das Schiff durch den Wind gedreht. Das Vorsegel bleibt stehen und wird nicht anger\u00fchrt. Auch das Gro\u00df muss unter Umst\u00e4nden nur etwas dichter geholt werde, je nach zuletzt gefahrenen Kurs. Eine halbe Schiffsl\u00e4nge vor der Person im Wasser wird wieder hart angeluvt und danach das Gro\u00df ge\u00f6ffnet. So sollte das Boot in Luv der Person im Wasser beiliegen.<br \/>\nMan sieht, au\u00dfer Steuern und Ausguck ist fast nicht zu machen. Und man bleibt immer sehr nahe bei der verunfallten Person.<\/p>\n<p><a title=\"Einteilung der Crew\" href=\"https:\/\/sy-bahati.de\/?page_id=507\">ZUR\u00dcCK<\/a><\/p>\n<p style=\"text-align: right;\">07.03.2014<\/p>\n<p><a href=\"https:\/\/sy-bahati.de\/wp-content\/uploads\/2014\/03\/MOB_Manoever_web.jpg\">\u00a0<\/a><\/p>\n","protected":false},"excerpt":{"rendered":"<p>Es gibt einige &#8222;Mensch \u00fcber Bord&#8220;-Man\u00f6ver. Das klassische Man\u00f6ver ist die Q-Wende, welche zum Standardrepertoire eines jeden Seglers geh\u00f6rt, weil es auch in jeder Pr\u00fcfung gefahren werden muss. Es ist aber sicher nicht das bestm\u00f6gliche Man\u00f6ver. Welches das ist, ist &hellip; <a href=\"https:\/\/sy-bahati.de\/?page_id=614\">Weiterlesen <span class=\"meta-nav\">&rarr;<\/span><\/a><\/p>\n","protected":false},"author":1,"featured_media":0,"parent":507,"menu_order":0,"comment_status":"closed","ping_status":"closed","template":"sidebar-page.php","meta":{"_exactmetrics_skip_tracking":false,"_exactmetrics_sitenote_active":false,"_exactmetrics_sitenote_note":"","_exactmetrics_sitenote_category":0,"footnotes":""},"class_list":["post-614","page","type-page","status-publish","hentry"],"_links":{"self":[{"href":"https:\/\/sy-bahati.de\/index.php?rest_route=\/wp\/v2\/pages\/614","targetHints":{"allow":["GET"]}}],"collection":[{"href":"https:\/\/sy-bahati.de\/index.php?rest_route=\/wp\/v2\/pages"}],"about":[{"href":"https:\/\/sy-bahati.de\/index.php?rest_route=\/wp\/v2\/types\/page"}],"author":[{"embeddable":true,"href":"https:\/\/sy-bahati.de\/index.php?rest_route=\/wp\/v2\/users\/1"}],"replies":[{"embeddable":true,"href":"https:\/\/sy-bahati.de\/index.php?rest_route=%2Fwp%2Fv2%2Fcomments&post=614"}],"version-history":[{"count":3,"href":"https:\/\/sy-bahati.de\/index.php?rest_route=\/wp\/v2\/pages\/614\/revisions"}],"predecessor-version":[{"id":1386,"href":"https:\/\/sy-bahati.de\/index.php?rest_route=\/wp\/v2\/pages\/614\/revisions\/1386"}],"up":[{"embeddable":true,"href":"https:\/\/sy-bahati.de\/index.php?rest_route=\/wp\/v2\/pages\/507"}],"wp:attachment":[{"href":"https:\/\/sy-bahati.de\/index.php?rest_route=%2Fwp%2Fv2%2Fmedia&parent=614"}],"curies":[{"name":"wp","href":"https:\/\/api.w.org\/{rel}","templated":true}]}}