{"id":671,"date":"2014-04-21T14:58:56","date_gmt":"2014-04-21T14:58:56","guid":{"rendered":"http:\/\/sy-bahati.de\/?page_id=671"},"modified":"2014-04-28T16:28:53","modified_gmt":"2014-04-28T16:28:53","slug":"solarzellen","status":"publish","type":"page","link":"https:\/\/sy-bahati.de\/?page_id=671","title":{"rendered":"Solarzellen"},"content":{"rendered":"<p>Generell geht es um die Erzeugung von Strom auf Hoher See. Die Bahati ist bereits mit einem Windgenerator &#8222;Superwind 350&#8220; ausgestattet. Der Windgenerator erzeugt bei einem guten Wind auch einiges an Strom. Nur bl\u00e4st nicht immer der Wind und gerade bei achterlichem Wind subtrahiert sich der Wind\u00a0mit der Fahrt zu einem lauen L\u00fcftchen am Generator.<br \/>\nWelche M\u00f6glichkeiten der Stromerzeugung stehen noch zur Verf\u00fcgung? Ein Diesel- oder Benzin-Generator, ein Schleppgenerator oder Solarzellen.<br \/>\nDer Schleppgenerator erzielt bei 5 kn Fahrt ausgezeichnete Ergebnisse. Allerdings nur bei Fahrt. Wir wollen in der Karibik auch in den Buchten beim Ankern unabh\u00e4ngig sein. Au\u00dferdem ist ein solcher Generator noch relativ teuer.<br \/>\nDer Diesel- bzw. Benzingenerator ist wirklich nur abh\u00e4ngig vom Kraftstoff und \u00fcberall einsetzbar. Allerdings wollen wir nicht noch zus\u00e4tzlichen Kraftstoff mitf\u00fchren. Zur Not k\u00f6nnen wir auch unsere Maschine einsetzen. Also haben wir uns f\u00fcr\u00a0Solarzellen entschieden.<br \/>\nNat\u00fcrlich sind uns auch die Nachteile von Solarzellen bekannt. Wo k\u00f6nnen sie installiert werden? Wie sieht es mit der Abschattung aus? Wie h\u00e4ufig scheint die Sonne? Aber sie sind eine einmalige Anschaffung (hoffentlich) ohne Folgekosten. Zum Einsatz kommen jetzt Solarpanels von <a title=\"Sunware Maritime Solarpanels\" href=\"http:\/\/www.sunware.de\" target=\"_blank\">Sunware<\/a>. Ein Textilpanel mit 200 Wp und zwei festen Panels je 70 Wp. Zur <a title=\"Solarzelleninstallation\" href=\"https:\/\/sy-bahati.de\/?page_id=694\">Montage<\/a> der Panels gab es einige Alternativen.\u00a0Das Textilpanel ist jetzt abnehmbar auf der Sprayhood installiert und die beiden weiteren Module fest vor der Sprayhood auf dem Deck. Wir hoffen, dass die Abschattung durch den Baum nicht (erheblich) ins Gewicht f\u00e4llt. F\u00fcr die Dimensionierung haben wir einen durchschnittlichen <a title=\"Stromverbrauch\" href=\"https:\/\/sy-bahati.de\/?page_id=663\">Stromverbrauch<\/a> w\u00e4hrend der Atlantik\u00fcberquerung von ca. 140 Ah pro Tag ermittelt. Dem gegen\u00fcber steht eine durchschnittliche <a title=\"Stromerzeugung\" href=\"https:\/\/sy-bahati.de\/?page_id=680\">Stromerzeugung<\/a> von\u00a0100 Ah \u00fcber den Windgenerator und ca. 100 Ah \u00fcber die Solarpanels. Wenn dies ann\u00e4hernd so erreicht werden kann, was wir nicht glauben, dann sollten wir gen\u00fcgend Energie f\u00fcr eine entspannte und sichere \u00dcberfahrt zur Verf\u00fcgung haben.<\/p>\n<p><a title=\"Yacht Aufr\u00fcstung\" href=\"https:\/\/sy-bahati.de\/?page_id=111\">ZUR\u00dcCK<\/a><\/p>\n<p style=\"text-align: right;\">21.4.2014<\/p>\n","protected":false},"excerpt":{"rendered":"<p>Generell geht es um die Erzeugung von Strom auf Hoher See. Die Bahati ist bereits mit einem Windgenerator &#8222;Superwind 350&#8220; ausgestattet. Der Windgenerator erzeugt bei einem guten Wind auch einiges an Strom. Nur bl\u00e4st nicht immer der Wind und gerade &hellip; <a href=\"https:\/\/sy-bahati.de\/?page_id=671\">Weiterlesen <span class=\"meta-nav\">&rarr;<\/span><\/a><\/p>\n","protected":false},"author":1,"featured_media":0,"parent":111,"menu_order":0,"comment_status":"closed","ping_status":"closed","template":"sidebar-page.php","meta":{"_exactmetrics_skip_tracking":false,"_exactmetrics_sitenote_active":false,"_exactmetrics_sitenote_note":"","_exactmetrics_sitenote_category":0,"footnotes":""},"class_list":["post-671","page","type-page","status-publish","hentry"],"_links":{"self":[{"href":"https:\/\/sy-bahati.de\/index.php?rest_route=\/wp\/v2\/pages\/671","targetHints":{"allow":["GET"]}}],"collection":[{"href":"https:\/\/sy-bahati.de\/index.php?rest_route=\/wp\/v2\/pages"}],"about":[{"href":"https:\/\/sy-bahati.de\/index.php?rest_route=\/wp\/v2\/types\/page"}],"author":[{"embeddable":true,"href":"https:\/\/sy-bahati.de\/index.php?rest_route=\/wp\/v2\/users\/1"}],"replies":[{"embeddable":true,"href":"https:\/\/sy-bahati.de\/index.php?rest_route=%2Fwp%2Fv2%2Fcomments&post=671"}],"version-history":[{"count":10,"href":"https:\/\/sy-bahati.de\/index.php?rest_route=\/wp\/v2\/pages\/671\/revisions"}],"predecessor-version":[{"id":701,"href":"https:\/\/sy-bahati.de\/index.php?rest_route=\/wp\/v2\/pages\/671\/revisions\/701"}],"up":[{"embeddable":true,"href":"https:\/\/sy-bahati.de\/index.php?rest_route=\/wp\/v2\/pages\/111"}],"wp:attachment":[{"href":"https:\/\/sy-bahati.de\/index.php?rest_route=%2Fwp%2Fv2%2Fmedia&parent=671"}],"curies":[{"name":"wp","href":"https:\/\/api.w.org\/{rel}","templated":true}]}}