{"id":680,"date":"2014-04-21T15:46:08","date_gmt":"2014-04-21T15:46:08","guid":{"rendered":"http:\/\/sy-bahati.de\/?page_id=680"},"modified":"2014-04-21T15:46:08","modified_gmt":"2014-04-21T15:46:08","slug":"stromerzeugung","status":"publish","type":"page","link":"https:\/\/sy-bahati.de\/?page_id=680","title":{"rendered":"Stromerzeugung"},"content":{"rendered":"<p>Zur Ermittlung der Stromerzeugung m\u00fcssen Superwind und Solarpanels separat betrachtet werden.<\/p>\n<p>Der Superwind 350 hat eine Kennlinie f\u00fcr die Stromerzeugung im Verh\u00e4ltnis zum anliegenden Wind:<br \/>\n3 Beaufort =\u00a04 A<br \/>\n4\u00a0Beaufort = 5 A<br \/>\n5 Beaufort =\u00a08 A<br \/>\n6\u00a0Beaufort = 14 A<br \/>\n7\u00a0Beaufort = 25 A<br \/>\nGerade bei unseren erhofften\u00a0Passatwinden kommt der Wind achterlich und am Windgenerator liegt nur das Ergebnis aus wahrem Wind abz\u00fcglich Schiffsgeschwindigkeit an. Mit viel Gl\u00fcck sind dies im Durchschnitt 3 Bf. Das w\u00fcrde bedeuten, dass der Superwind 4 Ampere Strom im Durchschnitt erzeugen w\u00fcrde. Dies wiederum ergibt eine Tagesbilanz von 4 A x 24 h = <strong>96 Ah\/d.<\/strong><\/p>\n<p>F\u00fcr Solarpanels gilt in Nordeuropa eine Leistung von 4 x Leistungsspitzenwert des Panels pro Tag. Die Leistungsspitze wird in Wp (Watt-Peak)\u00a0angegeben. F\u00fcr unsere Module ergibt sich daraus:<\/p>\n<p>(200 Wp + 70 Wp + 70 Wp) x 4 = 1.360 W\/d (Watt pro Tag)<\/p>\n<p>Wir ben\u00f6tigen allerdings den Strom pro Tag. Der ergibt sich aus der Formel f\u00fcr die Leistung: Leistung = Strom x Spannung.<br \/>\nEntsprechend m\u00fcssen wir die Leistung durch unsere 12 Volt Spannung teilen um den Strom zu erhalten: 1.360\/12 = <strong>113,3 Ah\/d<br \/>\n<\/strong>F\u00fcr das Mittelmeer soll dieser Wert sogar um 50% h\u00f6her liegen und in den Tropen um 80%. Wegen m\u00f6glicher und teilweise unvermeidbarer\u00a0Abschattungen der Panels durch Baum und Segel wollen wir diese m\u00f6glichen Mehrertr\u00e4ge nicht ber\u00fccksichtigen. Trotzdem k\u00f6nnen wir demnach mit einer ausreichenden Stromerzeugung von <strong>200 Ah<\/strong> pro Tag rechnen.<\/p>\n<p><a title=\"Solarzellen\" href=\"https:\/\/sy-bahati.de\/?page_id=671\">ZUR\u00dcCK<\/a><\/p>\n<p style=\"text-align: right;\">21.04.2014<\/p>\n<p>&nbsp;<\/p>\n","protected":false},"excerpt":{"rendered":"<p>Zur Ermittlung der Stromerzeugung m\u00fcssen Superwind und Solarpanels separat betrachtet werden. Der Superwind 350 hat eine Kennlinie f\u00fcr die Stromerzeugung im Verh\u00e4ltnis zum anliegenden Wind: 3 Beaufort =\u00a04 A 4\u00a0Beaufort = 5 A 5 Beaufort =\u00a08 A 6\u00a0Beaufort = 14 &hellip; <a href=\"https:\/\/sy-bahati.de\/?page_id=680\">Weiterlesen <span class=\"meta-nav\">&rarr;<\/span><\/a><\/p>\n","protected":false},"author":1,"featured_media":0,"parent":671,"menu_order":0,"comment_status":"closed","ping_status":"closed","template":"sidebar-page.php","meta":{"_exactmetrics_skip_tracking":false,"_exactmetrics_sitenote_active":false,"_exactmetrics_sitenote_note":"","_exactmetrics_sitenote_category":0,"footnotes":""},"class_list":["post-680","page","type-page","status-publish","hentry"],"_links":{"self":[{"href":"https:\/\/sy-bahati.de\/index.php?rest_route=\/wp\/v2\/pages\/680","targetHints":{"allow":["GET"]}}],"collection":[{"href":"https:\/\/sy-bahati.de\/index.php?rest_route=\/wp\/v2\/pages"}],"about":[{"href":"https:\/\/sy-bahati.de\/index.php?rest_route=\/wp\/v2\/types\/page"}],"author":[{"embeddable":true,"href":"https:\/\/sy-bahati.de\/index.php?rest_route=\/wp\/v2\/users\/1"}],"replies":[{"embeddable":true,"href":"https:\/\/sy-bahati.de\/index.php?rest_route=%2Fwp%2Fv2%2Fcomments&post=680"}],"version-history":[{"count":1,"href":"https:\/\/sy-bahati.de\/index.php?rest_route=\/wp\/v2\/pages\/680\/revisions"}],"predecessor-version":[{"id":681,"href":"https:\/\/sy-bahati.de\/index.php?rest_route=\/wp\/v2\/pages\/680\/revisions\/681"}],"up":[{"embeddable":true,"href":"https:\/\/sy-bahati.de\/index.php?rest_route=\/wp\/v2\/pages\/671"}],"wp:attachment":[{"href":"https:\/\/sy-bahati.de\/index.php?rest_route=%2Fwp%2Fv2%2Fmedia&parent=680"}],"curies":[{"name":"wp","href":"https:\/\/api.w.org\/{rel}","templated":true}]}}