{"id":957,"date":"2014-06-18T10:07:05","date_gmt":"2014-06-18T10:07:05","guid":{"rendered":"http:\/\/sy-bahati.de\/?page_id=957"},"modified":"2014-06-18T10:07:05","modified_gmt":"2014-06-18T10:07:05","slug":"jersey-bis-la-coruna","status":"publish","type":"page","link":"https:\/\/sy-bahati.de\/?page_id=957","title":{"rendered":"Jersey bis La Coruna"},"content":{"rendered":"<p><a href=\"https:\/\/sy-bahati.de\/wp-content\/uploads\/2014\/06\/Etappe_3_kl.jpg\"><img loading=\"lazy\" decoding=\"async\" class=\"aligncenter size-full wp-image-956\" src=\"https:\/\/sy-bahati.de\/wp-content\/uploads\/2014\/06\/Etappe_3_kl.jpg\" alt=\"Etappe_3_kl\" width=\"840\" height=\"1000\" srcset=\"https:\/\/sy-bahati.de\/wp-content\/uploads\/2014\/06\/Etappe_3_kl.jpg 840w, https:\/\/sy-bahati.de\/wp-content\/uploads\/2014\/06\/Etappe_3_kl-252x300.jpg 252w\" sizes=\"auto, (max-width: 840px) 100vw, 840px\" \/><\/a><\/p>\n<p><strong>Die Biskayadurchquerung<\/strong><\/p>\n<p>Diese Etappe ist eine weitere neue Herausforderung. Die Biskaya ist wegen der h\u00e4ufig auftretenden schweren S\u00fcdwest-St\u00fcrme und der hohen Wellen ein gef\u00fcrchtetes Revier. Hervorgerufen werden diese St\u00fcrme durch Tiefdruckgebiete auf dem Nordatlantik. Aus diesem Grund wartet man mit der Abfahrt bis der Wind auf Nordwest dreht, also das Tiefdruckgebiet durchgezogen ist. Im Sommer kann davon ausgegangen werden, dass die Tiefdruckgebiete weiter n\u00f6rdlich durchziehen.<br \/>\nDie hohen Wellen entstehen dann durch das Aufeinandertreffen des tiefen Atlantiks (in der Skizze\u00a0Dunkelblau)\u00a0mit der flachen Nordsee (Hellblau). Die hohe Atlantikd\u00fcnung wird an der Kante stark abgebremst und t\u00fcrmt sich dort auf.<br \/>\nUm diese Situation m\u00f6glichst zu vermeiden, sollte die Reisezeit zwischen Mai bis Mitte August gew\u00e4hlt werden. In unserer Gesamtplanung war dies ein zentrales Kriterium.<\/p>\n<p><strong>25.6.2014 Mittwoch<\/strong><br \/>\nFlug nach Jersey. Einkaufen. Schiff klar machen.<\/p>\n<p><strong>26.6.2014 Donnerstag<\/strong><br \/>\nRestarbeiten, Segelausfl\u00fcge um Jersey<br \/>\nElisabeth Marina hat eine Schwelle, Aus- und Einlaufen HW +\/- 3h<br \/>\n1. HW Jersey 0636 (UT+1) lokaler Zeit<br \/>\n2. HW Jersey 1852 (UT+1) lokaler Zeit<br \/>\nAuslaufen bis 0936 lokaler Zeit, Einlaufen bis 2152 m\u00f6glich.<\/p>\n<p><strong>27.6.2014 Freitag<\/strong><br \/>\nFahrt nach Guernsey 27 Nm (5h)<br \/>\n1. HW Jersey 0718 (UT+1) lokaler Zeit<br \/>\nAbfahrt +\/- 3h HW, also\u00a0bis 1018 (UT+1) m\u00f6glich<br \/>\nHW Dover 1207 (UT+1), Strom mit bis HW Dover<br \/>\nDemnach Abfahrt m\u00f6glichst fr\u00fch (0800)<br \/>\n2. HW St. Peter Port 1958 (UT+1)<br \/>\nAnkunft ca. 1300 am &#8222;Waiting Pontoon&#8220; vor Victoria Marina<br \/>\nMarina hat eine Schwelle von 4,2m. Einfahrt f\u00fcr uns ab 6,2m Tide<br \/>\n2. LW 1,9m 2. HW 8,8m -&gt; 2:50h\u00a0+\/- HW. also ab 1708 UT+1<br \/>\nGgf. vorher Bucht s\u00fcdlich von St. Peter Port<\/p>\n<p><strong>28.6.2014 Samstag<\/strong><br \/>\nUdo Kauth kommt an Bord 1250 (UT+1)<br \/>\n2. HW Gernsey 2018 (UT+1)<br \/>\nAbfahrt ab 1728 (UT+1) entweder nach<br \/>\nFalmouth 113 Nm, ca. 23 h\u00a0oder<br \/>\nBrest 135 Nm, ca. 27 h, je nach Windvorhersage<\/p>\n<p><strong>29.6.2014 Sonntag (Falmouth)<\/strong><br \/>\nAnkunft Falmouth ca. 1700 (UT+1)<br \/>\nPort Pendennis oder Falmouth Marina, Ein- und Auslaufen ohne Einschr\u00e4nkung. In beiden H\u00e4fen ist eine Tankstelle.<br \/>\nDort voll tanken. Reichweite liegt bei ca. 420 Nm.<\/p>\n<p><strong>29.6.2014 Sonntag (Brest)<\/strong><br \/>\nAnkunft Brest ca. 2200 (MESZ)<br \/>\nMarina Du Chateu oder Port du Moulin\u00a0Blanc, Ein- und Auslaufen ohne Einschr\u00e4nkung. In beiden H\u00e4fen ist eine Tankstelle.<br \/>\nDort voll tanken. Reichweite liegt bei ca. 420 Nm.<\/p>\n<p>Die Abfahrt und Route nach La Coruna ist abh\u00e4ngig vom Wetterbericht. Es gibt jeweils 2 M\u00f6glichkeiten. Der \u00fcbliche und sichere Weg ist der weiteste. Von Falmouth geht es so weit Richtung Westen, bis der L\u00e4ngengrad von La Coruna (8\u00b0 22\u00b4 W) erreicht ist. Ab dort wird\u00a0Kurs\u00a0S\u00fcd\u00a0bis La Coruna (524 Nm = 4 Tage und 7 h) gesegelt. Bei aufkommenden schlechten Wetter ist so gen\u00fcgend Leeraum zum Abwettern vorhanden. \u00c4hnlich, aber nicht ganz so optimal ist die Westroute ab Brest (450 Nm = 3 Tage und 18 h).<br \/>\nBei einer sehr stabilen und guten Wetterlage kann auch die direkte Tour S\u00fcdwest ab Falmouth (434 Nm = 3 Tage und 15 h) oder ab Brest (350 Nm = 2 Tage und 22 h) gewagt werden.<\/p>\n<p>Ankunft La Coruna m\u00f6glichst bis zum Samstag, den 5.7.2014.<br \/>\nMarina Coruna, Ansteuerung von Norden bei starkem Nord- oder S\u00fcdwest problematisch. Westansteuerung ist die sichere Route, aber auch die der Gro\u00dfschifffahrt.\u00a0Die &#8222;Banco Yacentes&#8220; muss in beiden F\u00e4llen\u00a0gemieden werden.<br \/>\nDas Anlaufen des Hafens ist generell immer m\u00f6glich.<\/p>\n<p style=\"text-align: right;\">17.06.2014<\/p>\n<p><a title=\"Europa T\u00f6rnplanung\" href=\"https:\/\/sy-bahati.de\/?page_id=503\">ZUR\u00dcCK<\/a><\/p>\n","protected":false},"excerpt":{"rendered":"<p>Die Biskayadurchquerung Diese Etappe ist eine weitere neue Herausforderung. Die Biskaya ist wegen der h\u00e4ufig auftretenden schweren S\u00fcdwest-St\u00fcrme und der hohen Wellen ein gef\u00fcrchtetes Revier. Hervorgerufen werden diese St\u00fcrme durch Tiefdruckgebiete auf dem Nordatlantik. Aus diesem Grund wartet man mit &hellip; <a href=\"https:\/\/sy-bahati.de\/?page_id=957\">Weiterlesen <span class=\"meta-nav\">&rarr;<\/span><\/a><\/p>\n","protected":false},"author":1,"featured_media":0,"parent":503,"menu_order":0,"comment_status":"closed","ping_status":"closed","template":"sidebar-page.php","meta":{"_exactmetrics_skip_tracking":false,"_exactmetrics_sitenote_active":false,"_exactmetrics_sitenote_note":"","_exactmetrics_sitenote_category":0,"footnotes":""},"class_list":["post-957","page","type-page","status-publish","hentry"],"_links":{"self":[{"href":"https:\/\/sy-bahati.de\/index.php?rest_route=\/wp\/v2\/pages\/957","targetHints":{"allow":["GET"]}}],"collection":[{"href":"https:\/\/sy-bahati.de\/index.php?rest_route=\/wp\/v2\/pages"}],"about":[{"href":"https:\/\/sy-bahati.de\/index.php?rest_route=\/wp\/v2\/types\/page"}],"author":[{"embeddable":true,"href":"https:\/\/sy-bahati.de\/index.php?rest_route=\/wp\/v2\/users\/1"}],"replies":[{"embeddable":true,"href":"https:\/\/sy-bahati.de\/index.php?rest_route=%2Fwp%2Fv2%2Fcomments&post=957"}],"version-history":[{"count":16,"href":"https:\/\/sy-bahati.de\/index.php?rest_route=\/wp\/v2\/pages\/957\/revisions"}],"predecessor-version":[{"id":973,"href":"https:\/\/sy-bahati.de\/index.php?rest_route=\/wp\/v2\/pages\/957\/revisions\/973"}],"up":[{"embeddable":true,"href":"https:\/\/sy-bahati.de\/index.php?rest_route=\/wp\/v2\/pages\/503"}],"wp:attachment":[{"href":"https:\/\/sy-bahati.de\/index.php?rest_route=%2Fwp%2Fv2%2Fmedia&parent=957"}],"curies":[{"name":"wp","href":"https:\/\/api.w.org\/{rel}","templated":true}]}}