{"id":976,"date":"2014-06-23T14:21:45","date_gmt":"2014-06-23T14:21:45","guid":{"rendered":"http:\/\/sy-bahati.de\/?page_id=976"},"modified":"2014-06-24T10:32:54","modified_gmt":"2014-06-24T10:32:54","slug":"la-coruna-bis-porto","status":"publish","type":"page","link":"https:\/\/sy-bahati.de\/?page_id=976","title":{"rendered":"La Coruna bis Porto"},"content":{"rendered":"<p><a href=\"https:\/\/sy-bahati.de\/wp-content\/uploads\/2014\/06\/Etappe_4_kl.jpg\"><img loading=\"lazy\" decoding=\"async\" class=\"aligncenter size-full wp-image-987\" src=\"https:\/\/sy-bahati.de\/wp-content\/uploads\/2014\/06\/Etappe_4_kl.jpg\" alt=\"Etappe_4_kl\" width=\"823\" height=\"1000\" srcset=\"https:\/\/sy-bahati.de\/wp-content\/uploads\/2014\/06\/Etappe_4_kl.jpg 823w, https:\/\/sy-bahati.de\/wp-content\/uploads\/2014\/06\/Etappe_4_kl-246x300.jpg 246w\" sizes=\"auto, (max-width: 823px) 100vw, 823px\" \/><\/a><\/p>\n<p>Tag 1<br \/>\nLa Coruna \u2013 Ria de Corme y Laxe (33 Nm) (7h)<br \/>\n<strong><strong>Corme (Norden)<\/strong><\/strong> oder Laxe (S\u00fcden) Ankern vor oder im Hafen<br \/>\nAlternativen: alles nur Notl\u00f6sungen oder Zwischenstopps:<br \/>\nZwischenhalt Malpica (schlecht)<br \/>\nAnkerpl\u00e4tze<br \/>\n1. Caion: kleiner Hafen mit Schutzwall, nicht bei \u00f6stlichen Winden (1\/3)<br \/>\n2. Malpica: westlich des Strandes, Schutz nur bei S\u00fcdwind (2\/3)<br \/>\n3. Playa de Seaya: Schutz nur bei S\u00fcd- und Westwind (2\/3)<br \/>\n4. Islas Sisargas: Vogelschutzinsel, Engstelle, Schutz gegen Nordwind. Gef\u00e4hrliche Ansteuerung, speziell bei Ost- und Westwind. Starke Str\u00f6mung<br \/>\n5. Ensenada de Bazio: Bucht offen nach Nordwest. Grund Fels und Sand<\/p>\n<p>Tag 2<br \/>\nRia de Camarinas (20 Nm) (4h)<br \/>\n2 H\u00e4fen: <strong><strong>Camarinas (Norden) und Muxia (S\u00fcden)<\/strong><\/strong>. Sehr sch\u00f6ne Bucht. Offen nach Nordwest.<\/p>\n<p>Tag 3<br \/>\nFinisterre und Seno Corcubion (25 Nm) (5h)<br \/>\n1. Finisterre: Hafen voll mit Fischerbooten, klein, Ankern am Strand von Llagosteira.<br \/>\n2. <strong><strong>Ensenada del Sardineiro<\/strong><\/strong>: unber\u00fchrter Ankerplatz, Schutz von West \u00fcber Nord nach Ost.<br \/>\n3. Ria Corcubion: nach S\u00fcden offen und schmal. Nur bei guten Bedingungen<\/p>\n<p>Tag 4<br \/>\nRia de Muros (22 Nm) (4h)<br \/>\n1.<strong><strong> Portosin<\/strong><\/strong>: Hafen, Anmeldung erforderlich<br \/>\n2. Muros: kleiner Hafen, kein Platz, Ankerpl\u00e4tze<\/p>\n<p>Tag 5<br \/>\nRia de Arosa (26 Nm) (5h)<br \/>\n<strong><strong>Santa Uxia Riveira<\/strong><\/strong> (Ribeira): gute Marina, 5m Tiefe, bis 16 m Boote. Nordponton<br \/>\n4 weitere Marinas<\/p>\n<p>Tag 6<br \/>\nRia de Pontevedra (16 Nm) (3h)<br \/>\n<strong><strong>Sanxenxo<\/strong><\/strong>: Einfache Einfahrt, riesige moderne Marina.<\/p>\n<p>Tag 7<br \/>\nRia de Vigo (16 Nm) (3h)<br \/>\n<strong><strong>Cangas<\/strong><\/strong>: kleine, freundliche Marina an einer kleinen attraktiven Stadt<br \/>\nAlternativen: Moana<\/p>\n<p>Tag 8<br \/>\nRia de Vigo (12 Nm) (3h)<br \/>\n<strong><strong>Bayona:<\/strong><\/strong> Popul\u00e4rer gro\u00dfer Yachthafen<\/p>\n<p>Tag 9<br \/>\nPortugal <strong><strong>Viona da Castelo<\/strong><\/strong> (34 Nm) (7h)<br \/>\nMarina 1,5 Nm flu\u00dfaufw\u00e4rts, Fu\u00dfg\u00e4ngerschwingbr\u00fccke. 20 Gastliegepl\u00e4tze<\/p>\n<p>Tag 10<br \/>\n<strong><strong>Pavoa de Varzim<\/strong><\/strong> (21 Nm) (4h)<br \/>\nBei der Einfahrt die Wellenbrecherenden weit umfahren. Auch bei moderaten Verh\u00e4ltnissen bricht hier die D\u00fcnung. Marina bietet guten Schutz<\/p>\n<p>Tag 11<br \/>\n<strong><strong>Leixoes<\/strong><\/strong> (14 Nm) (3h)<br \/>\nMarina Porto Atlantico<br \/>\noder<br \/>\nPorto <strong><strong>Douro Marina<\/strong><\/strong> (17 Nm) (3h)<\/p>\n<p>2 Reservetage<\/p>\n<p style=\"text-align: right;\">23.6.2014<\/p>\n<p><a title=\"Europa T\u00f6rnplanung\" href=\"https:\/\/sy-bahati.de\/?page_id=503\">ZUR\u00dcCK<\/a><\/p>\n","protected":false},"excerpt":{"rendered":"<p>Tag 1 La Coruna \u2013 Ria de Corme y Laxe (33 Nm) (7h) Corme (Norden) oder Laxe (S\u00fcden) Ankern vor oder im Hafen Alternativen: alles nur Notl\u00f6sungen oder Zwischenstopps: Zwischenhalt Malpica (schlecht) Ankerpl\u00e4tze 1. Caion: kleiner Hafen mit Schutzwall, nicht &hellip; <a href=\"https:\/\/sy-bahati.de\/?page_id=976\">Weiterlesen <span class=\"meta-nav\">&rarr;<\/span><\/a><\/p>\n","protected":false},"author":1,"featured_media":0,"parent":503,"menu_order":0,"comment_status":"closed","ping_status":"closed","template":"sidebar-page.php","meta":{"_exactmetrics_skip_tracking":false,"_exactmetrics_sitenote_active":false,"_exactmetrics_sitenote_note":"","_exactmetrics_sitenote_category":0,"footnotes":""},"class_list":["post-976","page","type-page","status-publish","hentry"],"_links":{"self":[{"href":"https:\/\/sy-bahati.de\/index.php?rest_route=\/wp\/v2\/pages\/976","targetHints":{"allow":["GET"]}}],"collection":[{"href":"https:\/\/sy-bahati.de\/index.php?rest_route=\/wp\/v2\/pages"}],"about":[{"href":"https:\/\/sy-bahati.de\/index.php?rest_route=\/wp\/v2\/types\/page"}],"author":[{"embeddable":true,"href":"https:\/\/sy-bahati.de\/index.php?rest_route=\/wp\/v2\/users\/1"}],"replies":[{"embeddable":true,"href":"https:\/\/sy-bahati.de\/index.php?rest_route=%2Fwp%2Fv2%2Fcomments&post=976"}],"version-history":[{"count":4,"href":"https:\/\/sy-bahati.de\/index.php?rest_route=\/wp\/v2\/pages\/976\/revisions"}],"predecessor-version":[{"id":989,"href":"https:\/\/sy-bahati.de\/index.php?rest_route=\/wp\/v2\/pages\/976\/revisions\/989"}],"up":[{"embeddable":true,"href":"https:\/\/sy-bahati.de\/index.php?rest_route=\/wp\/v2\/pages\/503"}],"wp:attachment":[{"href":"https:\/\/sy-bahati.de\/index.php?rest_route=%2Fwp%2Fv2%2Fmedia&parent=976"}],"curies":[{"name":"wp","href":"https:\/\/api.w.org\/{rel}","templated":true}]}}