{"id":98,"date":"2014-01-29T08:59:39","date_gmt":"2014-01-29T08:59:39","guid":{"rendered":"http:\/\/sy-bahati.de\/?page_id=98"},"modified":"2014-03-06T08:46:40","modified_gmt":"2014-03-06T08:46:40","slug":"die-vorbereitung","status":"publish","type":"page","link":"https:\/\/sy-bahati.de\/?page_id=98","title":{"rendered":"Die Vorbereitung"},"content":{"rendered":"<p><a title=\"Yacht Aufr\u00fcstung\" href=\"https:\/\/sy-bahati.de\/?page_id=111\">AUFR\u00dcSTUNG<\/a>\u00a0\u00a0\u00a0\u00a0\u00a0 <a title=\"Trainings\" href=\"https:\/\/sy-bahati.de\/?page_id=100\">TRAININGS<\/a>\u00a0\u00a0\u00a0\u00a0<a title=\"Checks\" href=\"https:\/\/sy-bahati.de\/?page_id=535\">CHECKS<\/a>\u00a0\u00a0\u00a0 <a title=\"Organisation\" href=\"https:\/\/sy-bahati.de\/?page_id=236\">ORGANISATION<\/a><\/p>\n<p>Die Vorbereitung hat bestimmt schon im Jahr 2012 begonnen. Das Schiff muss entsprechend ausger\u00fcstet sein. Die Crew sollte eine vern\u00fcnftige Ausbildung vorweisen. Und es gibt viele Dinge zu organisieren.<\/p>\n<p>Um Risiken zu minimieren entschlossen wir uns, die Atlantik\u00fcberfahrt im Rahmen ARC zu wagen. Der Sicherheitscheck vor der Abfahrt gibt uns zus\u00e4tzliches Vertrauen\u00a0zu unserem Vorhaben.\u00a0Das Handbuch zur Regatta ist\u00a0eine gro\u00dfe Hilfe. Aber auch B\u00fccher oder Seminare zum Blauwassersegeln\u00a0von Bobby Schenk oder S\u00f6nke Roever gaben uns Ideen und Anregungen.<\/p>\n<p>Im Untermen\u00fc &#8222;Aufr\u00fcstung&#8220; geben wir eine genaue Liste der Nach- und Aufger\u00fcsteten Gegenst\u00e4nde an.\u00a0Unsere Fahrt ist dabei als <strong>Test<\/strong> zu sehen.\u00a0Alle Teile werden letztendlich von uns bewertet.<\/p>\n<p>Der Bereich &#8222;Trainings&#8220; erkl\u00e4rt sich von selbst. Unter &#8222;Checks&#8220; f\u00fchren wir die vor der Reise getroffenen \u00dcberpr\u00fcfungen und Wartungen auf.<\/p>\n<p>Der Unterpunkt &#8222;Organisation&#8220; betrifft die Reise- und T\u00f6rnplanung.\u00a0Von der Buchbestellung \u00fcber Gastlandflaggen zu den Flugbuchungen.<\/p>\n","protected":false},"excerpt":{"rendered":"<p>AUFR\u00dcSTUNG\u00a0\u00a0\u00a0\u00a0\u00a0 TRAININGS\u00a0\u00a0\u00a0\u00a0CHECKS\u00a0\u00a0\u00a0 ORGANISATION Die Vorbereitung hat bestimmt schon im Jahr 2012 begonnen. Das Schiff muss entsprechend ausger\u00fcstet sein. Die Crew sollte eine vern\u00fcnftige Ausbildung vorweisen. Und es gibt viele Dinge zu organisieren. Um Risiken zu minimieren entschlossen wir uns, die &hellip; <a href=\"https:\/\/sy-bahati.de\/?page_id=98\">Weiterlesen <span class=\"meta-nav\">&rarr;<\/span><\/a><\/p>\n","protected":false},"author":1,"featured_media":0,"parent":26,"menu_order":0,"comment_status":"closed","ping_status":"closed","template":"sidebar-page.php","meta":{"_exactmetrics_skip_tracking":false,"_exactmetrics_sitenote_active":false,"_exactmetrics_sitenote_note":"","_exactmetrics_sitenote_category":0,"footnotes":""},"class_list":["post-98","page","type-page","status-publish","hentry"],"_links":{"self":[{"href":"https:\/\/sy-bahati.de\/index.php?rest_route=\/wp\/v2\/pages\/98","targetHints":{"allow":["GET"]}}],"collection":[{"href":"https:\/\/sy-bahati.de\/index.php?rest_route=\/wp\/v2\/pages"}],"about":[{"href":"https:\/\/sy-bahati.de\/index.php?rest_route=\/wp\/v2\/types\/page"}],"author":[{"embeddable":true,"href":"https:\/\/sy-bahati.de\/index.php?rest_route=\/wp\/v2\/users\/1"}],"replies":[{"embeddable":true,"href":"https:\/\/sy-bahati.de\/index.php?rest_route=%2Fwp%2Fv2%2Fcomments&post=98"}],"version-history":[{"count":8,"href":"https:\/\/sy-bahati.de\/index.php?rest_route=\/wp\/v2\/pages\/98\/revisions"}],"predecessor-version":[{"id":566,"href":"https:\/\/sy-bahati.de\/index.php?rest_route=\/wp\/v2\/pages\/98\/revisions\/566"}],"up":[{"embeddable":true,"href":"https:\/\/sy-bahati.de\/index.php?rest_route=\/wp\/v2\/pages\/26"}],"wp:attachment":[{"href":"https:\/\/sy-bahati.de\/index.php?rest_route=%2Fwp%2Fv2%2Fmedia&parent=98"}],"curies":[{"name":"wp","href":"https:\/\/api.w.org\/{rel}","templated":true}]}}