{"id":981,"date":"2014-06-23T14:27:58","date_gmt":"2014-06-23T14:27:58","guid":{"rendered":"http:\/\/sy-bahati.de\/?page_id=981"},"modified":"2014-06-24T10:33:47","modified_gmt":"2014-06-24T10:33:47","slug":"porto-bis-lissabon","status":"publish","type":"page","link":"https:\/\/sy-bahati.de\/?page_id=981","title":{"rendered":"Porto bis Lissabon"},"content":{"rendered":"<p><a href=\"https:\/\/sy-bahati.de\/wp-content\/uploads\/2014\/06\/Etappe_5_kl.jpg\"><img loading=\"lazy\" decoding=\"async\" class=\"aligncenter size-full wp-image-988\" src=\"https:\/\/sy-bahati.de\/wp-content\/uploads\/2014\/06\/Etappe_5_kl.jpg\" alt=\"Etappe_5_kl\" width=\"736\" height=\"1000\" srcset=\"https:\/\/sy-bahati.de\/wp-content\/uploads\/2014\/06\/Etappe_5_kl.jpg 736w, https:\/\/sy-bahati.de\/wp-content\/uploads\/2014\/06\/Etappe_5_kl-220x300.jpg 220w\" sizes=\"auto, (max-width: 736px) 100vw, 736px\" \/><\/a><\/p>\n<p>Tag 1<br \/>\nPorto \u2013 Aveiro (35 Nm) (7h)<br \/>\nGuter Schutz, schwierige Zufahrt, bei auflandigem Wind fast unm\u00f6glich. 2 sehr kleine Marinas. Ankerplatz nahe hinter der Zufahrt, Sao Jacinto.<\/p>\n<p>Tag 2<br \/>\nFigueira da Foz (35 Nm) (7h)<br \/>\nSehr guter Schutz. Einfahrtsschwelle laut Karte 4,1 m, ist aber sehr unsicher. Bei Schwell gef\u00e4hrlich.<\/p>\n<p>Tag 3<br \/>\nNazare (38 Nm) (7h)<br \/>\nGuter Schutz, Einfahrt bei jedem Wetter m\u00f6glich<\/p>\n<p>Tag 4 Peniche (25 Nm) (5h)<br \/>\nGuter Schutz. Einfahrt bei jedem Wetter m\u00f6glich. Ungem\u00fctlich bei S\u00fcdwest-Wind.<\/p>\n<p>Tag 5<br \/>\nCascais (46 Nm) (9h)<br \/>\nGuter Schutz, weniger bei Ostwind. Einfahrt jederzeit.<\/p>\n<p>Tag 6<br \/>\nLisboa, Oeiras Marina (6 Nm) (1h)<br \/>\nDiscount f\u00fcr ARC: 50% bis max. 30 Tage<\/p>\n<p>Alternativ<br \/>\nTag 6<br \/>\nLisboa, Marina Parque das Nacoes (18 Nm) (4h)<br \/>\nfr\u00fcher Marina Expo. Discount f\u00fcr ARC: 20%<\/p>\n<p style=\"text-align: right;\">23.6.2014<\/p>\n<p><a title=\"Europa T\u00f6rnplanung\" href=\"https:\/\/sy-bahati.de\/?page_id=503\">ZUR\u00dcCK<\/a><\/p>\n","protected":false},"excerpt":{"rendered":"<p>Tag 1 Porto \u2013 Aveiro (35 Nm) (7h) Guter Schutz, schwierige Zufahrt, bei auflandigem Wind fast unm\u00f6glich. 2 sehr kleine Marinas. Ankerplatz nahe hinter der Zufahrt, Sao Jacinto. Tag 2 Figueira da Foz (35 Nm) (7h) Sehr guter Schutz. Einfahrtsschwelle &hellip; <a href=\"https:\/\/sy-bahati.de\/?page_id=981\">Weiterlesen <span class=\"meta-nav\">&rarr;<\/span><\/a><\/p>\n","protected":false},"author":1,"featured_media":0,"parent":503,"menu_order":0,"comment_status":"closed","ping_status":"closed","template":"sidebar-page.php","meta":{"_exactmetrics_skip_tracking":false,"_exactmetrics_sitenote_active":false,"_exactmetrics_sitenote_note":"","_exactmetrics_sitenote_category":0,"footnotes":""},"class_list":["post-981","page","type-page","status-publish","hentry"],"_links":{"self":[{"href":"https:\/\/sy-bahati.de\/index.php?rest_route=\/wp\/v2\/pages\/981","targetHints":{"allow":["GET"]}}],"collection":[{"href":"https:\/\/sy-bahati.de\/index.php?rest_route=\/wp\/v2\/pages"}],"about":[{"href":"https:\/\/sy-bahati.de\/index.php?rest_route=\/wp\/v2\/types\/page"}],"author":[{"embeddable":true,"href":"https:\/\/sy-bahati.de\/index.php?rest_route=\/wp\/v2\/users\/1"}],"replies":[{"embeddable":true,"href":"https:\/\/sy-bahati.de\/index.php?rest_route=%2Fwp%2Fv2%2Fcomments&post=981"}],"version-history":[{"count":3,"href":"https:\/\/sy-bahati.de\/index.php?rest_route=\/wp\/v2\/pages\/981\/revisions"}],"predecessor-version":[{"id":990,"href":"https:\/\/sy-bahati.de\/index.php?rest_route=\/wp\/v2\/pages\/981\/revisions\/990"}],"up":[{"embeddable":true,"href":"https:\/\/sy-bahati.de\/index.php?rest_route=\/wp\/v2\/pages\/503"}],"wp:attachment":[{"href":"https:\/\/sy-bahati.de\/index.php?rest_route=%2Fwp%2Fv2%2Fmedia&parent=981"}],"curies":[{"name":"wp","href":"https:\/\/api.w.org\/{rel}","templated":true}]}}